{"id":1440,"date":"2017-07-19T11:16:12","date_gmt":"2017-07-19T11:16:12","guid":{"rendered":"https:\/\/xenum.com\/?page_id=1440"},"modified":"2022-04-05T17:06:18","modified_gmt":"2022-04-05T16:06:18","slug":"vrx-500","status":"publish","type":"page","link":"https:\/\/xenum.com\/es\/inicio\/productos\/aditivos\/aceite-de-motor\/vrx-500\/","title":{"rendered":"VRX 500"},"content":{"rendered":"<p>VRX500 (antes VX 500) es un aditivo cer\u00e1mico de \u00faltima generaci\u00f3n. Destacan sus capacidades lubricantes y de mejora de rendimiento del motor.<\/p>\n<p>VRX500 supera a los productos existentes debido a una tecnolog\u00eda que emplea la sinergia de dos componentes:<\/p>\n<ul>\n<li>Micro-part\u00edculas cer\u00e1micas: las micro-part\u00edculas cer\u00e1micas son poderosos lubricantes s\u00f3lidos que disminuyen el coeficiente de fricci\u00f3n y resisten las temperaturas m\u00e1s elevadas. Debido a su tama\u00f1o nano-milim\u00e9trico, son absolutamente seguras para los filtros de aceite.<\/li>\n<li>Aceites sint\u00e9ticos \u00e9ster polarizados: las micro-part\u00edculas cer\u00e1micas se dispersan en un aceite muy especial base \u00e9ster.<\/li>\n<\/ul>\n<p>Juntos, garantizan una pel\u00edcula protectora de extrema resistencia que reduce de forma muy importante la fricci\u00f3n y el desgaste. Esta pel\u00edcula permanece en las partes internas del motor, asegurando una protecci\u00f3n \u00f3ptima incluso durante el arranque en fr\u00edo, alargando la vida del motor.<\/p>\n<h2><strong>Caracter\u00edsticas<\/strong><\/h2>\n<ul>\n<li>Incremento de la potencia del motor.<\/li>\n<li>Incrementa la fiabilidad del motor.<\/li>\n<li>Mejora la econom\u00eda de combustible.<\/li>\n<li>Reduce los ruidos del motor.<\/li>\n<li>Reduce el consumo de aceite.<\/li>\n<li>Compatible con todo tipo de aceites de motor.<\/li>\n<li>Reduce las emisiones de CO2.<\/li>\n<li>Tecnolog\u00eda ZERO SAPS: preserva el filtro antipart\u00edculas (FAP).<\/li>\n<\/ul>\n<h2><strong>Aplicaciones<\/strong><\/h2>\n<p>Para todo tipo de motores, diesel y gasolina. Adecuado para coches, camiones, motos y barcos, as\u00ed como motores industriales.<\/p>\n<h3><strong>Disponible en<\/strong><\/h3>\n<ul>\n<li>375 ML CAN - REF. 3017351<\/li>\n<li>1 L BOTTLE - REF. 3284001<\/li>\n<\/ul>\n","protected":false},"excerpt":{"rendered":"<p>VRX500 (antes VX 500) es un aditivo cer\u00e1mico de \u00faltima generaci\u00f3n. Destacan sus capacidades lubricantes y de mejora de rendimiento del motor. VRX500 supera a los productos existentes debido a una tecnolog\u00eda que emplea la sinergia de dos componentes: Micro-part\u00edculas cer\u00e1micas: las micro-part\u00edculas cer\u00e1micas son poderosos lubricantes s\u00f3lidos que disminuyen el coeficiente de fricci\u00f3n y [&hellip;]<\/p>\n","protected":false},"author":1,"featured_media":3474,"parent":891,"menu_order":0,"comment_status":"closed","ping_status":"closed","template":"product-page.php","meta":{"_acf_changed":false,"inline_featured_image":false,"footnotes":""},"class_list":["post-1440","page","type-page","status-publish","has-post-thumbnail","hentry"],"acf":[],"_links":{"self":[{"href":"https:\/\/xenum.com\/es\/wp-json\/wp\/v2\/pages\/1440","targetHints":{"allow":["GET"]}}],"collection":[{"href":"https:\/\/xenum.com\/es\/wp-json\/wp\/v2\/pages"}],"about":[{"href":"https:\/\/xenum.com\/es\/wp-json\/wp\/v2\/types\/page"}],"author":[{"embeddable":true,"href":"https:\/\/xenum.com\/es\/wp-json\/wp\/v2\/users\/1"}],"replies":[{"embeddable":true,"href":"https:\/\/xenum.com\/es\/wp-json\/wp\/v2\/comments?post=1440"}],"version-history":[{"count":11,"href":"https:\/\/xenum.com\/es\/wp-json\/wp\/v2\/pages\/1440\/revisions"}],"predecessor-version":[{"id":17588,"href":"https:\/\/xenum.com\/es\/wp-json\/wp\/v2\/pages\/1440\/revisions\/17588"}],"up":[{"embeddable":true,"href":"https:\/\/xenum.com\/es\/wp-json\/wp\/v2\/pages\/891"}],"wp:featuredmedia":[{"embeddable":true,"href":"https:\/\/xenum.com\/es\/wp-json\/wp\/v2\/media\/3474"}],"wp:attachment":[{"href":"https:\/\/xenum.com\/es\/wp-json\/wp\/v2\/media?parent=1440"}],"curies":[{"name":"wp","href":"https:\/\/api.w.org\/{rel}","templated":true}]}}