{"id":1422,"date":"2017-07-19T09:52:32","date_gmt":"2017-07-19T09:52:32","guid":{"rendered":"https:\/\/xenum.com\/?page_id=1422"},"modified":"2019-01-17T16:54:32","modified_gmt":"2019-01-17T16:54:32","slug":"x-brake-dot-4","status":"publish","type":"page","link":"https:\/\/xenum.com\/es\/inicio\/productos\/aceites\/otros\/x-brake-dot-4\/","title":{"rendered":"X-BRAKE DOT 4"},"content":{"rendered":"<p>X-Brake DOT 4 es un fluido para freno de calidad premium, un fino aceite sint\u00e9tico. Especialmente desarrollado para la nueva generaci\u00f3n de coches con sistemas de seguridad electr\u00f3nicos como ABS, ASR, ESP, EBD, BAS y todas sus variantes.<\/p>\n<h2><strong>Caracter\u00edsticas<\/strong><\/h2>\n<ul>\n<li>Elevado punto de ebullici\u00f3n<\/li>\n<li>Compatibilidad muy buena con juntas y sellos.<\/li>\n<li>Tendencia a la corrosi\u00f3n m\u00ednima.<\/li>\n<li>Viscosidad muy baja, incluso en temperaturas muy bajas.<\/li>\n<li>Buena resistencia al envejecimiento.<\/li>\n<\/ul>\n<h2><strong>Especificaciones<\/strong><\/h2>\n<ul>\n<li>SAE J1703<\/li>\n<li>FMVSS 116 DOT 4<\/li>\n<li>ISO 4925<\/li>\n<\/ul>\n<h3><strong>Disponible en<\/strong><\/h3>\n<p>500 ML \u2013 REF. 1358500<\/p>\n","protected":false},"excerpt":{"rendered":"<p>X-Brake DOT 4 es un fluido para freno de calidad premium, un fino aceite sint\u00e9tico. Especialmente desarrollado para la nueva generaci\u00f3n de coches con sistemas de seguridad electr\u00f3nicos como ABS, ASR, ESP, EBD, BAS y todas sus variantes. Caracter\u00edsticas Elevado punto de ebullici\u00f3n Compatibilidad muy buena con juntas y sellos. Tendencia a la corrosi\u00f3n m\u00ednima. [&hellip;]<\/p>\n","protected":false},"author":1,"featured_media":533,"parent":806,"menu_order":0,"comment_status":"closed","ping_status":"closed","template":"product-page.php","meta":{"_acf_changed":false,"inline_featured_image":false,"footnotes":""},"class_list":["post-1422","page","type-page","status-publish","has-post-thumbnail","hentry"],"acf":[],"_links":{"self":[{"href":"https:\/\/xenum.com\/es\/wp-json\/wp\/v2\/pages\/1422","targetHints":{"allow":["GET"]}}],"collection":[{"href":"https:\/\/xenum.com\/es\/wp-json\/wp\/v2\/pages"}],"about":[{"href":"https:\/\/xenum.com\/es\/wp-json\/wp\/v2\/types\/page"}],"author":[{"embeddable":true,"href":"https:\/\/xenum.com\/es\/wp-json\/wp\/v2\/users\/1"}],"replies":[{"embeddable":true,"href":"https:\/\/xenum.com\/es\/wp-json\/wp\/v2\/comments?post=1422"}],"version-history":[{"count":6,"href":"https:\/\/xenum.com\/es\/wp-json\/wp\/v2\/pages\/1422\/revisions"}],"predecessor-version":[{"id":8504,"href":"https:\/\/xenum.com\/es\/wp-json\/wp\/v2\/pages\/1422\/revisions\/8504"}],"up":[{"embeddable":true,"href":"https:\/\/xenum.com\/es\/wp-json\/wp\/v2\/pages\/806"}],"wp:featuredmedia":[{"embeddable":true,"href":"https:\/\/xenum.com\/es\/wp-json\/wp\/v2\/media\/533"}],"wp:attachment":[{"href":"https:\/\/xenum.com\/es\/wp-json\/wp\/v2\/media?parent=1422"}],"curies":[{"name":"wp","href":"https:\/\/api.w.org\/{rel}","templated":true}]}}