{"id":11194,"date":"2021-09-23T14:43:34","date_gmt":"2021-09-23T14:43:34","guid":{"rendered":"https:\/\/xenum.com\/?page_id=11194"},"modified":"2023-05-16T14:54:57","modified_gmt":"2023-05-16T13:54:57","slug":"x-tran-75w80-gl5","status":"publish","type":"page","link":"https:\/\/xenum.com\/es\/inicio\/productos\/aceites\/transmision\/manual\/x-tran-75w80-gl5\/","title":{"rendered":"X-TRAN 75W80 GL5"},"content":{"rendered":"<p>Aceite lubricante mineral para transmisiones manuales, compuesto por aceites base refinados con disolventes de alta calidad y aceites base sint\u00e9ticos, a los que se a\u00f1aden aditivos especiales EP.<\/p>\n<h2><strong>PROPIEDADES<\/strong><\/h2>\n<ul>\n<li>Excelente resistencia a la oxidaci\u00f3n<\/li>\n<li>Muy buenas propiedades antidesgaste, anticorrosi\u00f3n y antiespumantes<\/li>\n<li>Bajo punto de fluidez<\/li>\n<li>Muy buenas caracter\u00edsticas EP<\/li>\n<li>Ahorro de combustible<\/li>\n<\/ul>\n<h2><strong>APLICACI\u00d3N<\/strong><\/h2>\n<p>Este aceite de transmisi\u00f3n se utiliza en transmisiones manuales sometidas a grandes cargas en ejes traseros, cajas de cambio y en todas las transmisiones en las que se recomiendan aceites dopados con un aditivo EP.<\/p>\n<h3><strong>ESPECIFICACIONES<\/strong><\/h3>\n<ul>\n<li>API GL5<\/li>\n<li>ZF TE-ML: 02B, 05B, 07A, 17B, 19C, 21B<\/li>\n<li>VOITH 3.325-340<\/li>\n<li>MB: 235.11<\/li>\n<li>MACK:GO-J<\/li>\n<li>MAN: 341 Z2, 341 E3, 342 M3<\/li>\n<li>FIAT DUCATO<\/li>\n<li>ROVER<\/li>\n<\/ul>\n<h3><strong>EMBALAJE<\/strong><\/h3>\n<p>12X1L, 4X4L, 4X5L, 20L, 60L, 208L<\/p>\n","protected":false},"excerpt":{"rendered":"<p>Aceite lubricante mineral para transmisiones manuales, compuesto por aceites base refinados con disolventes de alta calidad y aceites base sint\u00e9ticos, a los que se a\u00f1aden aditivos especiales EP. PROPIEDADES Excelente resistencia a la oxidaci\u00f3n Muy buenas propiedades antidesgaste, anticorrosi\u00f3n y antiespumantes Bajo punto de fluidez Muy buenas caracter\u00edsticas EP Ahorro de combustible APLICACI\u00d3N Este aceite [&hellip;]<\/p>\n","protected":false},"author":1,"featured_media":998,"parent":749,"menu_order":7,"comment_status":"closed","ping_status":"closed","template":"product-page.php","meta":{"_acf_changed":false,"inline_featured_image":false,"footnotes":""},"class_list":["post-11194","page","type-page","status-publish","has-post-thumbnail","hentry"],"acf":[],"_links":{"self":[{"href":"https:\/\/xenum.com\/es\/wp-json\/wp\/v2\/pages\/11194","targetHints":{"allow":["GET"]}}],"collection":[{"href":"https:\/\/xenum.com\/es\/wp-json\/wp\/v2\/pages"}],"about":[{"href":"https:\/\/xenum.com\/es\/wp-json\/wp\/v2\/types\/page"}],"author":[{"embeddable":true,"href":"https:\/\/xenum.com\/es\/wp-json\/wp\/v2\/users\/1"}],"replies":[{"embeddable":true,"href":"https:\/\/xenum.com\/es\/wp-json\/wp\/v2\/comments?post=11194"}],"version-history":[{"count":3,"href":"https:\/\/xenum.com\/es\/wp-json\/wp\/v2\/pages\/11194\/revisions"}],"predecessor-version":[{"id":22041,"href":"https:\/\/xenum.com\/es\/wp-json\/wp\/v2\/pages\/11194\/revisions\/22041"}],"up":[{"embeddable":true,"href":"https:\/\/xenum.com\/es\/wp-json\/wp\/v2\/pages\/749"}],"wp:featuredmedia":[{"embeddable":true,"href":"https:\/\/xenum.com\/es\/wp-json\/wp\/v2\/media\/998"}],"wp:attachment":[{"href":"https:\/\/xenum.com\/es\/wp-json\/wp\/v2\/media?parent=11194"}],"curies":[{"name":"wp","href":"https:\/\/api.w.org\/{rel}","templated":true}]}}