{"id":11169,"date":"2021-09-23T13:05:18","date_gmt":"2021-09-23T13:05:18","guid":{"rendered":"https:\/\/xenum.com\/?page_id=11169"},"modified":"2023-05-16T14:06:25","modified_gmt":"2023-05-16T13:06:25","slug":"x-tran-75w80-gl4-5","status":"publish","type":"page","link":"https:\/\/xenum.com\/es\/inicio\/productos\/aceites\/transmision\/manual\/x-tran-75w80-gl4-5\/","title":{"rendered":"X-TRAN 75W80 GL4"},"content":{"rendered":"<p>Se trata de un aceite de transmisi\u00f3n de alta calidad, adecuado para casi todas las cajas de cambios manuales de los turismos. Es especialmente adecuado como sustituto de los aceites originales espec\u00edficos de los fabricantes de equipos originales y reduce la complejidad y el almacenamiento de los aceites para cajas de cambios. Probado en condiciones estrictas, este aceite satisface los requisitos generales de rendimiento de la mayor\u00eda de los fabricantes y modelos de autom\u00f3viles, en todas las condiciones clim\u00e1ticas.<\/p>\n<h2>PROPIEDADES<\/h2>\n<ul>\n<li>Excelente actividad contra la carga de alta temperatura<\/li>\n<li>Muy buena actividad contra el desgaste, la corrosi\u00f3n y la espuma<\/li>\n<li>Bajo punto de fluidez<\/li>\n<li>Propiedades muy especiales de extrema presi\u00f3n<\/li>\n<li>Ampliamente utilizable<\/li>\n<\/ul>\n<h2><strong>APLICACI\u00d3N<\/strong><\/h2>\n<p>Probado en condiciones estrictas, este aceite cumple los requisitos generales de rendimiento de la mayor\u00eda de las marcas y modelos en todas las condiciones meteorol\u00f3gicas.<\/p>\n<h3><strong>ESPECIFICACIONES<\/strong><\/h3>\n<ul>\n<li>API: GL-4<\/li>\n<li>BMW MTF LT-2 \/ LT-3 \/ LT-4<\/li>\n<li>FIAT: MZ1 \/ MZ6 \/ MZ7<\/li>\n<li>FORD: WSD-M2C200-C<\/li>\n<li>FORD: WSD-M2C200-D2<\/li>\n<li>FORD: ESD-M2C186-A<\/li>\n<li>GM: GMW16612 \/ 1940004 \/ 19259104<\/li>\n<li>GM: 1940182 \/ 1940764 \/ 1940768<\/li>\n<li>HONDA: MTF \/ MTF-II \/ MTF-III<\/li>\n<li>MB: 235.10<\/li>\n<li>NISSAN: MT-XZ \/ MT-XZ TL (JR Type)<\/li>\n<li>PSA: B71 2330, Special gear oil<\/li>\n<li>MTF 94<\/li>\n<li>Tranself NFJ \/ NFP \/ TRJ \/ TRP \/ TRT \/ TRX \/ TRZ<\/li>\n<li>VOLVO: 97308 \/ 97309<\/li>\n<li>VW G 009 317 \/ G 052 171 \/ G 052 178<\/li>\n<li>VW G 052 512 \/ G 055 512 \/ G 052 527 \/ G 052 726<\/li>\n<li>VW G 060 726 \/ G 070 726 \/ G 50<\/li>\n<\/ul>\n<h3><strong>EMBALAJE<\/strong><\/h3>\n<div id=\"the-product-details\" class=\"ct-div-block\">\n<div id=\"text_block-25-15726\" class=\"ct-text-block\">\n<div class=\"page\" title=\"Page 1\">\n<div class=\"section\">\n<div class=\"layoutArea\">\n<div class=\"column\">\n<p>12X1L, 4X4L, 4X5L, 20L, 60L, 208L<\/p>\n<\/div>\n<\/div>\n<\/div>\n<\/div>\n<\/div>\n<\/div>\n","protected":false},"excerpt":{"rendered":"<p>Se trata de un aceite de transmisi\u00f3n de alta calidad, adecuado para casi todas las cajas de cambios manuales de los turismos. Es especialmente adecuado como sustituto de los aceites originales espec\u00edficos de los fabricantes de equipos originales y reduce la complejidad y el almacenamiento de los aceites para cajas de cambios. Probado en condiciones [&hellip;]<\/p>\n","protected":false},"author":1,"featured_media":19758,"parent":749,"menu_order":6,"comment_status":"closed","ping_status":"closed","template":"product-page.php","meta":{"_acf_changed":false,"inline_featured_image":false,"footnotes":""},"class_list":["post-11169","page","type-page","status-publish","has-post-thumbnail","hentry"],"acf":[],"_links":{"self":[{"href":"https:\/\/xenum.com\/es\/wp-json\/wp\/v2\/pages\/11169","targetHints":{"allow":["GET"]}}],"collection":[{"href":"https:\/\/xenum.com\/es\/wp-json\/wp\/v2\/pages"}],"about":[{"href":"https:\/\/xenum.com\/es\/wp-json\/wp\/v2\/types\/page"}],"author":[{"embeddable":true,"href":"https:\/\/xenum.com\/es\/wp-json\/wp\/v2\/users\/1"}],"replies":[{"embeddable":true,"href":"https:\/\/xenum.com\/es\/wp-json\/wp\/v2\/comments?post=11169"}],"version-history":[{"count":4,"href":"https:\/\/xenum.com\/es\/wp-json\/wp\/v2\/pages\/11169\/revisions"}],"predecessor-version":[{"id":22025,"href":"https:\/\/xenum.com\/es\/wp-json\/wp\/v2\/pages\/11169\/revisions\/22025"}],"up":[{"embeddable":true,"href":"https:\/\/xenum.com\/es\/wp-json\/wp\/v2\/pages\/749"}],"wp:featuredmedia":[{"embeddable":true,"href":"https:\/\/xenum.com\/es\/wp-json\/wp\/v2\/media\/19758"}],"wp:attachment":[{"href":"https:\/\/xenum.com\/es\/wp-json\/wp\/v2\/media?parent=11169"}],"curies":[{"name":"wp","href":"https:\/\/api.w.org\/{rel}","templated":true}]}}