{"id":11112,"date":"2021-09-17T08:35:21","date_gmt":"2021-09-17T08:35:21","guid":{"rendered":"https:\/\/xenum.com\/?page_id=11112"},"modified":"2021-09-17T08:35:21","modified_gmt":"2021-09-17T08:35:21","slug":"electronics-pro","status":"publish","type":"page","link":"https:\/\/xenum.com\/es\/inicio\/productos\/mantenimiento\/otros\/electronics-pro\/","title":{"rendered":"Electronics pro"},"content":{"rendered":"<h3>DESCRIPCI\u00d3N<\/h3>\n<p>Electronics pro limpia, protege, conserva, lubrica, desplaza la humedad y evita la corrosi\u00f3n. Este spray tambi\u00e9n crea una capa protectora.<\/p>\n<h3>VENTAJAS B\u00c1SICAS<\/h3>\n<ul>\n<li>Alcalino.<\/li>\n<li>Elimina el agua de los cables y las conexiones.<\/li>\n<li>Forma una pel\u00edcula protectora.<\/li>\n<\/ul>\n<h3>APLICACIONES<\/h3>\n<p>Electronics pro est\u00e1 formulado espec\u00edficamente para la industria electr\u00f3nica. Limpia y preserva los conectores el\u00e9ctricos y las piezas met\u00e1licas. Desplaza la humedad y proporciona protecci\u00f3n contra la corrosi\u00f3n.<\/p>\n<h3>ENVASE<\/h3>\n<p>12x400ml: Ref. 4304400<\/p>\n","protected":false},"excerpt":{"rendered":"<p>DESCRIPCI\u00d3N Electronics pro limpia, protege, conserva, lubrica, desplaza la humedad y evita la corrosi\u00f3n. Este spray tambi\u00e9n crea una capa protectora. VENTAJAS B\u00c1SICAS Alcalino. Elimina el agua de los cables y las conexiones. Forma una pel\u00edcula protectora. APLICACIONES Electronics pro est\u00e1 formulado espec\u00edficamente para la industria electr\u00f3nica. Limpia y preserva los conectores el\u00e9ctricos y las [&hellip;]<\/p>\n","protected":false},"author":1,"featured_media":11110,"parent":2416,"menu_order":0,"comment_status":"closed","ping_status":"closed","template":"product-page.php","meta":{"_acf_changed":false,"inline_featured_image":false,"footnotes":""},"class_list":["post-11112","page","type-page","status-publish","has-post-thumbnail","hentry"],"acf":[],"_links":{"self":[{"href":"https:\/\/xenum.com\/es\/wp-json\/wp\/v2\/pages\/11112","targetHints":{"allow":["GET"]}}],"collection":[{"href":"https:\/\/xenum.com\/es\/wp-json\/wp\/v2\/pages"}],"about":[{"href":"https:\/\/xenum.com\/es\/wp-json\/wp\/v2\/types\/page"}],"author":[{"embeddable":true,"href":"https:\/\/xenum.com\/es\/wp-json\/wp\/v2\/users\/1"}],"replies":[{"embeddable":true,"href":"https:\/\/xenum.com\/es\/wp-json\/wp\/v2\/comments?post=11112"}],"version-history":[{"count":1,"href":"https:\/\/xenum.com\/es\/wp-json\/wp\/v2\/pages\/11112\/revisions"}],"predecessor-version":[{"id":11113,"href":"https:\/\/xenum.com\/es\/wp-json\/wp\/v2\/pages\/11112\/revisions\/11113"}],"up":[{"embeddable":true,"href":"https:\/\/xenum.com\/es\/wp-json\/wp\/v2\/pages\/2416"}],"wp:featuredmedia":[{"embeddable":true,"href":"https:\/\/xenum.com\/es\/wp-json\/wp\/v2\/media\/11110"}],"wp:attachment":[{"href":"https:\/\/xenum.com\/es\/wp-json\/wp\/v2\/media?parent=11112"}],"curies":[{"name":"wp","href":"https:\/\/api.w.org\/{rel}","templated":true}]}}