{"id":11003,"date":"2021-09-10T09:09:21","date_gmt":"2021-09-10T09:09:21","guid":{"rendered":"https:\/\/xenum.com\/?page_id=11003"},"modified":"2023-10-03T09:40:03","modified_gmt":"2023-10-03T08:40:03","slug":"diesel-power-20w50-e7","status":"publish","type":"page","link":"https:\/\/xenum.com\/es\/inicio\/productos\/aceites\/de-uso-intensivo\/diesel-power-20w50-e7\/","title":{"rendered":"DIESEL POWER 20W50 E7"},"content":{"rendered":"<h2>DESCRIPCI\u00d3N<\/h2>\n<p>Este moderno aceite de motor de aplicaci\u00f3n universal se produce con aceites base refinados con disolventes de alta calidad y una selecci\u00f3n bien equilibrada de aditivos.<\/p>\n<h2>PROPIEDADES<\/h2>\n<ul>\n<li>Muy buena detergencia que evita los dep\u00f3sitos en el motor<\/li>\n<li>Muy buena dispersi\u00f3n que evita la precipitaci\u00f3n y los lodos<\/li>\n<li>Potente acci\u00f3n contra la corrosi\u00f3n y la espuma<\/li>\n<li>\u00cdndice de viscosidad alto y estable<\/li>\n<li>Bajo contenido en cenizas sulfatadas<\/li>\n<li>Potente actividad contra el desgaste que se traduce en una fuerte reducci\u00f3n del desgaste de los anillos de pist\u00f3n y de las camisas de los cilindros<\/li>\n<\/ul>\n<h2>APLICACI\u00d3N<\/h2>\n<p>Este aceite de motor universal es adecuado para la lubricaci\u00f3n de motores de gasolina y di\u00e9sel, con o sin turbocompresor, en condiciones de funcionamiento intenso y durante todo el a\u00f1o. Este aceite es excelente para flotas mixtas y puede aplicarse, por ejemplo, en motores Euro 3 y Euro 4. Debido a su composici\u00f3n especial, este aceite de motor permite intervalos de cambio m\u00e1s largos.<\/p>\n<h3><strong>ESPECIFICACIONES<\/strong><\/h3>\n<ul>\n<li>ACEA A3\/B4\/E7<\/li>\n<li>API CI-4\/SL<\/li>\n<li>ALLISON C4<\/li>\n<li>CATERPILLAR ECF-1a\/2<\/li>\n<li>CUMMINS CES 20076\/20077\/20078<\/li>\n<li>DETROIT DIESEL 93K215<\/li>\n<li>DEUTZ DQC-III-18<\/li>\n<li>DTFR15B110<\/li>\n<li>GLOBAL DHD-1<\/li>\n<li>JASO DH-1<\/li>\n<li>MACK EO-M PLUS\/EO-N<\/li>\n<li>MAN M3275-1<\/li>\n<li>MB 228.3\/229.1<\/li>\n<li>MTU\u00a0TYPE 2<\/li>\n<li>RENAULT RLD\/RLD-2<\/li>\n<li>VOLVO VDS-3<\/li>\n<\/ul>\n<h3><strong>EMBALAJE<\/strong><\/h3>\n<p>12X1L, 4X4L, 4X5L, 20L, 60L, 208L<\/p>\n","protected":false},"excerpt":{"rendered":"<p>DESCRIPCI\u00d3N Este moderno aceite de motor de aplicaci\u00f3n universal se produce con aceites base refinados con disolventes de alta calidad y una selecci\u00f3n bien equilibrada de aditivos. PROPIEDADES Muy buena detergencia que evita los dep\u00f3sitos en el motor Muy buena dispersi\u00f3n que evita la precipitaci\u00f3n y los lodos Potente acci\u00f3n contra la corrosi\u00f3n y la [&hellip;]<\/p>\n","protected":false},"author":1,"featured_media":998,"parent":10932,"menu_order":0,"comment_status":"closed","ping_status":"closed","template":"product-page.php","meta":{"_acf_changed":false,"inline_featured_image":false,"footnotes":""},"class_list":["post-11003","page","type-page","status-publish","has-post-thumbnail","hentry"],"acf":[],"_links":{"self":[{"href":"https:\/\/xenum.com\/es\/wp-json\/wp\/v2\/pages\/11003","targetHints":{"allow":["GET"]}}],"collection":[{"href":"https:\/\/xenum.com\/es\/wp-json\/wp\/v2\/pages"}],"about":[{"href":"https:\/\/xenum.com\/es\/wp-json\/wp\/v2\/types\/page"}],"author":[{"embeddable":true,"href":"https:\/\/xenum.com\/es\/wp-json\/wp\/v2\/users\/1"}],"replies":[{"embeddable":true,"href":"https:\/\/xenum.com\/es\/wp-json\/wp\/v2\/comments?post=11003"}],"version-history":[{"count":5,"href":"https:\/\/xenum.com\/es\/wp-json\/wp\/v2\/pages\/11003\/revisions"}],"predecessor-version":[{"id":24637,"href":"https:\/\/xenum.com\/es\/wp-json\/wp\/v2\/pages\/11003\/revisions\/24637"}],"up":[{"embeddable":true,"href":"https:\/\/xenum.com\/es\/wp-json\/wp\/v2\/pages\/10932"}],"wp:featuredmedia":[{"embeddable":true,"href":"https:\/\/xenum.com\/es\/wp-json\/wp\/v2\/media\/998"}],"wp:attachment":[{"href":"https:\/\/xenum.com\/es\/wp-json\/wp\/v2\/media?parent=11003"}],"curies":[{"name":"wp","href":"https:\/\/api.w.org\/{rel}","templated":true}]}}