{"id":10989,"date":"2021-09-09T10:21:51","date_gmt":"2021-09-09T10:21:51","guid":{"rendered":"https:\/\/xenum.com\/?page_id=10989"},"modified":"2023-10-03T10:32:22","modified_gmt":"2023-10-03T09:32:22","slug":"diesel-power-15w40-e9","status":"publish","type":"page","link":"https:\/\/xenum.com\/es\/inicio\/productos\/aceites\/de-uso-intensivo\/diesel-power-15w40-e9\/","title":{"rendered":"DIESEL POWER 15W40 E9"},"content":{"rendered":"<h2>DESCRIPCI\u00d3N<\/h2>\n<p>Se trata de un aceite \"Low SAPS\", fabricado con aceites base de alta calidad especialmente seleccionados y un paquete de aditivos personalizado, con el fin de cumplir con las normas de emisiones Euro V y EPA 07 de Estados Unidos. En comparaci\u00f3n con otros aceites de motor, ofrece una protecci\u00f3n excepcional contra el desgaste y garantiza una menor contaminaci\u00f3n.<\/p>\n<h2>PROPIEDADES<\/h2>\n<ul>\n<li>Muy buen efecto detergente que evita la formaci\u00f3n de dep\u00f3sitos en el motor<\/li>\n<li>Muy buen efecto dispersante evitando la formaci\u00f3n de dep\u00f3sitos y residuos<\/li>\n<li>Muy alto poder antidesgaste, anticorrosivo y antiespumante<\/li>\n<li>\u00cdndice de viscosidad estable.<\/li>\n<li>Intervalos de cambio de aceite prolongados.<\/li>\n<\/ul>\n<h2>APLICACI\u00d3N<\/h2>\n<p>Adecuado para su uso en aplicaciones de carretera y fuera de ella. Este aceite de motor contribuye a reducir las emisiones de gases de escape y los niveles de part\u00edculas, lo que favorece en gran medida la vida \u00fatil de los sistemas de control de emisiones. Este producto cumple y supera los requisitos de la norma API CJ-4. Al cumplir los requisitos de los fabricantes de equipos originales de Europa y Norteam\u00e9rica, este producto ofrece una amplia gama de posibilidades de aplicaci\u00f3n. Este producto puede aplicarse en motores Euro 5 y Euro 6 con sistema de gases de escape SCR y en motores Euro 3 y Euro 4 cuando lo indique el fabricante.<\/p>\n<h3><strong>ESPECIFICACIONES<\/strong><\/h3>\n<ul>\n<li>ACEA E9 \/ E11<\/li>\n<li>API CK-4\/SN<\/li>\n<li>CAT ECF-3<\/li>\n<li>CUMMINS CES20086<\/li>\n<li>DETROIT DIESEL 93K222<\/li>\n<li>DEUTZ DQC III-18 LA<\/li>\n<li>DTFR 15C100<\/li>\n<li>FORD WSS M2C171-F1<\/li>\n<li>MACK EOS-4.5<\/li>\n<li>MB 228.31<\/li>\n<li>MAN M3775<\/li>\n<li>MTU TYPE 2.1<\/li>\n<li>RENAULT VI RLD-3<\/li>\n<li>VOLVO VDS-4.5<\/li>\n<\/ul>\n<h3><strong>EMBALAJE<\/strong><\/h3>\n<p>12X1L, 4X4L, 4X5L, 20L, 60L, 208L<\/p>\n","protected":false},"excerpt":{"rendered":"<p>DESCRIPCI\u00d3N Se trata de un aceite \"Low SAPS\", fabricado con aceites base de alta calidad especialmente seleccionados y un paquete de aditivos personalizado, con el fin de cumplir con las normas de emisiones Euro V y EPA 07 de Estados Unidos. En comparaci\u00f3n con otros aceites de motor, ofrece una protecci\u00f3n excepcional contra el desgaste [&hellip;]<\/p>\n","protected":false},"author":1,"featured_media":998,"parent":10932,"menu_order":0,"comment_status":"closed","ping_status":"closed","template":"product-page.php","meta":{"_acf_changed":false,"inline_featured_image":false,"footnotes":""},"class_list":["post-10989","page","type-page","status-publish","has-post-thumbnail","hentry"],"acf":[],"_links":{"self":[{"href":"https:\/\/xenum.com\/es\/wp-json\/wp\/v2\/pages\/10989","targetHints":{"allow":["GET"]}}],"collection":[{"href":"https:\/\/xenum.com\/es\/wp-json\/wp\/v2\/pages"}],"about":[{"href":"https:\/\/xenum.com\/es\/wp-json\/wp\/v2\/types\/page"}],"author":[{"embeddable":true,"href":"https:\/\/xenum.com\/es\/wp-json\/wp\/v2\/users\/1"}],"replies":[{"embeddable":true,"href":"https:\/\/xenum.com\/es\/wp-json\/wp\/v2\/comments?post=10989"}],"version-history":[{"count":3,"href":"https:\/\/xenum.com\/es\/wp-json\/wp\/v2\/pages\/10989\/revisions"}],"predecessor-version":[{"id":24653,"href":"https:\/\/xenum.com\/es\/wp-json\/wp\/v2\/pages\/10989\/revisions\/24653"}],"up":[{"embeddable":true,"href":"https:\/\/xenum.com\/es\/wp-json\/wp\/v2\/pages\/10932"}],"wp:featuredmedia":[{"embeddable":true,"href":"https:\/\/xenum.com\/es\/wp-json\/wp\/v2\/media\/998"}],"wp:attachment":[{"href":"https:\/\/xenum.com\/es\/wp-json\/wp\/v2\/media?parent=10989"}],"curies":[{"name":"wp","href":"https:\/\/api.w.org\/{rel}","templated":true}]}}