{"id":10904,"date":"2021-08-27T13:33:50","date_gmt":"2021-08-27T13:33:50","guid":{"rendered":"https:\/\/xenum.com\/?page_id=10904"},"modified":"2022-11-15T16:06:18","modified_gmt":"2022-11-15T15:06:18","slug":"pro-x2-w30","status":"publish","type":"page","link":"https:\/\/xenum.com\/es\/inicio\/productos\/aceites\/motor\/completamente-sintetico\/pro-x2-w30\/","title":{"rendered":"PRO-X2 W30"},"content":{"rendered":"<p>Aceite de motor sint\u00e9tico universal que ahorra combustible, desarrollado seg\u00fan las t\u00e9cnicas m\u00e1s modernas y basado en aceites base sint\u00e9ticos espec\u00edficos a los que se han a\u00f1adido aditivos de \u00faltima generaci\u00f3n. Proporciona una protecci\u00f3n \u00f3ptima y aumenta la vida \u00fatil y la fiabilidad del motor. Combina una excepcional protecci\u00f3n contra el desgaste y estabilidad a altas temperaturas con excelentes caracter\u00edsticas de arranque en fr\u00edo. Asegura una mayor vida \u00fatil del PAF.<\/p>\n<h2><strong>PROPIEDADES<\/strong><\/h2>\n<ul>\n<li>Menor consumo de combustible.<\/li>\n<li>Menor formaci\u00f3n de residuos de combusti\u00f3n.<\/li>\n<li>F\u00e1cil arranque en fr\u00edo.<\/li>\n<li>Mantiene la pel\u00edcula de grasa a altas temperaturas de funcionamiento.<\/li>\n<li>F\u00e1cil aplicaci\u00f3n para aumentar los intervalos de cambio de aceite.<\/li>\n<li>Excelente poder de detergencia y dispersi\u00f3n.<\/li>\n<li>Alta resistencia al desgaste, la corrosi\u00f3n y el ensuciamiento.<\/li>\n<li>Bajo nivel de SAPS - compatible con FAP.<\/li>\n<\/ul>\n<h2><strong>APLICACI\u00d3N<\/strong><\/h2>\n<p>Este producto ha sido desarrollado principalmente para su uso obligatorio en motores PSA EURO VI Blue HDi DW10F, en particular en modelos e-HDI equipados con tecnolog\u00edas Stop &amp; Start. El producto tambi\u00e9n puede utilizarse en turismos de otros fabricantes con los mismos criterios de viscosidad y rendimiento ACEA C2. Su \u00f3ptima formulaci\u00f3n para turismos y veh\u00edculos comerciales recientes con o sin intervalos de servicio ampliados lo hace compatible con los aceites de diversos veh\u00edculos.<\/p>\n<h3><strong>ESPECIFICACIONES<\/strong><\/h3>\n<p>ACEA C2<\/p>\n<p>PSA B71 2312<\/p>\n<p>FIAT 9.55535-GS1, 9.55535-DS1<\/p>\n<h3><strong>ENVASE<\/strong><\/h3>\n<p>Botella de 1L (12 cajas de 1L)<\/p>\n<p>Botella de 5L (4 cajas de 5L)<\/p>\n<p>Bid\u00f3n de 20L<\/p>\n<p>Bid\u00f3n de 60 L<\/p>\n<p>Bid\u00f3n de 208 L<\/p>\n","protected":false},"excerpt":{"rendered":"<p>Aceite de motor sint\u00e9tico universal que ahorra combustible, desarrollado seg\u00fan las t\u00e9cnicas m\u00e1s modernas y basado en aceites base sint\u00e9ticos espec\u00edficos a los que se han a\u00f1adido aditivos de \u00faltima generaci\u00f3n. Proporciona una protecci\u00f3n \u00f3ptima y aumenta la vida \u00fatil y la fiabilidad del motor. Combina una excepcional protecci\u00f3n contra el desgaste y estabilidad a [&hellip;]<\/p>\n","protected":false},"author":1,"featured_media":0,"parent":9444,"menu_order":0,"comment_status":"closed","ping_status":"closed","template":"product-page.php","meta":{"_acf_changed":false,"inline_featured_image":false,"footnotes":""},"class_list":["post-10904","page","type-page","status-publish","hentry"],"acf":[],"_links":{"self":[{"href":"https:\/\/xenum.com\/es\/wp-json\/wp\/v2\/pages\/10904","targetHints":{"allow":["GET"]}}],"collection":[{"href":"https:\/\/xenum.com\/es\/wp-json\/wp\/v2\/pages"}],"about":[{"href":"https:\/\/xenum.com\/es\/wp-json\/wp\/v2\/types\/page"}],"author":[{"embeddable":true,"href":"https:\/\/xenum.com\/es\/wp-json\/wp\/v2\/users\/1"}],"replies":[{"embeddable":true,"href":"https:\/\/xenum.com\/es\/wp-json\/wp\/v2\/comments?post=10904"}],"version-history":[{"count":2,"href":"https:\/\/xenum.com\/es\/wp-json\/wp\/v2\/pages\/10904\/revisions"}],"predecessor-version":[{"id":19596,"href":"https:\/\/xenum.com\/es\/wp-json\/wp\/v2\/pages\/10904\/revisions\/19596"}],"up":[{"embeddable":true,"href":"https:\/\/xenum.com\/es\/wp-json\/wp\/v2\/pages\/9444"}],"wp:attachment":[{"href":"https:\/\/xenum.com\/es\/wp-json\/wp\/v2\/media?parent=10904"}],"curies":[{"name":"wp","href":"https:\/\/api.w.org\/{rel}","templated":true}]}}