{"id":10874,"date":"2021-08-27T11:37:00","date_gmt":"2021-08-27T11:37:00","guid":{"rendered":"https:\/\/xenum.com\/?page_id=10874"},"modified":"2021-09-29T18:09:25","modified_gmt":"2021-09-29T18:09:25","slug":"copper-protect","status":"publish","type":"page","link":"https:\/\/xenum.com\/es\/inicio\/productos\/mantenimiento\/lubricantes\/copper-protect\/","title":{"rendered":"Copper Protect"},"content":{"rendered":"<p>Copper protect es el revestimiento de cobre ideal para casi todas las superficies. Se utiliza para reparar superficies da\u00f1adas y para afinar y alinear \u00f3pticamente zonas soldadas y da\u00f1adas en chapas, canalones y tubos de cobre.<\/p>\n<h2><strong>PROPIEDADES<\/strong><\/h2>\n<ul>\n<li>Fabricado con un 99% de cobre puro<\/li>\n<li>Resistente a la deshidrataci\u00f3n<\/li>\n<li>Proporciona una protecci\u00f3n resistente a la intemperie<\/li>\n<li>Previene la oxidaci\u00f3n natural<\/li>\n<\/ul>\n<h2><strong>INSTRUCCIONES DE USO<\/strong><\/h2>\n<p>Limpiar y secar bien la superficie. Eliminar las manchas de \u00f3xido. Llevar el spray a temperatura ambiente (16 - 20\u00b0C) y agitar bien. Cuando escuche el disparo, agite durante otros 2 minutos. Pulverizar a una distancia de 25 - 30 cm.<\/p>\n<h3><strong>APLICACI\u00d3N<\/strong><\/h3>\n<p>El spray de cobre se puede utilizar en todas las \u00e1reas de mantenimiento, servicio y reparaci\u00f3n. Al pulverizar superficies de metal<\/p>\n<p>y superficies de PVC, se obtiene una capa de cobre naturalmente oxidante.<\/p>\n<h3><strong>ENVASE<\/strong><\/h3>\n<p>500ml | 12 x 500ml | ref. 4281500<\/p>\n","protected":false},"excerpt":{"rendered":"<p>Copper protect es el revestimiento de cobre ideal para casi todas las superficies. Se utiliza para reparar superficies da\u00f1adas y para afinar y alinear \u00f3pticamente zonas soldadas y da\u00f1adas en chapas, canalones y tubos de cobre. PROPIEDADES Fabricado con un 99% de cobre puro Resistente a la deshidrataci\u00f3n Proporciona una protecci\u00f3n resistente a la intemperie [&hellip;]<\/p>\n","protected":false},"author":1,"featured_media":17712,"parent":2383,"menu_order":11,"comment_status":"closed","ping_status":"closed","template":"product-page.php","meta":{"_acf_changed":false,"inline_featured_image":false,"footnotes":""},"class_list":["post-10874","page","type-page","status-publish","has-post-thumbnail","hentry"],"acf":[],"_links":{"self":[{"href":"https:\/\/xenum.com\/es\/wp-json\/wp\/v2\/pages\/10874","targetHints":{"allow":["GET"]}}],"collection":[{"href":"https:\/\/xenum.com\/es\/wp-json\/wp\/v2\/pages"}],"about":[{"href":"https:\/\/xenum.com\/es\/wp-json\/wp\/v2\/types\/page"}],"author":[{"embeddable":true,"href":"https:\/\/xenum.com\/es\/wp-json\/wp\/v2\/users\/1"}],"replies":[{"embeddable":true,"href":"https:\/\/xenum.com\/es\/wp-json\/wp\/v2\/comments?post=10874"}],"version-history":[{"count":2,"href":"https:\/\/xenum.com\/es\/wp-json\/wp\/v2\/pages\/10874\/revisions"}],"predecessor-version":[{"id":11243,"href":"https:\/\/xenum.com\/es\/wp-json\/wp\/v2\/pages\/10874\/revisions\/11243"}],"up":[{"embeddable":true,"href":"https:\/\/xenum.com\/es\/wp-json\/wp\/v2\/pages\/2383"}],"wp:featuredmedia":[{"embeddable":true,"href":"https:\/\/xenum.com\/es\/wp-json\/wp\/v2\/media\/17712"}],"wp:attachment":[{"href":"https:\/\/xenum.com\/es\/wp-json\/wp\/v2\/media?parent=10874"}],"curies":[{"name":"wp","href":"https:\/\/api.w.org\/{rel}","templated":true}]}}