{"id":10804,"date":"2021-08-25T13:43:25","date_gmt":"2021-08-25T13:43:25","guid":{"rendered":"https:\/\/xenum.com\/?page_id=10804"},"modified":"2023-05-16T10:42:58","modified_gmt":"2023-05-16T09:42:58","slug":"x-tran-s-75w80","status":"publish","type":"page","link":"https:\/\/xenum.com\/es\/inicio\/productos\/aceites\/transmision\/manual\/x-tran-s-75w80\/","title":{"rendered":"X-TRAN S 75W80"},"content":{"rendered":"<p>Se trata de un lubricante totalmente sint\u00e9tico basado en aceites base de muy alta calidad cuidadosamente seleccionados, que se recomienda para las transmisiones manuales de la mayor\u00eda de los veh\u00edculos comerciales. Est\u00e1 adaptado a los requisitos de las transmisiones sincrom\u00e1ticas, procurando un mayor confort en el cambio, fluidez a baja temperatura y una mayor vida \u00fatil.<\/p>\n<h2><strong>PROPIEDADES<\/strong><\/h2>\n<ul>\n<li>Buena resistencia a la oxidaci\u00f3n<\/li>\n<li>Buenas propiedades antioxidantes, anticorrosivas y de inhibici\u00f3n de la espuma<\/li>\n<li>Bajo punto de fluidez<\/li>\n<li>Buenas propiedades de extrema presi\u00f3n (EP)<\/li>\n<\/ul>\n<h2><strong>APLICACI\u00d3N<\/strong><\/h2>\n<p>Este producto cumple con los requisitos de muchos constructores de veh\u00edculos comerciales y\/o fabricantes de cajas de cambios, incluyendo DAF, IVECO, Eaton Europe (300.000 km o 3 a\u00f1os), Renault (de acuerdo con B0032\/2 Anexo 3) y Volvo.<\/p>\n<h3><strong>ESPECIFICACIONES<\/strong><\/h3>\n<ul>\n<li>API: GL-4<\/li>\n<li>EATON: EXTENDED DRAIN<\/li>\n<li>IVECO: MEET REQUIREMENTS<\/li>\n<li>DAF: MEET REQUIREMENTS<\/li>\n<li>MAN: 341 E-3<\/li>\n<li>MAN: 341 Z-4<\/li>\n<li>MAN: 341 Z-5<\/li>\n<li>MB: 235.4<\/li>\n<li>RENAULT: B0032\/2 ANNEX 3<\/li>\n<li>VOLVO: 97305\/ 97307<\/li>\n<li>ZF: TE-ML 01L \/ 02L \/ 08 \/ 13 \/ 16K \/ 24A<\/li>\n<\/ul>\n<h3><strong>EMBALAJE<\/strong><\/h3>\n<div id=\"the-product-details\" class=\"ct-div-block\">\n<div id=\"text_block-25-15726\" class=\"ct-text-block\">\n<div id=\"the-product-details\" class=\"ct-div-block\">\n<div id=\"text_block-25-15726\" class=\"ct-text-block\">\n<div id=\"the-product-details\" class=\"ct-div-block\">\n<div id=\"text_block-25-15726\" class=\"ct-text-block\">\n<p>12X1L, 4x4lL, 4x5L, 20L, 60L, 208L<\/p>\n<\/div>\n<\/div>\n<\/div>\n<\/div>\n<\/div>\n<\/div>\n","protected":false},"excerpt":{"rendered":"<p>Se trata de un lubricante totalmente sint\u00e9tico basado en aceites base de muy alta calidad cuidadosamente seleccionados, que se recomienda para las transmisiones manuales de la mayor\u00eda de los veh\u00edculos comerciales. Est\u00e1 adaptado a los requisitos de las transmisiones sincrom\u00e1ticas, procurando un mayor confort en el cambio, fluidez a baja temperatura y una mayor vida [&hellip;]<\/p>\n","protected":false},"author":1,"featured_media":11091,"parent":749,"menu_order":0,"comment_status":"closed","ping_status":"closed","template":"product-page.php","meta":{"_acf_changed":false,"inline_featured_image":false,"footnotes":""},"class_list":["post-10804","page","type-page","status-publish","has-post-thumbnail","hentry"],"acf":[],"_links":{"self":[{"href":"https:\/\/xenum.com\/es\/wp-json\/wp\/v2\/pages\/10804","targetHints":{"allow":["GET"]}}],"collection":[{"href":"https:\/\/xenum.com\/es\/wp-json\/wp\/v2\/pages"}],"about":[{"href":"https:\/\/xenum.com\/es\/wp-json\/wp\/v2\/types\/page"}],"author":[{"embeddable":true,"href":"https:\/\/xenum.com\/es\/wp-json\/wp\/v2\/users\/1"}],"replies":[{"embeddable":true,"href":"https:\/\/xenum.com\/es\/wp-json\/wp\/v2\/comments?post=10804"}],"version-history":[{"count":6,"href":"https:\/\/xenum.com\/es\/wp-json\/wp\/v2\/pages\/10804\/revisions"}],"predecessor-version":[{"id":21972,"href":"https:\/\/xenum.com\/es\/wp-json\/wp\/v2\/pages\/10804\/revisions\/21972"}],"up":[{"embeddable":true,"href":"https:\/\/xenum.com\/es\/wp-json\/wp\/v2\/pages\/749"}],"wp:featuredmedia":[{"embeddable":true,"href":"https:\/\/xenum.com\/es\/wp-json\/wp\/v2\/media\/11091"}],"wp:attachment":[{"href":"https:\/\/xenum.com\/es\/wp-json\/wp\/v2\/media?parent=10804"}],"curies":[{"name":"wp","href":"https:\/\/api.w.org\/{rel}","templated":true}]}}