{"id":10795,"date":"2021-08-25T12:34:13","date_gmt":"2021-08-25T12:34:13","guid":{"rendered":"https:\/\/xenum.com\/?page_id=10795"},"modified":"2023-10-03T10:27:57","modified_gmt":"2023-10-03T09:27:57","slug":"x-tran-s-75w","status":"publish","type":"page","link":"https:\/\/xenum.com\/es\/inicio\/productos\/aceites\/transmision\/manual\/x-tran-s-75w\/","title":{"rendered":"X-TRAN S 75W"},"content":{"rendered":"<p>Es un lubricante totalmente sint\u00e9tico basado en aceites base de alta calidad y baja viscosidad cuidadosamente seleccionados, que se utiliza en las transmisiones manuales de los turismos, proporcionando el mejor ahorro de combustible. Tiene propiedades optimizadas de arranque en fr\u00edo y un comportamiento estable de viscosidad-temperatura.<\/p>\n<h2><strong>CARACTER\u00cdSTICAS<\/strong><\/h2>\n<ul>\n<li>Buena resistencia a la oxidaci\u00f3n<\/li>\n<li>Buenas propiedades antioxidantes, anticorrosivas y espumantes.<\/li>\n<li>Bajo punto de fluidez<\/li>\n<li>Buenas propiedades a extrema presi\u00f3n (EP)<\/li>\n<\/ul>\n<h2><strong>APLICACI\u00d3N<\/strong><\/h2>\n<p>Este producto ha sido desarrollado espec\u00edficamente para cajas de cambio en las que se recomiendan fluidos para cajas de cambio manuales de baja viscosidad, como el aceite para cajas de cambio VW SAE 75W.<\/p>\n<h3><strong>ESPECIFICACIONES T\u00c9CNICAS<\/strong><\/h3>\n<ul>\n<li>API GL-4<\/li>\n<li>BMW MTF LT-2 \/\u00a0MTF LT-3<\/li>\n<li>FORD WSS-M2C200-D2<\/li>\n<li>GM MTF 0063<\/li>\n<li>NISSAN LV MTF-1<\/li>\n<li>PSA B71 9730 A8<\/li>\n<li>VW G 052 171 \/ G 052 178 \/ G 052 512 \/ G 052 549 \/ G 052 726 \/\u00a0G 052 798<\/li>\n<\/ul>\n<h3><strong>EMBALAJE<\/strong><\/h3>\n<div id=\"the-product-details\" class=\"ct-div-block\">\n<div id=\"text_block-25-15726\" class=\"ct-text-block\">\n<p>12X1L, 4X4L, 4X5L, 20L, 60L, 208L<\/p>\n<\/div>\n<\/div>\n","protected":false},"excerpt":{"rendered":"<p>Es un lubricante totalmente sint\u00e9tico basado en aceites base de alta calidad y baja viscosidad cuidadosamente seleccionados, que se utiliza en las transmisiones manuales de los turismos, proporcionando el mejor ahorro de combustible. Tiene propiedades optimizadas de arranque en fr\u00edo y un comportamiento estable de viscosidad-temperatura. CARACTER\u00cdSTICAS Buena resistencia a la oxidaci\u00f3n Buenas propiedades antioxidantes, [&hellip;]<\/p>\n","protected":false},"author":1,"featured_media":15497,"parent":749,"menu_order":6,"comment_status":"closed","ping_status":"closed","template":"product-page.php","meta":{"_acf_changed":false,"inline_featured_image":false,"footnotes":""},"class_list":["post-10795","page","type-page","status-publish","has-post-thumbnail","hentry"],"acf":[],"_links":{"self":[{"href":"https:\/\/xenum.com\/es\/wp-json\/wp\/v2\/pages\/10795","targetHints":{"allow":["GET"]}}],"collection":[{"href":"https:\/\/xenum.com\/es\/wp-json\/wp\/v2\/pages"}],"about":[{"href":"https:\/\/xenum.com\/es\/wp-json\/wp\/v2\/types\/page"}],"author":[{"embeddable":true,"href":"https:\/\/xenum.com\/es\/wp-json\/wp\/v2\/users\/1"}],"replies":[{"embeddable":true,"href":"https:\/\/xenum.com\/es\/wp-json\/wp\/v2\/comments?post=10795"}],"version-history":[{"count":8,"href":"https:\/\/xenum.com\/es\/wp-json\/wp\/v2\/pages\/10795\/revisions"}],"predecessor-version":[{"id":24646,"href":"https:\/\/xenum.com\/es\/wp-json\/wp\/v2\/pages\/10795\/revisions\/24646"}],"up":[{"embeddable":true,"href":"https:\/\/xenum.com\/es\/wp-json\/wp\/v2\/pages\/749"}],"wp:featuredmedia":[{"embeddable":true,"href":"https:\/\/xenum.com\/es\/wp-json\/wp\/v2\/media\/15497"}],"wp:attachment":[{"href":"https:\/\/xenum.com\/es\/wp-json\/wp\/v2\/media?parent=10795"}],"curies":[{"name":"wp","href":"https:\/\/api.w.org\/{rel}","templated":true}]}}