{"id":10750,"date":"2021-08-20T11:08:43","date_gmt":"2021-08-20T11:08:43","guid":{"rendered":"https:\/\/xenum.com\/?page_id=10750"},"modified":"2023-02-14T10:57:05","modified_gmt":"2023-02-14T09:57:05","slug":"pro-ll-0w20","status":"publish","type":"page","link":"https:\/\/xenum.com\/es\/inicio\/productos\/aceites\/motor\/completamente-sintetico\/pro-ll-0w20\/","title":{"rendered":"PRO LL 0W20"},"content":{"rendered":"<p>Aceite de motor sint\u00e9tico de alto rendimiento producido con aceites base especialmente seleccionados con un alto \u00edndice de viscosidad y una selecci\u00f3n bien equilibrada de aditivos avanzados. Proporciona una protecci\u00f3n \u00f3ptima y una mayor vida \u00fatil y fiabilidad del motor. Combina un excepcional rendimiento antidesgaste y una extraordinaria protecci\u00f3n a altas temperaturas con excelentes caracter\u00edsticas de arranque en fr\u00edo. Este aceite de motor tambi\u00e9n contribuye a prolongar la vida \u00fatil de los filtros de part\u00edculas.<\/p>\n<h2><strong>Propiedades<\/strong><\/h2>\n<ul>\n<li>Ahorro de combustible.<\/li>\n<li>\u00cdndice de viscosidad alto y muy estable.<\/li>\n<li>Arranque en fr\u00edo muy r\u00e1pido.<\/li>\n<li>Pel\u00edcula lubricante segura a temperaturas extremas.<\/li>\n<li>Intervalos de cambio de aceite flexibles y prolongados.<\/li>\n<li>Alta protecci\u00f3n contra el desgaste.<\/li>\n<li>Compatible con SAPS \/ DPF.<\/li>\n<li>Verde oscuro.<\/li>\n<\/ul>\n<h2><strong>Aplicaci\u00f3n<\/strong><\/h2>\n<p>Adecuado tanto para motores con turbocompresor como para motores de aspiraci\u00f3n normal para garantizar la m\u00e1xima econom\u00eda y la reducci\u00f3n de las emisiones (CO2). Tecnolog\u00eda MID SAPS. Especialmente dise\u00f1ado para obtener un rendimiento \u00f3ptimo en los motores actuales del Grupo VW en los que se requieren las especificaciones VW 508.00\/509.00. Aplicar la cantidad correcta de aceite indicada en las instrucciones de uso del veh\u00edculo y del fabricante del motor.<\/p>\n<h3><strong>Especificaciones<\/strong><\/h3>\n<ul>\n<li>ACEA C5<\/li>\n<li>API SN\/SN+<\/li>\n<li>FIAT 9.55535-DM1<\/li>\n<li>VW 508.00\/509.00<\/li>\n<li>Porsche C20<\/li>\n<\/ul>\n<p><strong>Embalaje<\/strong><br \/>\n12X1L, 4X4L, 4X5L, 20L, 60L, 208L<\/p>\n","protected":false},"excerpt":{"rendered":"<p>Aceite de motor sint\u00e9tico de alto rendimiento producido con aceites base especialmente seleccionados con un alto \u00edndice de viscosidad y una selecci\u00f3n bien equilibrada de aditivos avanzados. Proporciona una protecci\u00f3n \u00f3ptima y una mayor vida \u00fatil y fiabilidad del motor. Combina un excepcional rendimiento antidesgaste y una extraordinaria protecci\u00f3n a altas temperaturas con excelentes caracter\u00edsticas [&hellip;]<\/p>\n","protected":false},"author":1,"featured_media":25508,"parent":9444,"menu_order":8,"comment_status":"closed","ping_status":"closed","template":"product-page.php","meta":{"_acf_changed":false,"inline_featured_image":false,"footnotes":""},"class_list":["post-10750","page","type-page","status-publish","has-post-thumbnail","hentry"],"acf":[],"_links":{"self":[{"href":"https:\/\/xenum.com\/es\/wp-json\/wp\/v2\/pages\/10750","targetHints":{"allow":["GET"]}}],"collection":[{"href":"https:\/\/xenum.com\/es\/wp-json\/wp\/v2\/pages"}],"about":[{"href":"https:\/\/xenum.com\/es\/wp-json\/wp\/v2\/types\/page"}],"author":[{"embeddable":true,"href":"https:\/\/xenum.com\/es\/wp-json\/wp\/v2\/users\/1"}],"replies":[{"embeddable":true,"href":"https:\/\/xenum.com\/es\/wp-json\/wp\/v2\/comments?post=10750"}],"version-history":[{"count":3,"href":"https:\/\/xenum.com\/es\/wp-json\/wp\/v2\/pages\/10750\/revisions"}],"predecessor-version":[{"id":20484,"href":"https:\/\/xenum.com\/es\/wp-json\/wp\/v2\/pages\/10750\/revisions\/20484"}],"up":[{"embeddable":true,"href":"https:\/\/xenum.com\/es\/wp-json\/wp\/v2\/pages\/9444"}],"wp:featuredmedia":[{"embeddable":true,"href":"https:\/\/xenum.com\/es\/wp-json\/wp\/v2\/media\/25508"}],"wp:attachment":[{"href":"https:\/\/xenum.com\/es\/wp-json\/wp\/v2\/media?parent=10750"}],"curies":[{"name":"wp","href":"https:\/\/api.w.org\/{rel}","templated":true}]}}