{"id":10748,"date":"2021-08-20T10:30:26","date_gmt":"2021-08-20T09:30:26","guid":{"rendered":"https:\/\/xenum.com\/?page_id=10748"},"modified":"2023-02-14T10:22:02","modified_gmt":"2023-02-14T09:22:02","slug":"x1-5w50","status":"publish","type":"page","link":"https:\/\/xenum.com\/es\/inicio\/productos\/aceites\/motor\/ester-sintetico\/x1-5w50\/","title":{"rendered":"X1 5W50"},"content":{"rendered":"<p>Aceite de motor sint\u00e9tico de alto rendimiento a base de \u00e9steres que proporciona una protecci\u00f3n \u00f3ptima y una mayor vida \u00fatil y fiabilidad del motor. Supera los requisitos de rendimiento de pr\u00e1cticamente todos los fabricantes de motores. Combina un excepcional rendimiento antidesgaste y una extraordinaria protecci\u00f3n a altas temperaturas. Gracias al uso de aditivos avanzados y a la alta viscosidad, este aceite tambi\u00e9n es adecuado para su uso en competici\u00f3n.<\/p>\n<h2><strong>Propiedades<\/strong><\/h2>\n<ul>\n<li>\u00cdndice de viscosidad alto y muy estable<\/li>\n<li>Alta resistencia al cizallamiento<\/li>\n<li>Arranque r\u00e1pido en fr\u00edo<\/li>\n<li>Pel\u00edcula lubricante segura a muy altas temperaturas<\/li>\n<li>Reducci\u00f3n de la formaci\u00f3n de cenizas de combusti\u00f3n<\/li>\n<li>Muy buen efecto de limpieza y dispersi\u00f3n<\/li>\n<li>Protecci\u00f3n muy fuerte contra el desgaste, la corrosi\u00f3n y la formaci\u00f3n de espuma<\/li>\n<\/ul>\n<h2><strong>Especificaciones<\/strong><\/h2>\n<ul>\n<li>ACEA A3\/B4<\/li>\n<li>API SN\/CF<\/li>\n<li>BMW Longlife-01<\/li>\n<li>PORSCHE A40<\/li>\n<li>MB 229.3<\/li>\n<li>VW 500.00\/505.00<\/li>\n<\/ul>\n<h3><strong>Disponible en<\/strong><\/h3>\n<p>12X1L, 4X4L, 4X5L, 20L, 60L, 208L<\/p>\n","protected":false},"excerpt":{"rendered":"<p>Aceite de motor sint\u00e9tico de alto rendimiento a base de \u00e9steres que proporciona una protecci\u00f3n \u00f3ptima y una mayor vida \u00fatil y fiabilidad del motor. Supera los requisitos de rendimiento de pr\u00e1cticamente todos los fabricantes de motores. Combina un excepcional rendimiento antidesgaste y una extraordinaria protecci\u00f3n a altas temperaturas. Gracias al uso de aditivos avanzados [&hellip;]<\/p>\n","protected":false},"author":1,"featured_media":10109,"parent":9327,"menu_order":5,"comment_status":"closed","ping_status":"closed","template":"product-page.php","meta":{"_acf_changed":false,"inline_featured_image":false,"footnotes":""},"class_list":["post-10748","page","type-page","status-publish","has-post-thumbnail","hentry"],"acf":[],"_links":{"self":[{"href":"https:\/\/xenum.com\/es\/wp-json\/wp\/v2\/pages\/10748","targetHints":{"allow":["GET"]}}],"collection":[{"href":"https:\/\/xenum.com\/es\/wp-json\/wp\/v2\/pages"}],"about":[{"href":"https:\/\/xenum.com\/es\/wp-json\/wp\/v2\/types\/page"}],"author":[{"embeddable":true,"href":"https:\/\/xenum.com\/es\/wp-json\/wp\/v2\/users\/1"}],"replies":[{"embeddable":true,"href":"https:\/\/xenum.com\/es\/wp-json\/wp\/v2\/comments?post=10748"}],"version-history":[{"count":6,"href":"https:\/\/xenum.com\/es\/wp-json\/wp\/v2\/pages\/10748\/revisions"}],"predecessor-version":[{"id":20348,"href":"https:\/\/xenum.com\/es\/wp-json\/wp\/v2\/pages\/10748\/revisions\/20348"}],"up":[{"embeddable":true,"href":"https:\/\/xenum.com\/es\/wp-json\/wp\/v2\/pages\/9327"}],"wp:featuredmedia":[{"embeddable":true,"href":"https:\/\/xenum.com\/es\/wp-json\/wp\/v2\/media\/10109"}],"wp:attachment":[{"href":"https:\/\/xenum.com\/es\/wp-json\/wp\/v2\/media?parent=10748"}],"curies":[{"name":"wp","href":"https:\/\/api.w.org\/{rel}","templated":true}]}}