{"id":10686,"date":"2021-08-20T08:37:26","date_gmt":"2021-08-20T08:37:26","guid":{"rendered":"https:\/\/xenum.com\/?page_id=10686"},"modified":"2022-04-05T17:13:00","modified_gmt":"2022-04-05T16:13:00","slug":"atfx-375","status":"publish","type":"page","link":"https:\/\/xenum.com\/es\/inicio\/productos\/aditivos\/transmision\/atfx-375\/","title":{"rendered":"ATFX 375"},"content":{"rendered":"<p>ATFX 375 es un aditivo de fluido ATF sint\u00e9tico para transmisiones autom\u00e1ticas y CVT. La sinergia entre su exclusivo fluido \u00e9ster y sus aditivos de alta tecnolog\u00eda, mejoran el rendimiento y las capacidades t\u00e9rmicas y oxidativas del fluido hidr\u00e1ulico<\/p>\n<h2><strong>Beneficios<\/strong><\/h2>\n<ul>\n<li>Mejora el cambio de marchas.<\/li>\n<li>Reduce el desgaste.<\/li>\n<li>Protecci\u00f3n de las juntas.<\/li>\n<\/ul>\n<h2><strong>Propiedades<\/strong><\/h2>\n<ul>\n<li>Suaviza el funcionamiento general y el cambio de marchas.<\/li>\n<li>Reduce significativamente la fricci\u00f3n y el desgaste de todos los componentes internos.<\/li>\n<li>Protege en todas las condiciones y prolonga la vida \u00fatil de la unidad de transmisi\u00f3n.<\/li>\n<li>Previene las fugas manteniendo el estado \u00f3ptimo de las juntas.<\/li>\n<li>Protege el aceite de la oxidaci\u00f3n y mantiene la transmisi\u00f3n internamente limpia.<\/li>\n<li>Mantiene la eficiencia hidrodin\u00e1mica en un amplio rango de temperaturas.<\/li>\n<li>Evita el sobrecalentamiento.<\/li>\n<\/ul>\n<h2><strong>Aplicaci\u00f3n<\/strong><\/h2>\n<p>Compatible con todos los fluidos ATF recomendados por los fabricantes de equipos originales que se aplican en sistemas de transmisi\u00f3n autom\u00e1tica y CVT. Adecuado para coches, camiones, motocicletas y barcos, as\u00ed como para motores industriales.<\/p>\n<h3><strong>Recomendaci\u00f3n<\/strong><\/h3>\n<p>Para obtener un efecto m\u00e1ximo y aconsejable, primero retire (antes de aplicar) el aceite ATF antiguo del sistema y rell\u00e9nelo con aceite ATF Xenum nuevo m\u00e1s el aditivo ATFX 375.<\/p>\n<h3><strong>Instrucciones de uso<\/strong><\/h3>\n<p>A\u00f1adir 1 bote (375 ml) al l\u00edquido del sistema de transmisi\u00f3n. La dosis es suficiente para hasta 10 litros de aceite. Arrancar el motor; subir y bajar las marchas. Comprobar el nivel de aceite de la transmisi\u00f3n.<\/p>\n<h3><strong>Disponible en<\/strong><\/h3>\n<p>Bote de 375 ml (12 x 375 ml\/cart\u00f3n)<\/p>\n","protected":false},"excerpt":{"rendered":"<p>ATFX 375 es un aditivo de fluido ATF sint\u00e9tico para transmisiones autom\u00e1ticas y CVT. La sinergia entre su exclusivo fluido \u00e9ster y sus aditivos de alta tecnolog\u00eda, mejoran el rendimiento y las capacidades t\u00e9rmicas y oxidativas del fluido hidr\u00e1ulico Beneficios Mejora el cambio de marchas. Reduce el desgaste. Protecci\u00f3n de las juntas. Propiedades Suaviza el [&hellip;]<\/p>\n","protected":false},"author":1,"featured_media":9037,"parent":1096,"menu_order":0,"comment_status":"closed","ping_status":"closed","template":"product-page.php","meta":{"_acf_changed":false,"inline_featured_image":false,"footnotes":""},"class_list":["post-10686","page","type-page","status-publish","has-post-thumbnail","hentry"],"acf":[],"_links":{"self":[{"href":"https:\/\/xenum.com\/es\/wp-json\/wp\/v2\/pages\/10686","targetHints":{"allow":["GET"]}}],"collection":[{"href":"https:\/\/xenum.com\/es\/wp-json\/wp\/v2\/pages"}],"about":[{"href":"https:\/\/xenum.com\/es\/wp-json\/wp\/v2\/types\/page"}],"author":[{"embeddable":true,"href":"https:\/\/xenum.com\/es\/wp-json\/wp\/v2\/users\/1"}],"replies":[{"embeddable":true,"href":"https:\/\/xenum.com\/es\/wp-json\/wp\/v2\/comments?post=10686"}],"version-history":[{"count":2,"href":"https:\/\/xenum.com\/es\/wp-json\/wp\/v2\/pages\/10686\/revisions"}],"predecessor-version":[{"id":17596,"href":"https:\/\/xenum.com\/es\/wp-json\/wp\/v2\/pages\/10686\/revisions\/17596"}],"up":[{"embeddable":true,"href":"https:\/\/xenum.com\/es\/wp-json\/wp\/v2\/pages\/1096"}],"wp:featuredmedia":[{"embeddable":true,"href":"https:\/\/xenum.com\/es\/wp-json\/wp\/v2\/media\/9037"}],"wp:attachment":[{"href":"https:\/\/xenum.com\/es\/wp-json\/wp\/v2\/media?parent=10686"}],"curies":[{"name":"wp","href":"https:\/\/api.w.org\/{rel}","templated":true}]}}