{"id":10635,"date":"2021-08-18T13:42:35","date_gmt":"2021-08-18T13:42:35","guid":{"rendered":"https:\/\/xenum.com\/?page_id=10635"},"modified":"2023-10-04T08:47:41","modified_gmt":"2023-10-04T07:47:41","slug":"xa-tran-dx-iiih","status":"publish","type":"page","link":"https:\/\/xenum.com\/es\/inicio\/productos\/aceites\/transmision\/automatica\/xa-tran-dx-iiih\/","title":{"rendered":"XA-TRAN DX IIIH"},"content":{"rendered":"<p>Se trata de un lubricante mineral a base de aceites base cuidadosamente seleccionados y altamente refinados. Es un aceite con un \u00edndice de viscosidad muy alto para la mayor\u00eda de las transmisiones autom\u00e1ticas. La fluidez mejorada a bajas temperaturas garantiza un rendimiento \u00f3ptimo en todas las condiciones. Sus excepcionales caracter\u00edsticas de fricci\u00f3n proporcionan un cambio suave y confort de conducci\u00f3n.<\/p>\n<h2><strong>PROPIEDADES<\/strong><\/h2>\n<ul>\n<li>\u00cdndice de viscosidad muy alto y estable<\/li>\n<li>Punto de fluidez muy bajo<\/li>\n<li>Excelente estabilidad a la oxidaci\u00f3n<\/li>\n<li>Excelentes propiedades antidesgaste<\/li>\n<li>Propiedades de fricci\u00f3n espec\u00edficas y, en consecuencia, bajo nivel de ruido y suavidad de conmutaci\u00f3n<\/li>\n<li>Perfecta compatibilidad con juntas y metales no ferrosos<\/li>\n<\/ul>\n<h2><strong>APLICACI\u00d3N<\/strong><\/h2>\n<p>Este fluido puede utilizarse para transmisiones autom\u00e1ticas de turismos y veh\u00edculos comerciales. Se recomienda seguir las instrucciones del fabricante.<\/p>\n<h3><strong>ESPECIFICACIONES<\/strong><\/h3>\n<ul>\n<li>Dexron IID \/ IIE \/ IIIF \/ IIIG \/ IIIH<\/li>\n<li>DTFR 13C100 \/ 13C140 \/ 13C170<\/li>\n<li>MB 236.1 \/ 236.5 \/ 236.6 \/ 236.7 \/ 236.9<\/li>\n<li>Ford Mercon \/ M2C138-CJ \/ 166-H<\/li>\n<li>MAN 339 Typ Z1 \/ V1<\/li>\n<li>Allison C4 \/ TES-389<\/li>\n<li>Cat TO-2<\/li>\n<li>Voith 55.6335 (G607)<\/li>\n<li>Volvo 97341<\/li>\n<li>ZF TE-ML 02F \/ 03D \/ 04D \/ 09A \/ 09B \/ 11A \/ 11B \/ 14A \/ 17C<\/li>\n<\/ul>\n<h3><strong>EMBALAJE<\/strong><\/h3>\n<p>Lata de 1L (12 cajas de 1L)<\/p>\n<p>Bid\u00f3n de 20L<\/p>\n<p>Bid\u00f3n de 60 L<\/p>\n<p>Bid\u00f3n de 208 L<\/p>\n","protected":false},"excerpt":{"rendered":"<p>Se trata de un lubricante mineral a base de aceites base cuidadosamente seleccionados y altamente refinados. Es un aceite con un \u00edndice de viscosidad muy alto para la mayor\u00eda de las transmisiones autom\u00e1ticas. La fluidez mejorada a bajas temperaturas garantiza un rendimiento \u00f3ptimo en todas las condiciones. Sus excepcionales caracter\u00edsticas de fricci\u00f3n proporcionan un cambio [&hellip;]<\/p>\n","protected":false},"author":1,"featured_media":11060,"parent":725,"menu_order":4,"comment_status":"closed","ping_status":"closed","template":"product-page.php","meta":{"_acf_changed":false,"inline_featured_image":false,"footnotes":""},"class_list":["post-10635","page","type-page","status-publish","has-post-thumbnail","hentry"],"acf":[],"_links":{"self":[{"href":"https:\/\/xenum.com\/es\/wp-json\/wp\/v2\/pages\/10635","targetHints":{"allow":["GET"]}}],"collection":[{"href":"https:\/\/xenum.com\/es\/wp-json\/wp\/v2\/pages"}],"about":[{"href":"https:\/\/xenum.com\/es\/wp-json\/wp\/v2\/types\/page"}],"author":[{"embeddable":true,"href":"https:\/\/xenum.com\/es\/wp-json\/wp\/v2\/users\/1"}],"replies":[{"embeddable":true,"href":"https:\/\/xenum.com\/es\/wp-json\/wp\/v2\/comments?post=10635"}],"version-history":[{"count":4,"href":"https:\/\/xenum.com\/es\/wp-json\/wp\/v2\/pages\/10635\/revisions"}],"predecessor-version":[{"id":24722,"href":"https:\/\/xenum.com\/es\/wp-json\/wp\/v2\/pages\/10635\/revisions\/24722"}],"up":[{"embeddable":true,"href":"https:\/\/xenum.com\/es\/wp-json\/wp\/v2\/pages\/725"}],"wp:featuredmedia":[{"embeddable":true,"href":"https:\/\/xenum.com\/es\/wp-json\/wp\/v2\/media\/11060"}],"wp:attachment":[{"href":"https:\/\/xenum.com\/es\/wp-json\/wp\/v2\/media?parent=10635"}],"curies":[{"name":"wp","href":"https:\/\/api.w.org\/{rel}","templated":true}]}}