{"id":10583,"date":"2021-08-18T11:49:26","date_gmt":"2021-08-18T11:49:26","guid":{"rendered":"https:\/\/xenum.com\/?page_id=10583"},"modified":"2023-06-22T09:44:20","modified_gmt":"2023-06-22T08:44:20","slug":"xa-tran-m15","status":"publish","type":"page","link":"https:\/\/xenum.com\/es\/inicio\/productos\/aceites\/transmision\/automatica\/xa-tran-m15\/","title":{"rendered":"XA-TRAN M15"},"content":{"rendered":"<p>Se trata de un lubricante totalmente sint\u00e9tico basado en aceites base de muy alta calidad cuidadosamente seleccionados para las \u00faltimas transmisiones autom\u00e1ticas de 7 velocidades de MB (NAG2FE+). Ofrece una excelente resistencia a la fricci\u00f3n, un rendimiento superior y ahorro de combustible.<\/p>\n<h3><strong>PROPIEDADES<\/strong><\/h3>\n<p>Contribuci\u00f3n significativa al ahorro de combustible.<br \/>\nExcelente lubricaci\u00f3n.<br \/>\nMuy buena resistencia a la oxidaci\u00f3n y muy alta estabilidad t\u00e9rmica.<br \/>\nCaracter\u00edsticas de fricci\u00f3n excelentes y muy estables, lo que permite intervalos de cambio de aceite m\u00e1s largos.<br \/>\nExcelente resistencia a la formaci\u00f3n de espuma.<br \/>\nExcelente protecci\u00f3n contra el desgaste.<br \/>\n\u00cdndice de viscosidad muy elevado y estable.<\/p>\n<h3><strong>ESPECIFICACIONES<\/strong><\/h3>\n<p>MB : 236.15<\/p>\n<h3><strong>APLICACI\u00d3N<\/strong><\/h3>\n<p>Este producto sint\u00e9tico de alta gama est\u00e1 especialmente formulado para la lubricaci\u00f3n de la \u00faltima generaci\u00f3n de transmisiones autom\u00e1ticas 7G-Tronic Plus de Mercedes-Benz, para las que se requiere un aceite que cumpla la especificaci\u00f3n MB 236.15. Este aceite contribuye significativamente al ahorro de combustible.<\/p>\n<h3><strong>ENVASE<\/strong><\/h3>\n<p>Lata de 1L (12 cajas de 1L)<\/p>\n<p>Bid\u00f3n de 20L<\/p>\n<p>Bid\u00f3n de 60 litros<\/p>\n<p>Bid\u00f3n de 208 litros<\/p>\n","protected":false},"excerpt":{"rendered":"<p>Se trata de un lubricante totalmente sint\u00e9tico basado en aceites base de muy alta calidad cuidadosamente seleccionados para las \u00faltimas transmisiones autom\u00e1ticas de 7 velocidades de MB (NAG2FE+). Ofrece una excelente resistencia a la fricci\u00f3n, un rendimiento superior y ahorro de combustible. PROPIEDADES Contribuci\u00f3n significativa al ahorro de combustible. Excelente lubricaci\u00f3n. Muy buena resistencia a [&hellip;]<\/p>\n","protected":false},"author":1,"featured_media":25529,"parent":725,"menu_order":9,"comment_status":"closed","ping_status":"closed","template":"product-page.php","meta":{"_acf_changed":false,"inline_featured_image":false,"footnotes":""},"class_list":["post-10583","page","type-page","status-publish","has-post-thumbnail","hentry"],"acf":[],"_links":{"self":[{"href":"https:\/\/xenum.com\/es\/wp-json\/wp\/v2\/pages\/10583","targetHints":{"allow":["GET"]}}],"collection":[{"href":"https:\/\/xenum.com\/es\/wp-json\/wp\/v2\/pages"}],"about":[{"href":"https:\/\/xenum.com\/es\/wp-json\/wp\/v2\/types\/page"}],"author":[{"embeddable":true,"href":"https:\/\/xenum.com\/es\/wp-json\/wp\/v2\/users\/1"}],"replies":[{"embeddable":true,"href":"https:\/\/xenum.com\/es\/wp-json\/wp\/v2\/comments?post=10583"}],"version-history":[{"count":6,"href":"https:\/\/xenum.com\/es\/wp-json\/wp\/v2\/pages\/10583\/revisions"}],"predecessor-version":[{"id":23329,"href":"https:\/\/xenum.com\/es\/wp-json\/wp\/v2\/pages\/10583\/revisions\/23329"}],"up":[{"embeddable":true,"href":"https:\/\/xenum.com\/es\/wp-json\/wp\/v2\/pages\/725"}],"wp:featuredmedia":[{"embeddable":true,"href":"https:\/\/xenum.com\/es\/wp-json\/wp\/v2\/media\/25529"}],"wp:attachment":[{"href":"https:\/\/xenum.com\/es\/wp-json\/wp\/v2\/media?parent=10583"}],"curies":[{"name":"wp","href":"https:\/\/api.w.org\/{rel}","templated":true}]}}