{"id":10566,"date":"2021-08-18T11:22:54","date_gmt":"2021-08-18T11:22:54","guid":{"rendered":"https:\/\/xenum.com\/?page_id=10566"},"modified":"2023-10-03T10:56:03","modified_gmt":"2023-10-03T09:56:03","slug":"xa-tran-m14","status":"publish","type":"page","link":"https:\/\/xenum.com\/es\/inicio\/productos\/aceites\/transmision\/automatica\/xa-tran-m14\/","title":{"rendered":"XA-TRAN M14"},"content":{"rendered":"<p>XA-TRAN M14 es un ATF totalmente sint\u00e9tico de primera calidad formulado con aceites base de alta calidad. Este aceite de transmisi\u00f3n est\u00e1 dise\u00f1ado espec\u00edficamente para su uso en transmisiones autom\u00e1ticas MB de 7 velocidades y transmisiones NAG-V Sport. Aumenta el rendimiento y proporciona una protecci\u00f3n excepcional contra la fricci\u00f3n y el desgaste.<\/p>\n<h2><strong>PROPIEDADES<\/strong><\/h2>\n<ul>\n<li>Proporciona una excelente protecci\u00f3n contra el desgaste y la fricci\u00f3n.<\/li>\n<li>Contribuye a optimizar el consumo de combustible<\/li>\n<li>Mejora el rendimiento del cambio, garantizando un funcionamiento suave<\/li>\n<li>Evita las sacudidas de la caja de cambios<\/li>\n<li>Prolonga los intervalos de cambio de aceite<\/li>\n<li>Presenta una excepcional resistencia a la oxidaci\u00f3n y al cizallamiento, incluso a altas temperaturas<\/li>\n<\/ul>\n<h2><strong>APLICACI\u00d3N<\/strong><\/h2>\n<p>XA-TRAN M14 est\u00e1 dise\u00f1ado espec\u00edficamente para su uso en transmisiones autom\u00e1ticas 7G-Tronic y de 5 velocidades de Mercedes-Benz. Su composici\u00f3n y caracter\u00edsticas \u00fanicas lo hacen inadecuado para otras aplicaciones.<\/p>\n<h3><strong>ESPECIFICACIONES<\/strong><\/h3>\n<ul>\n<li>MB:\u00a0236.10\/236.11\/236.12\/236.14<\/li>\n<li>DTFR: 13C110 \/ 13C140 \/ 13C150 \/ 13C170 \/ 13C180<\/li>\n<\/ul>\n<h3><strong>EMBALAJE<\/strong><\/h3>\n<p>12X1L, 4X4L, 4X5L, 20L, 60L, 208L<\/p>\n","protected":false},"excerpt":{"rendered":"<p>XA-TRAN M14 es un ATF totalmente sint\u00e9tico de primera calidad formulado con aceites base de alta calidad. Este aceite de transmisi\u00f3n est\u00e1 dise\u00f1ado espec\u00edficamente para su uso en transmisiones autom\u00e1ticas MB de 7 velocidades y transmisiones NAG-V Sport. Aumenta el rendimiento y proporciona una protecci\u00f3n excepcional contra la fricci\u00f3n y el desgaste. PROPIEDADES Proporciona una [&hellip;]<\/p>\n","protected":false},"author":1,"featured_media":11031,"parent":725,"menu_order":0,"comment_status":"closed","ping_status":"closed","template":"product-page.php","meta":{"_acf_changed":false,"inline_featured_image":false,"footnotes":""},"class_list":["post-10566","page","type-page","status-publish","has-post-thumbnail","hentry"],"acf":[],"_links":{"self":[{"href":"https:\/\/xenum.com\/es\/wp-json\/wp\/v2\/pages\/10566","targetHints":{"allow":["GET"]}}],"collection":[{"href":"https:\/\/xenum.com\/es\/wp-json\/wp\/v2\/pages"}],"about":[{"href":"https:\/\/xenum.com\/es\/wp-json\/wp\/v2\/types\/page"}],"author":[{"embeddable":true,"href":"https:\/\/xenum.com\/es\/wp-json\/wp\/v2\/users\/1"}],"replies":[{"embeddable":true,"href":"https:\/\/xenum.com\/es\/wp-json\/wp\/v2\/comments?post=10566"}],"version-history":[{"count":6,"href":"https:\/\/xenum.com\/es\/wp-json\/wp\/v2\/pages\/10566\/revisions"}],"predecessor-version":[{"id":24678,"href":"https:\/\/xenum.com\/es\/wp-json\/wp\/v2\/pages\/10566\/revisions\/24678"}],"up":[{"embeddable":true,"href":"https:\/\/xenum.com\/es\/wp-json\/wp\/v2\/pages\/725"}],"wp:featuredmedia":[{"embeddable":true,"href":"https:\/\/xenum.com\/es\/wp-json\/wp\/v2\/media\/11031"}],"wp:attachment":[{"href":"https:\/\/xenum.com\/es\/wp-json\/wp\/v2\/media?parent=10566"}],"curies":[{"name":"wp","href":"https:\/\/api.w.org\/{rel}","templated":true}]}}