{"id":10512,"date":"2021-08-18T08:38:06","date_gmt":"2021-08-18T08:38:06","guid":{"rendered":"https:\/\/xenum.com\/?page_id=10512"},"modified":"2023-03-28T11:07:43","modified_gmt":"2023-03-28T10:07:43","slug":"semix-10w30","status":"publish","type":"page","link":"https:\/\/xenum.com\/es\/inicio\/productos\/aceites\/motor\/hibrido\/semix-10w30\/","title":{"rendered":"SEMIX 10W30"},"content":{"rendered":"<p>Aceite de motor sint\u00e9tico h\u00edbrido, universal, de bajo consumo, recomendado para su uso en motores de gasolina y di\u00e9sel, con o sin turbocompresor, en turismos y veh\u00edculos industriales.<\/p>\n<h2><strong>PROPIEDADES<\/strong><\/h2>\n<ul>\n<li>\u00cdndice de viscosidad estable.<\/li>\n<li>Alta resistencia al cizallamiento.<\/li>\n<li>Arranque en fr\u00edo r\u00e1pido y seguro.<\/li>\n<li>Excelente fluidez a baja temperatura.<\/li>\n<li>Fuerte resistencia y protecci\u00f3n contra el desgaste.<\/li>\n<li>Potente detergencia que evita los dep\u00f3sitos en el motor.<\/li>\n<li>Fuerte resistencia a la oxidaci\u00f3n.<\/li>\n<li>Bajo nivel de cenizas.<\/li>\n<\/ul>\n<h2><strong>APLICACI\u00d3N<\/strong><\/h2>\n<p>Motores diesel de 4 tiempos con o sin turbo de turismos. Motores de gasolina de 4 tiempos.<\/p>\n<h3><strong>ESPECIFICACIONES<\/strong><\/h3>\n<ul>\n<li>ACEA: A3\/B3<\/li>\n<li>ACEA: A3\/B4<\/li>\n<li>API: SM\/CF<\/li>\n<li>MB: 229.1<\/li>\n<\/ul>\n<h3 class=\"TDSSection\"><strong>EMBALAJE<\/strong><\/h3>\n<p>12X1L, 4X4L, 4X5L, 20L, 60L, 208L<\/p>\n","protected":false},"excerpt":{"rendered":"<p>Aceite de motor sint\u00e9tico h\u00edbrido, universal, de bajo consumo, recomendado para su uso en motores de gasolina y di\u00e9sel, con o sin turbocompresor, en turismos y veh\u00edculos industriales. PROPIEDADES \u00cdndice de viscosidad estable. Alta resistencia al cizallamiento. Arranque en fr\u00edo r\u00e1pido y seguro. Excelente fluidez a baja temperatura. Fuerte resistencia y protecci\u00f3n contra el desgaste. [&hellip;]<\/p>\n","protected":false},"author":1,"featured_media":15452,"parent":9592,"menu_order":6,"comment_status":"closed","ping_status":"closed","template":"product-page.php","meta":{"_acf_changed":false,"inline_featured_image":false,"footnotes":""},"class_list":["post-10512","page","type-page","status-publish","has-post-thumbnail","hentry"],"acf":[],"_links":{"self":[{"href":"https:\/\/xenum.com\/es\/wp-json\/wp\/v2\/pages\/10512","targetHints":{"allow":["GET"]}}],"collection":[{"href":"https:\/\/xenum.com\/es\/wp-json\/wp\/v2\/pages"}],"about":[{"href":"https:\/\/xenum.com\/es\/wp-json\/wp\/v2\/types\/page"}],"author":[{"embeddable":true,"href":"https:\/\/xenum.com\/es\/wp-json\/wp\/v2\/users\/1"}],"replies":[{"embeddable":true,"href":"https:\/\/xenum.com\/es\/wp-json\/wp\/v2\/comments?post=10512"}],"version-history":[{"count":6,"href":"https:\/\/xenum.com\/es\/wp-json\/wp\/v2\/pages\/10512\/revisions"}],"predecessor-version":[{"id":21263,"href":"https:\/\/xenum.com\/es\/wp-json\/wp\/v2\/pages\/10512\/revisions\/21263"}],"up":[{"embeddable":true,"href":"https:\/\/xenum.com\/es\/wp-json\/wp\/v2\/pages\/9592"}],"wp:featuredmedia":[{"embeddable":true,"href":"https:\/\/xenum.com\/es\/wp-json\/wp\/v2\/media\/15452"}],"wp:attachment":[{"href":"https:\/\/xenum.com\/es\/wp-json\/wp\/v2\/media?parent=10512"}],"curies":[{"name":"wp","href":"https:\/\/api.w.org\/{rel}","templated":true}]}}