{"id":10479,"date":"2021-08-13T13:35:35","date_gmt":"2021-08-13T13:35:35","guid":{"rendered":"https:\/\/xenum.com\/?page_id=10479"},"modified":"2023-06-22T12:25:47","modified_gmt":"2023-06-22T11:25:47","slug":"semix-5w40","status":"publish","type":"page","link":"https:\/\/xenum.com\/es\/inicio\/productos\/aceites\/motor\/hibrido\/semix-5w40\/","title":{"rendered":"SEMIX 5W40"},"content":{"rendered":"<p>SEMIX 5W40 is a hybrid synthetic motor oil specifically formulated for use in both turbocharged and non-turbocharged petrol and diesel engines of passenger cars and delivery vans. This versatile oil is designed to offer excellent wear protection and enhance fuel economy.<\/p>\n<h2><strong>PROPIEDADES<\/strong><\/h2>\n<ul>\n<li>Ofrece una excelente protecci\u00f3n contra la fricci\u00f3n y el desgaste<\/li>\n<li>Mejora el ahorro de combustible<\/li>\n<li>Reduce las emisiones de CO\u2082<\/li>\n<li>Mejora el rendimiento de arranque en fr\u00edo<\/li>\n<li>Exhibe una fuerte detergencia para evitar los dep\u00f3sitos en el motor<\/li>\n<li>Ofrece una excelente resistencia a la oxidaci\u00f3n y al cizallamiento<\/li>\n<li>Mantiene un \u00edndice de viscosidad estable<\/li>\n<li>Presenta una excepcional fluidez a bajas temperaturas<\/li>\n<\/ul>\n<h2><strong>APLICACI\u00d3N<\/strong><\/h2>\n<p>Espec\u00edficamente formulado para motores de gasolina de alto rendimiento, as\u00ed como para motores diesel turboalimentados y de inyecci\u00f3n directa de combustible en turismos. No apto para veh\u00edculos equipados con filtro de part\u00edculas diesel.<\/p>\n<h3><strong>ESPECIFICACIONES<\/strong><\/h3>\n<ul>\n<li>ACEA: A3\/B4<\/li>\n<li>API: SN\/CF<\/li>\n<li>BMW: LONGLIFE-01<\/li>\n<li>MB: 226.5<\/li>\n<li>MB: 229.3<\/li>\n<li>OPEL: GM-LL-B-025<\/li>\n<li>Fiat 9.55535-M2<\/li>\n<li>PORSCHE: A40<\/li>\n<li>PSA: B71 2296<\/li>\n<li>RENAULT: RN 0700<\/li>\n<li>RENAULT: RN 0710<\/li>\n<li>VW: 502 00<\/li>\n<li>VW: 505 00<\/li>\n<li>VW: 505 01<\/li>\n<\/ul>\n<h3><strong>EMBALAJE<br \/>\n<\/strong><\/h3>\n<p>12X1L, 4X4L, 4X5L, 20L, 60L, 208L<\/p>\n","protected":false},"excerpt":{"rendered":"<p>SEMIX 5W40 is a hybrid synthetic motor oil specifically formulated for use in both turbocharged and non-turbocharged petrol and diesel engines of passenger cars and delivery vans. This versatile oil is designed to offer excellent wear protection and enhance fuel economy. PROPIEDADES Ofrece una excelente protecci\u00f3n contra la fricci\u00f3n y el desgaste Mejora el ahorro [&hellip;]<\/p>\n","protected":false},"author":1,"featured_media":11075,"parent":9592,"menu_order":5,"comment_status":"closed","ping_status":"closed","template":"product-page.php","meta":{"_acf_changed":false,"inline_featured_image":false,"footnotes":""},"class_list":["post-10479","page","type-page","status-publish","has-post-thumbnail","hentry"],"acf":[],"_links":{"self":[{"href":"https:\/\/xenum.com\/es\/wp-json\/wp\/v2\/pages\/10479","targetHints":{"allow":["GET"]}}],"collection":[{"href":"https:\/\/xenum.com\/es\/wp-json\/wp\/v2\/pages"}],"about":[{"href":"https:\/\/xenum.com\/es\/wp-json\/wp\/v2\/types\/page"}],"author":[{"embeddable":true,"href":"https:\/\/xenum.com\/es\/wp-json\/wp\/v2\/users\/1"}],"replies":[{"embeddable":true,"href":"https:\/\/xenum.com\/es\/wp-json\/wp\/v2\/comments?post=10479"}],"version-history":[{"count":7,"href":"https:\/\/xenum.com\/es\/wp-json\/wp\/v2\/pages\/10479\/revisions"}],"predecessor-version":[{"id":23408,"href":"https:\/\/xenum.com\/es\/wp-json\/wp\/v2\/pages\/10479\/revisions\/23408"}],"up":[{"embeddable":true,"href":"https:\/\/xenum.com\/es\/wp-json\/wp\/v2\/pages\/9592"}],"wp:featuredmedia":[{"embeddable":true,"href":"https:\/\/xenum.com\/es\/wp-json\/wp\/v2\/media\/11075"}],"wp:attachment":[{"href":"https:\/\/xenum.com\/es\/wp-json\/wp\/v2\/media?parent=10479"}],"curies":[{"name":"wp","href":"https:\/\/api.w.org\/{rel}","templated":true}]}}