{"id":10436,"date":"2021-08-13T08:13:49","date_gmt":"2021-08-13T08:13:49","guid":{"rendered":"https:\/\/xenum.com\/?page_id=10436"},"modified":"2022-04-05T17:25:22","modified_gmt":"2022-04-05T16:25:22","slug":"full-detox-pro","status":"publish","type":"page","link":"https:\/\/xenum.com\/es\/inicio\/productos\/aditivos\/combustible\/diesel-limpiadores\/full-detox-pro\/","title":{"rendered":"Full Detox Pro"},"content":{"rendered":"<p>Completo aditivo de combustible multifuncional para motores de gasolina y d\u00e9esel. Especialmente dise\u00f1ado para todos los motores di\u00e9sel y de gasolina, incluidas las nuevas generaciones con inyecci\u00f3n de alta presi\u00f3n para:<\/p>\n<ul>\n<li>Potente limpieza del sistema de inyecci\u00f3n de combustible<\/li>\n<li>Limpieza activa y eficaz del filtro de part\u00edculas di\u00e9sel (DPF), del filtro de part\u00edculas de gasolina (GPF) y de los \u00e1labes variables del turbocompresor<\/li>\n<\/ul>\n<h2>Prestaciones b\u00e1sicas<\/h2>\n<ul>\n<li>Ahorro de combustible<\/li>\n<li>1 producto para el tratamiento de di\u00e9sel y gasolina<\/li>\n<li>Funcionamiento sin problemas del sistema DPF\/GPF y Catal\u00edtico<\/li>\n<li>Funcionamiento m\u00e1s suave del motor<\/li>\n<li>Recuperaci\u00f3n de la potencia y la din\u00e1mica<\/li>\n<li>Reducci\u00f3n de las emisiones de humo y CO2<\/li>\n<li>Ayuda a pasar la Inspecci\u00f3n T\u00e9cnica del Veh\u00edculo (ITV)<\/li>\n<li>Mejora de la fiabilidad del motor<\/li>\n<\/ul>\n<h2>Propiedades<\/h2>\n<ul>\n<li>Limpia el sistema de inyecci\u00f3n de combustible y las bombas<\/li>\n<li>Acelera la regeneraci\u00f3n del filtro de part\u00edculas de gas\u00f3leo\/gasolina<\/li>\n<li>Protege el sistema de admisi\u00f3n y la v\u00e1lvula EGR de los dep\u00f3sitos<\/li>\n<li>Mantiene limpios el turbo y el sistema de escape<\/li>\n<\/ul>\n<h2>Aplicaci\u00f3n<\/h2>\n<p>Util\u00edcelo en las revisiones peri\u00f3dicas o cuando aparezcan problemas. Los especialistas de XENUM recomiendan limpiar el DPF\/GPF y el sistema de inyecci\u00f3n al menos una vez al a\u00f1o. Recomendado para todos los motores de combusti\u00f3n, incluyendo las nuevas generaciones con inyecci\u00f3n de alta presi\u00f3n y de inyecci\u00f3n directa con EGR, Filtro de Part\u00edculas Di\u00e9sel\/Gasolina y catalizador. Puede utilizarse en motores de construcci\u00f3n, independientes y autom\u00f3viles. Compatible con biocombustibles.<\/p>\n<h2>Instrucciones de uso<\/h2>\n<p>Preventivo: A\u00f1adir una lata (1L) al combustible antes de llenar hasta 70 litros de combustible. Repetir este tratamiento anualmente o cada 15.000 km.<\/p>\n<p>Curativo: A\u00f1adir el contenido (1L) al dep\u00f3sito y a\u00f1adir combustible hasta que contenga de 30L a 50L de combustible. Conducir el veh\u00edculo varias veces a alta carga y altas revoluciones (&gt;3000 rpm) para calentar los sistemas de escape, turbo y postratamiento.<\/p>\n<h2>Embalaje<\/h2>\n<p>1L can (12 x 1L \/carton)<\/p>\n","protected":false},"excerpt":{"rendered":"<p>Completo aditivo de combustible multifuncional para motores de gasolina y d\u00e9esel. Especialmente dise\u00f1ado para todos los motores di\u00e9sel y de gasolina, incluidas las nuevas generaciones con inyecci\u00f3n de alta presi\u00f3n para: Potente limpieza del sistema de inyecci\u00f3n de combustible Limpieza activa y eficaz del filtro de part\u00edculas di\u00e9sel (DPF), del filtro de part\u00edculas de gasolina [&hellip;]<\/p>\n","protected":false},"author":1,"featured_media":10196,"parent":1171,"menu_order":0,"comment_status":"closed","ping_status":"closed","template":"product-page.php","meta":{"_acf_changed":false,"inline_featured_image":false,"footnotes":""},"class_list":["post-10436","page","type-page","status-publish","has-post-thumbnail","hentry"],"acf":[],"_links":{"self":[{"href":"https:\/\/xenum.com\/es\/wp-json\/wp\/v2\/pages\/10436","targetHints":{"allow":["GET"]}}],"collection":[{"href":"https:\/\/xenum.com\/es\/wp-json\/wp\/v2\/pages"}],"about":[{"href":"https:\/\/xenum.com\/es\/wp-json\/wp\/v2\/types\/page"}],"author":[{"embeddable":true,"href":"https:\/\/xenum.com\/es\/wp-json\/wp\/v2\/users\/1"}],"replies":[{"embeddable":true,"href":"https:\/\/xenum.com\/es\/wp-json\/wp\/v2\/comments?post=10436"}],"version-history":[{"count":3,"href":"https:\/\/xenum.com\/es\/wp-json\/wp\/v2\/pages\/10436\/revisions"}],"predecessor-version":[{"id":17601,"href":"https:\/\/xenum.com\/es\/wp-json\/wp\/v2\/pages\/10436\/revisions\/17601"}],"up":[{"embeddable":true,"href":"https:\/\/xenum.com\/es\/wp-json\/wp\/v2\/pages\/1171"}],"wp:featuredmedia":[{"embeddable":true,"href":"https:\/\/xenum.com\/es\/wp-json\/wp\/v2\/media\/10196"}],"wp:attachment":[{"href":"https:\/\/xenum.com\/es\/wp-json\/wp\/v2\/media?parent=10436"}],"curies":[{"name":"wp","href":"https:\/\/api.w.org\/{rel}","templated":true}]}}