{"id":10432,"date":"2021-08-13T07:56:09","date_gmt":"2021-08-13T07:56:09","guid":{"rendered":"https:\/\/xenum.com\/?page_id=10432"},"modified":"2021-08-20T10:15:16","modified_gmt":"2021-08-20T10:15:16","slug":"eco-fuel","status":"publish","type":"page","link":"https:\/\/xenum.com\/es\/inicio\/productos\/aditivos\/combustible\/diesel-limpiadores\/eco-fuel\/","title":{"rendered":"ECO Fuel"},"content":{"rendered":"<p>Aditivo multifuncional para combustibles (di\u00e9sel y gasolina). Mejora la inyecci\u00f3n de combustible y el rendimiento general de los motores y los sistemas de tratamiento de gases de escape.<\/p>\n<h2><strong>Prestaciones b\u00e1sicas<\/strong><\/h2>\n<ul>\n<li>Funcionamiento suave y adecuado del motor, menos ruido y vibraciones.<\/li>\n<li>Mayor ahorro de combustible.<\/li>\n<li>Mayor potencia y din\u00e1mica del motor.<\/li>\n<li>Mayor fiabilidad del motor.<\/li>\n<li>Reducci\u00f3n de las emisiones t\u00f3xicas y de los humos.<\/li>\n<\/ul>\n<h2><strong>Propiedades<\/strong><\/h2>\n<ul>\n<li>Limpia y lubrica los inyectores y los sistemas de combustible.<\/li>\n<li>Mantiene limpios los sistemas EGR y DPF\/GPF.<\/li>\n<li>Neutraliza el agua en el dep\u00f3sito de combustible.<\/li>\n<li>Protege el sistema de combustible de la corrosi\u00f3n.<\/li>\n<li>Protege las bombas de los inyectores del distribuidor del desgaste.<\/li>\n<li>Evita el agarrotamiento y la resinificaci\u00f3n de las agujas de los inyectores.<\/li>\n<li>Protege el combustible de la oxidaci\u00f3n y la degradaci\u00f3n.<\/li>\n<\/ul>\n<h2><strong>Aplicaci\u00f3n<\/strong><\/h2>\n<p>Utilizar para el tratamiento preventivo. Apto para todos los motores, incluidos los de \u00faltima generaci\u00f3n de inyecci\u00f3n directa con EGR, filtro de part\u00edculas y catalizador.<\/p>\n<h2><strong>Recomendaci\u00f3n<\/strong><\/h2>\n<p>Para el mantenimiento de la condici\u00f3n mejorada se recomienda el aditivo de combustible Diesel Multi Conditioner (ref: 3185250) o Petrol Multi Conditioner (ref: 3178250) para el uso diario.<\/p>\n<h2><strong>Instrucciones de uso<\/strong><\/h2>\n<p>A\u00f1adir una lata al combustible antes de llenarlo. Mezclar 250 ml con un m\u00e1ximo de 70 litros de combustible.<\/p>\n<h2><strong>Embalaje<\/strong><\/h2>\n<p>250 ml can (12 x 250 ml carton)<\/p>\n","protected":false},"excerpt":{"rendered":"<p>Aditivo multifuncional para combustibles (di\u00e9sel y gasolina). Mejora la inyecci\u00f3n de combustible y el rendimiento general de los motores y los sistemas de tratamiento de gases de escape. Prestaciones b\u00e1sicas Funcionamiento suave y adecuado del motor, menos ruido y vibraciones. Mayor ahorro de combustible. Mayor potencia y din\u00e1mica del motor. Mayor fiabilidad del motor. Reducci\u00f3n [&hellip;]<\/p>\n","protected":false},"author":1,"featured_media":9046,"parent":1171,"menu_order":0,"comment_status":"closed","ping_status":"closed","template":"product-page.php","meta":{"_acf_changed":false,"inline_featured_image":false,"footnotes":""},"class_list":["post-10432","page","type-page","status-publish","has-post-thumbnail","hentry"],"acf":[],"_links":{"self":[{"href":"https:\/\/xenum.com\/es\/wp-json\/wp\/v2\/pages\/10432","targetHints":{"allow":["GET"]}}],"collection":[{"href":"https:\/\/xenum.com\/es\/wp-json\/wp\/v2\/pages"}],"about":[{"href":"https:\/\/xenum.com\/es\/wp-json\/wp\/v2\/types\/page"}],"author":[{"embeddable":true,"href":"https:\/\/xenum.com\/es\/wp-json\/wp\/v2\/users\/1"}],"replies":[{"embeddable":true,"href":"https:\/\/xenum.com\/es\/wp-json\/wp\/v2\/comments?post=10432"}],"version-history":[{"count":2,"href":"https:\/\/xenum.com\/es\/wp-json\/wp\/v2\/pages\/10432\/revisions"}],"predecessor-version":[{"id":10738,"href":"https:\/\/xenum.com\/es\/wp-json\/wp\/v2\/pages\/10432\/revisions\/10738"}],"up":[{"embeddable":true,"href":"https:\/\/xenum.com\/es\/wp-json\/wp\/v2\/pages\/1171"}],"wp:featuredmedia":[{"embeddable":true,"href":"https:\/\/xenum.com\/es\/wp-json\/wp\/v2\/media\/9046"}],"wp:attachment":[{"href":"https:\/\/xenum.com\/es\/wp-json\/wp\/v2\/media?parent=10432"}],"curies":[{"name":"wp","href":"https:\/\/api.w.org\/{rel}","templated":true}]}}