{"id":10428,"date":"2021-08-13T07:41:32","date_gmt":"2021-08-13T07:41:32","guid":{"rendered":"https:\/\/xenum.com\/?page_id=10428"},"modified":"2022-11-16T14:44:38","modified_gmt":"2022-11-16T13:44:38","slug":"visco-charge","status":"publish","type":"page","link":"https:\/\/xenum.com\/es\/inicio\/productos\/aditivos\/aceite-de-motor\/visco-charge\/","title":{"rendered":"Visco Charge"},"content":{"rendered":"<p>Aditivo de aceite de motor para motores con s\u00edntomas de desgaste. Especialmente dise\u00f1ado para estabilizar la viscosidad de los aceites de motor a alta temperatura.<\/p>\n<h2><strong>Beneficios<\/strong><\/h2>\n<ul>\n<li>Reduce el consumo excesivo de aceite y el humo de escape causado por el consumo de aceite.<\/li>\n<li>Reduce los ruidos del motor.<\/li>\n<li>Mejora la fiabilidad y el rendimiento del motor al restaurar la compresi\u00f3n.<\/li>\n<li>Restablece la presi\u00f3n del aceite.<\/li>\n<li>No da\u00f1a los convertidores catal\u00edticos ni los filtros de part\u00edculas di\u00e9sel.<\/li>\n<\/ul>\n<h2><strong>Propiedades<\/strong><\/h2>\n<ul>\n<li>Aumenta el \u00edndice de viscosidad de los aceites lubricantes<br \/>\n(viscosidad 100\u00b0C : 250mm2\/S).<\/li>\n<li>Refuerza la pel\u00edcula de aceite a altas temperaturas.<\/li>\n<li>Evita el contacto metal-metal bajo alta carga.<\/li>\n<li>Protege contra la corrosi\u00f3n, la oxidaci\u00f3n, el \u00f3xido y el desgaste.<\/li>\n<li>Compatible con todos los aceites minerales y sint\u00e9ticos.<\/li>\n<\/ul>\n<h2><strong>Aplicaci\u00f3n<\/strong><\/h2>\n<p>Recomendado para todos los motores de gasolina y di\u00e9sel de veh\u00edculos y equipos estacionarios con alto consumo de aceite, baja presi\u00f3n de aceite y baja compresi\u00f3n y motores que producen ruido debido al desgaste. Especialmente eficaz en motores antiguos. No corrige las aver\u00edas mec\u00e1nicas.<\/p>\n<h2><strong>Instrucciones de uso<\/strong><\/h2>\n<p>El producto puede a\u00f1adirse en cualquier momento. Antes de a\u00f1adirlo, haga funcionar el motor hasta que est\u00e9 caliente. A\u00f1adir 1 lata (300 ml) en 3 a 5 litros de aceite de motor. Despu\u00e9s de a\u00f1adir el antiquemaduras oil stop, conducir el coche durante m\u00e1s de 10 km para que el producto se incorpore correctamente al sistema de aceite. Utilizar en cada cambio de aceite.<\/p>\n<h3><strong>Disponible en<\/strong><\/h3>\n<p>Lata de 325 ML<\/p>\n","protected":false},"excerpt":{"rendered":"<p>Aditivo de aceite de motor para motores con s\u00edntomas de desgaste. Especialmente dise\u00f1ado para estabilizar la viscosidad de los aceites de motor a alta temperatura. Beneficios Reduce el consumo excesivo de aceite y el humo de escape causado por el consumo de aceite. Reduce los ruidos del motor. Mejora la fiabilidad y el rendimiento del [&hellip;]<\/p>\n","protected":false},"author":1,"featured_media":25284,"parent":891,"menu_order":0,"comment_status":"closed","ping_status":"closed","template":"product-page.php","meta":{"_acf_changed":false,"inline_featured_image":false,"footnotes":""},"class_list":["post-10428","page","type-page","status-publish","has-post-thumbnail","hentry"],"acf":[],"_links":{"self":[{"href":"https:\/\/xenum.com\/es\/wp-json\/wp\/v2\/pages\/10428","targetHints":{"allow":["GET"]}}],"collection":[{"href":"https:\/\/xenum.com\/es\/wp-json\/wp\/v2\/pages"}],"about":[{"href":"https:\/\/xenum.com\/es\/wp-json\/wp\/v2\/types\/page"}],"author":[{"embeddable":true,"href":"https:\/\/xenum.com\/es\/wp-json\/wp\/v2\/users\/1"}],"replies":[{"embeddable":true,"href":"https:\/\/xenum.com\/es\/wp-json\/wp\/v2\/comments?post=10428"}],"version-history":[{"count":4,"href":"https:\/\/xenum.com\/es\/wp-json\/wp\/v2\/pages\/10428\/revisions"}],"predecessor-version":[{"id":19702,"href":"https:\/\/xenum.com\/es\/wp-json\/wp\/v2\/pages\/10428\/revisions\/19702"}],"up":[{"embeddable":true,"href":"https:\/\/xenum.com\/es\/wp-json\/wp\/v2\/pages\/891"}],"wp:featuredmedia":[{"embeddable":true,"href":"https:\/\/xenum.com\/es\/wp-json\/wp\/v2\/media\/25284"}],"wp:attachment":[{"href":"https:\/\/xenum.com\/es\/wp-json\/wp\/v2\/media?parent=10428"}],"curies":[{"name":"wp","href":"https:\/\/api.w.org\/{rel}","templated":true}]}}