{"id":10382,"date":"2021-08-12T10:20:06","date_gmt":"2021-08-12T10:20:06","guid":{"rendered":"https:\/\/xenum.com\/?page_id=10382"},"modified":"2021-08-12T10:21:11","modified_gmt":"2021-08-12T10:21:11","slug":"clean-leather","status":"publish","type":"page","link":"https:\/\/xenum.com\/es\/inicio\/productos\/mantenimiento\/detailing\/clean-leather\/","title":{"rendered":"Clean Leather"},"content":{"rendered":"<p>Clean Leather\u2122 proporciona una limpieza superior de las tapicer\u00edas de cuero y Alc\u00e1ntara. Proporciona una limpieza profunda de forma segura. Adecuado para todos los tipos de cuero liso. Incluso elimina las manchas m\u00e1s dif\u00edciles. No es adecuado para el ante.<\/p>\n<h2><strong>Propiedades<\/strong><\/h2>\n<ul>\n<li>Elimina las manchas tenaces.<\/li>\n<li>Acci\u00f3n suave.<\/li>\n<li>Limpieza profunda.<\/li>\n<li>F\u00e1cil de aplicar.<\/li>\n<li>F\u00f3rmula profesional.<\/li>\n<li>Bote ecol\u00f3gico y ergon\u00f3mico<\/li>\n<\/ul>\n<h2><strong>Aplicaci\u00f3n<\/strong><\/h2>\n<p>Spray Clean Leather\u2122 sobre una esponja o una microfibra limpia y extenderla sobre todas las superficies de cuero frotando con cuidado. Secar con un pa\u00f1o h\u00famedo o una esponja sin dejar residuos. Despu\u00e9s de la limpieza, alimente y proteja el cuero con B\u00e1lsamo para el Cuero. Esto lo mantendr\u00e1 suave y resistente. Antes de la aplicaci\u00f3n, compruebe la compatibilidad y la solidez del color del cuero.<\/p>\n<h2><strong>Embalaje<\/strong><\/h2>\n<p>250 ml can (6 x 250 ml\/carton) \u2013 REF.\u00a06056250<\/p>\n","protected":false},"excerpt":{"rendered":"<p>Clean Leather\u2122 proporciona una limpieza superior de las tapicer\u00edas de cuero y Alc\u00e1ntara. Proporciona una limpieza profunda de forma segura. Adecuado para todos los tipos de cuero liso. Incluso elimina las manchas m\u00e1s dif\u00edciles. No es adecuado para el ante. Propiedades Elimina las manchas tenaces. Acci\u00f3n suave. Limpieza profunda. F\u00e1cil de aplicar. F\u00f3rmula profesional. Bote [&hellip;]<\/p>\n","protected":false},"author":1,"featured_media":7304,"parent":7258,"menu_order":12,"comment_status":"closed","ping_status":"closed","template":"product-page.php","meta":{"_acf_changed":false,"inline_featured_image":false,"footnotes":""},"class_list":["post-10382","page","type-page","status-publish","has-post-thumbnail","hentry"],"acf":[],"_links":{"self":[{"href":"https:\/\/xenum.com\/es\/wp-json\/wp\/v2\/pages\/10382","targetHints":{"allow":["GET"]}}],"collection":[{"href":"https:\/\/xenum.com\/es\/wp-json\/wp\/v2\/pages"}],"about":[{"href":"https:\/\/xenum.com\/es\/wp-json\/wp\/v2\/types\/page"}],"author":[{"embeddable":true,"href":"https:\/\/xenum.com\/es\/wp-json\/wp\/v2\/users\/1"}],"replies":[{"embeddable":true,"href":"https:\/\/xenum.com\/es\/wp-json\/wp\/v2\/comments?post=10382"}],"version-history":[{"count":2,"href":"https:\/\/xenum.com\/es\/wp-json\/wp\/v2\/pages\/10382\/revisions"}],"predecessor-version":[{"id":10384,"href":"https:\/\/xenum.com\/es\/wp-json\/wp\/v2\/pages\/10382\/revisions\/10384"}],"up":[{"embeddable":true,"href":"https:\/\/xenum.com\/es\/wp-json\/wp\/v2\/pages\/7258"}],"wp:featuredmedia":[{"embeddable":true,"href":"https:\/\/xenum.com\/es\/wp-json\/wp\/v2\/media\/7304"}],"wp:attachment":[{"href":"https:\/\/xenum.com\/es\/wp-json\/wp\/v2\/media?parent=10382"}],"curies":[{"name":"wp","href":"https:\/\/api.w.org\/{rel}","templated":true}]}}