{"id":10379,"date":"2021-08-12T10:11:06","date_gmt":"2021-08-12T10:11:06","guid":{"rendered":"https:\/\/xenum.com\/?page_id=10379"},"modified":"2022-04-05T17:55:37","modified_gmt":"2022-04-05T16:55:37","slug":"leather-balm","status":"publish","type":"page","link":"https:\/\/xenum.com\/es\/inicio\/productos\/mantenimiento\/detailing\/leather-balm\/","title":{"rendered":"Leather Balm"},"content":{"rendered":"<p>Emulsi\u00f3n de limpieza y cuidado para todo tipo de pieles lisas y de imitaci\u00f3n, por ejemplo, interiores de coches, trajes de moto, bolsos, muebles, etc. Adecuada para todos los colores. Elimina f\u00e1cilmente la suciedad, el aceite y la grasa y refresca los colores. Mantiene el cuero flexible, no se vuelve resbaladizo. Protecci\u00f3n contra los rayos UV.<\/p>\n<h2><strong>Propiedades<\/strong><\/h2>\n<ul>\n<li>Repara.<\/li>\n<li>Protege.<\/li>\n<li>Mantiene la flexibilidad.<\/li>\n<li>Para pieles lisas y de imitaci\u00f3n.<\/li>\n<li>Cuidado y protecci\u00f3n antideslizante.<\/li>\n<li>F\u00f3rmula profesional.<\/li>\n<li>Envase ecol\u00f3gico.<\/li>\n<\/ul>\n<h2><strong>Aplicaci\u00f3n<\/strong><\/h2>\n<p>Agitar bien el frasco antes de usar. Aplicar circularmente con un pa\u00f1o sin pelusas, dejar actuar durante unos minutos y limpiar con un pa\u00f1o nuevo.<\/p>\n<h2><strong>Embalaje<\/strong><\/h2>\n<p>1 box: 250 ml can, 1 microfiber cloth, 2 polish pads (6 boxes\/carton) \u2013 REF. 6063250<\/p>\n","protected":false},"excerpt":{"rendered":"<p>Emulsi\u00f3n de limpieza y cuidado para todo tipo de pieles lisas y de imitaci\u00f3n, por ejemplo, interiores de coches, trajes de moto, bolsos, muebles, etc. Adecuada para todos los colores. Elimina f\u00e1cilmente la suciedad, el aceite y la grasa y refresca los colores. Mantiene el cuero flexible, no se vuelve resbaladizo. Protecci\u00f3n contra los rayos [&hellip;]<\/p>\n","protected":false},"author":1,"featured_media":7309,"parent":7258,"menu_order":11,"comment_status":"closed","ping_status":"closed","template":"product-page.php","meta":{"_acf_changed":false,"inline_featured_image":false,"footnotes":""},"class_list":["post-10379","page","type-page","status-publish","has-post-thumbnail","hentry"],"acf":[],"_links":{"self":[{"href":"https:\/\/xenum.com\/es\/wp-json\/wp\/v2\/pages\/10379","targetHints":{"allow":["GET"]}}],"collection":[{"href":"https:\/\/xenum.com\/es\/wp-json\/wp\/v2\/pages"}],"about":[{"href":"https:\/\/xenum.com\/es\/wp-json\/wp\/v2\/types\/page"}],"author":[{"embeddable":true,"href":"https:\/\/xenum.com\/es\/wp-json\/wp\/v2\/users\/1"}],"replies":[{"embeddable":true,"href":"https:\/\/xenum.com\/es\/wp-json\/wp\/v2\/comments?post=10379"}],"version-history":[{"count":4,"href":"https:\/\/xenum.com\/es\/wp-json\/wp\/v2\/pages\/10379\/revisions"}],"predecessor-version":[{"id":17630,"href":"https:\/\/xenum.com\/es\/wp-json\/wp\/v2\/pages\/10379\/revisions\/17630"}],"up":[{"embeddable":true,"href":"https:\/\/xenum.com\/es\/wp-json\/wp\/v2\/pages\/7258"}],"wp:featuredmedia":[{"embeddable":true,"href":"https:\/\/xenum.com\/es\/wp-json\/wp\/v2\/media\/7309"}],"wp:attachment":[{"href":"https:\/\/xenum.com\/es\/wp-json\/wp\/v2\/media?parent=10379"}],"curies":[{"name":"wp","href":"https:\/\/api.w.org\/{rel}","templated":true}]}}