{"id":10377,"date":"2021-08-12T10:03:07","date_gmt":"2021-08-12T10:03:07","guid":{"rendered":"https:\/\/xenum.com\/?page_id=10377"},"modified":"2021-08-12T10:21:56","modified_gmt":"2021-08-12T10:21:56","slug":"tex-renew","status":"publish","type":"page","link":"https:\/\/xenum.com\/es\/inicio\/productos\/mantenimiento\/detailing\/tex-renew\/","title":{"rendered":"Tex Renew"},"content":{"rendered":"<p>Tex Renew\u2122 limpia en profundidad todo tipo de tejidos y superficies. Penetra profundamente en la estructura y libera activamente la suciedad. Elimina f\u00e1cilmente las manchas de grasa y de comida. Ayuda a recuperar el aspecto y el color originales. No deja rayas.<\/p>\n<h2><strong>Propiedades<\/strong><\/h2>\n<ul>\n<li>Elimina manchas y olores.<\/li>\n<li>Limpia alfombras, tapicer\u00edas, alfombrillas, vinilos y cinturones de seguridad.<\/li>\n<li>Act\u00faa r\u00e1pidamente sobre las manchas de comida y grasa.<\/li>\n<li>F\u00e1cil de aplicar.<\/li>\n<li>F\u00f3rmula profesional.<\/li>\n<li>Bote ecol\u00f3gico y ergon\u00f3mico<\/li>\n<\/ul>\n<h2><strong>Aplicaci\u00f3n<\/strong><\/h2>\n<p>Pulverizar desde una distancia de 15-20 cm sobre la superficie. Frotar con una esponja h\u00fameda, dejar actuar unos minutos, pero evitar que se seque. Limpiar con un pa\u00f1o o esponja limpia y h\u00fameda. Si es necesario, limpiar la suciedad con un cepillo.<\/p>\n<h3><strong>Embalaje<\/strong><\/h3>\n<p>750 ml can (6 x 750 ml\/carton) \u2013 REF.\u00a01969750<\/p>\n<p>&nbsp;<\/p>\n","protected":false},"excerpt":{"rendered":"<p>Tex Renew\u2122 limpia en profundidad todo tipo de tejidos y superficies. Penetra profundamente en la estructura y libera activamente la suciedad. Elimina f\u00e1cilmente las manchas de grasa y de comida. Ayuda a recuperar el aspecto y el color originales. No deja rayas. Propiedades Elimina manchas y olores. Limpia alfombras, tapicer\u00edas, alfombrillas, vinilos y cinturones de [&hellip;]<\/p>\n","protected":false},"author":1,"featured_media":7307,"parent":7258,"menu_order":10,"comment_status":"closed","ping_status":"closed","template":"product-page.php","meta":{"_acf_changed":false,"inline_featured_image":false,"footnotes":""},"class_list":["post-10377","page","type-page","status-publish","has-post-thumbnail","hentry"],"acf":[],"_links":{"self":[{"href":"https:\/\/xenum.com\/es\/wp-json\/wp\/v2\/pages\/10377","targetHints":{"allow":["GET"]}}],"collection":[{"href":"https:\/\/xenum.com\/es\/wp-json\/wp\/v2\/pages"}],"about":[{"href":"https:\/\/xenum.com\/es\/wp-json\/wp\/v2\/types\/page"}],"author":[{"embeddable":true,"href":"https:\/\/xenum.com\/es\/wp-json\/wp\/v2\/users\/1"}],"replies":[{"embeddable":true,"href":"https:\/\/xenum.com\/es\/wp-json\/wp\/v2\/comments?post=10377"}],"version-history":[{"count":2,"href":"https:\/\/xenum.com\/es\/wp-json\/wp\/v2\/pages\/10377\/revisions"}],"predecessor-version":[{"id":10385,"href":"https:\/\/xenum.com\/es\/wp-json\/wp\/v2\/pages\/10377\/revisions\/10385"}],"up":[{"embeddable":true,"href":"https:\/\/xenum.com\/es\/wp-json\/wp\/v2\/pages\/7258"}],"wp:featuredmedia":[{"embeddable":true,"href":"https:\/\/xenum.com\/es\/wp-json\/wp\/v2\/media\/7307"}],"wp:attachment":[{"href":"https:\/\/xenum.com\/es\/wp-json\/wp\/v2\/media?parent=10377"}],"curies":[{"name":"wp","href":"https:\/\/api.w.org\/{rel}","templated":true}]}}