{"id":10375,"date":"2021-08-12T09:50:15","date_gmt":"2021-08-12T09:50:15","guid":{"rendered":"https:\/\/xenum.com\/?page_id=10375"},"modified":"2021-08-12T09:52:40","modified_gmt":"2021-08-12T09:52:40","slug":"cabin-detailing","status":"publish","type":"page","link":"https:\/\/xenum.com\/es\/inicio\/productos\/mantenimiento\/detailing\/cabin-detailing\/","title":{"rendered":"Cabin Detailing"},"content":{"rendered":"<p>Limpia, renueva y protege eficazmente todas las partes duras del interior del coche, el salpicadero y otras superficies de pl\u00e1stico, madera y pintura.<\/p>\n<h2><strong>Propiedades<\/strong><\/h2>\n<ul>\n<li>Acabado satinado de larga duraci\u00f3n.<\/li>\n<li>Limpia y protege todas las superficies interiores.<\/li>\n<li>Agradable perfume.<\/li>\n<li>Protecci\u00f3n contra los rayos UV.<\/li>\n<li>F\u00e1cil de aplicar.<\/li>\n<li>F\u00f3rmula profesional.<\/li>\n<li>Bote ecol\u00f3gico y ergon\u00f3mico<\/li>\n<\/ul>\n<h2><strong>Aplicaci\u00f3n<\/strong><\/h2>\n<p>Pulverizar el producto uniformemente sobre las superficies. Secar con un pa\u00f1o de microfibra limpio y seco.<\/p>\n<h2><strong>Embalaje<\/strong><\/h2>\n<p>Bote de 750 ml (6 x 750 ml\/cart\u00f3n) - REF. 1952750<\/p>\n","protected":false},"excerpt":{"rendered":"<p>Limpia, renueva y protege eficazmente todas las partes duras del interior del coche, el salpicadero y otras superficies de pl\u00e1stico, madera y pintura. Propiedades Acabado satinado de larga duraci\u00f3n. Limpia y protege todas las superficies interiores. Agradable perfume. Protecci\u00f3n contra los rayos UV. F\u00e1cil de aplicar. F\u00f3rmula profesional. Bote ecol\u00f3gico y ergon\u00f3mico Aplicaci\u00f3n Pulverizar el [&hellip;]<\/p>\n","protected":false},"author":1,"featured_media":7291,"parent":7258,"menu_order":9,"comment_status":"closed","ping_status":"closed","template":"product-page.php","meta":{"_acf_changed":false,"inline_featured_image":false,"footnotes":""},"class_list":["post-10375","page","type-page","status-publish","has-post-thumbnail","hentry"],"acf":[],"_links":{"self":[{"href":"https:\/\/xenum.com\/es\/wp-json\/wp\/v2\/pages\/10375","targetHints":{"allow":["GET"]}}],"collection":[{"href":"https:\/\/xenum.com\/es\/wp-json\/wp\/v2\/pages"}],"about":[{"href":"https:\/\/xenum.com\/es\/wp-json\/wp\/v2\/types\/page"}],"author":[{"embeddable":true,"href":"https:\/\/xenum.com\/es\/wp-json\/wp\/v2\/users\/1"}],"replies":[{"embeddable":true,"href":"https:\/\/xenum.com\/es\/wp-json\/wp\/v2\/comments?post=10375"}],"version-history":[{"count":1,"href":"https:\/\/xenum.com\/es\/wp-json\/wp\/v2\/pages\/10375\/revisions"}],"predecessor-version":[{"id":10376,"href":"https:\/\/xenum.com\/es\/wp-json\/wp\/v2\/pages\/10375\/revisions\/10376"}],"up":[{"embeddable":true,"href":"https:\/\/xenum.com\/es\/wp-json\/wp\/v2\/pages\/7258"}],"wp:featuredmedia":[{"embeddable":true,"href":"https:\/\/xenum.com\/es\/wp-json\/wp\/v2\/media\/7291"}],"wp:attachment":[{"href":"https:\/\/xenum.com\/es\/wp-json\/wp\/v2\/media?parent=10375"}],"curies":[{"name":"wp","href":"https:\/\/api.w.org\/{rel}","templated":true}]}}