{"id":10373,"date":"2021-08-12T09:47:22","date_gmt":"2021-08-12T09:47:22","guid":{"rendered":"https:\/\/xenum.com\/?page_id=10373"},"modified":"2021-08-12T09:47:22","modified_gmt":"2021-08-12T09:47:22","slug":"clean-machine","status":"publish","type":"page","link":"https:\/\/xenum.com\/es\/inicio\/productos\/mantenimiento\/detailing\/clean-machine\/","title":{"rendered":"Clean Machine"},"content":{"rendered":"<p>Clean Machine\u2122 proporciona una limpieza superior del motor y del compartimento del motor. Los ingredientes activos disuelven r\u00e1pidamente incluso los dep\u00f3sitos m\u00e1s persistentes de aceite, grasa, anticongelante, combustible y otras suciedades.<\/p>\n<h2><strong>Propiedades<\/strong><\/h2>\n<p>Seguro en metal, goma y pl\u00e1stico.<br \/>\nPotente desengrasante.<br \/>\nAcci\u00f3n r\u00e1pida.<br \/>\nPara el motor y el compartimento del motor.<br \/>\nF\u00e1cil de aplicar.<br \/>\nF\u00f3rmula profesional.<br \/>\nBote ecol\u00f3gico y ergon\u00f3mico.<\/p>\n<h2><strong>Aplicaci\u00f3n<\/strong><\/h2>\n<p>Apagar el motor y dejar que se enfr\u00ede. Desconecte la bater\u00eda y proteja todos los componentes que puedan ser da\u00f1ados por el agua. Pulverizar Clean Machine\u2122 sobre la superficie y dejar actuar un par de minutos. Aclarar con agua a alta presi\u00f3n y limpiar con un pa\u00f1o seco.<\/p>\n<h3>Envase<\/h3>\n<p>Bote de 750 ml (6 x 750 ml\/cart\u00f3n) - REF. 1983750<\/p>\n","protected":false},"excerpt":{"rendered":"<p>Clean Machine\u2122 proporciona una limpieza superior del motor y del compartimento del motor. Los ingredientes activos disuelven r\u00e1pidamente incluso los dep\u00f3sitos m\u00e1s persistentes de aceite, grasa, anticongelante, combustible y otras suciedades. Propiedades Seguro en metal, goma y pl\u00e1stico. Potente desengrasante. Acci\u00f3n r\u00e1pida. Para el motor y el compartimento del motor. F\u00e1cil de aplicar. F\u00f3rmula profesional. [&hellip;]<\/p>\n","protected":false},"author":1,"featured_media":7312,"parent":7258,"menu_order":8,"comment_status":"closed","ping_status":"closed","template":"product-page.php","meta":{"_acf_changed":false,"inline_featured_image":false,"footnotes":""},"class_list":["post-10373","page","type-page","status-publish","has-post-thumbnail","hentry"],"acf":[],"_links":{"self":[{"href":"https:\/\/xenum.com\/es\/wp-json\/wp\/v2\/pages\/10373","targetHints":{"allow":["GET"]}}],"collection":[{"href":"https:\/\/xenum.com\/es\/wp-json\/wp\/v2\/pages"}],"about":[{"href":"https:\/\/xenum.com\/es\/wp-json\/wp\/v2\/types\/page"}],"author":[{"embeddable":true,"href":"https:\/\/xenum.com\/es\/wp-json\/wp\/v2\/users\/1"}],"replies":[{"embeddable":true,"href":"https:\/\/xenum.com\/es\/wp-json\/wp\/v2\/comments?post=10373"}],"version-history":[{"count":1,"href":"https:\/\/xenum.com\/es\/wp-json\/wp\/v2\/pages\/10373\/revisions"}],"predecessor-version":[{"id":10374,"href":"https:\/\/xenum.com\/es\/wp-json\/wp\/v2\/pages\/10373\/revisions\/10374"}],"up":[{"embeddable":true,"href":"https:\/\/xenum.com\/es\/wp-json\/wp\/v2\/pages\/7258"}],"wp:featuredmedia":[{"embeddable":true,"href":"https:\/\/xenum.com\/es\/wp-json\/wp\/v2\/media\/7312"}],"wp:attachment":[{"href":"https:\/\/xenum.com\/es\/wp-json\/wp\/v2\/media?parent=10373"}],"curies":[{"name":"wp","href":"https:\/\/api.w.org\/{rel}","templated":true}]}}