{"id":10368,"date":"2021-08-12T07:59:47","date_gmt":"2021-08-12T07:59:47","guid":{"rendered":"https:\/\/xenum.com\/?page_id=10368"},"modified":"2021-08-12T07:59:47","modified_gmt":"2021-08-12T07:59:47","slug":"crystal-clear","status":"publish","type":"page","link":"https:\/\/xenum.com\/es\/inicio\/productos\/mantenimiento\/detailing\/crystal-clear\/","title":{"rendered":"Crystal Clear"},"content":{"rendered":"<p>Crystal Clear\u2122 es un limpiador eficaz y potente para las superficies de vidrio interiores y exteriores. No deja rayas.<\/p>\n<h2><strong>Propiedades<\/strong><\/h2>\n<ul>\n<li>Multisuperficie (superficies duras).<\/li>\n<li>Resultado sin rayas.<\/li>\n<li>Acci\u00f3n r\u00e1pida.<\/li>\n<li>Perfume agradable.<\/li>\n<li>F\u00e1cil de aplicar.<\/li>\n<li>F\u00f3rmula profesional.<\/li>\n<li>Bote ecol\u00f3gico y ergon\u00f3mico<\/li>\n<\/ul>\n<h2><strong>Aplicaci\u00f3n<\/strong><\/h2>\n<p>Pulverizar directamente sobre el cristal o la superficie a limpiar. Pasar un pa\u00f1o limpio y seco o una microfibra para obtener un resultado seco y sin rayas.<\/p>\n<h3><strong>Embalaje<\/strong><\/h3>\n<p>Bote de 750 ml (6 x 750 ml\/caja) - REF. 1990750<\/p>\n","protected":false},"excerpt":{"rendered":"<p>Crystal Clear\u2122 es un limpiador eficaz y potente para las superficies de vidrio interiores y exteriores. No deja rayas. Propiedades Multisuperficie (superficies duras). Resultado sin rayas. Acci\u00f3n r\u00e1pida. Perfume agradable. F\u00e1cil de aplicar. F\u00f3rmula profesional. Bote ecol\u00f3gico y ergon\u00f3mico Aplicaci\u00f3n Pulverizar directamente sobre el cristal o la superficie a limpiar. Pasar un pa\u00f1o limpio y [&hellip;]<\/p>\n","protected":false},"author":1,"featured_media":7310,"parent":7258,"menu_order":6,"comment_status":"closed","ping_status":"closed","template":"product-page.php","meta":{"_acf_changed":false,"inline_featured_image":false,"footnotes":""},"class_list":["post-10368","page","type-page","status-publish","has-post-thumbnail","hentry"],"acf":[],"_links":{"self":[{"href":"https:\/\/xenum.com\/es\/wp-json\/wp\/v2\/pages\/10368","targetHints":{"allow":["GET"]}}],"collection":[{"href":"https:\/\/xenum.com\/es\/wp-json\/wp\/v2\/pages"}],"about":[{"href":"https:\/\/xenum.com\/es\/wp-json\/wp\/v2\/types\/page"}],"author":[{"embeddable":true,"href":"https:\/\/xenum.com\/es\/wp-json\/wp\/v2\/users\/1"}],"replies":[{"embeddable":true,"href":"https:\/\/xenum.com\/es\/wp-json\/wp\/v2\/comments?post=10368"}],"version-history":[{"count":1,"href":"https:\/\/xenum.com\/es\/wp-json\/wp\/v2\/pages\/10368\/revisions"}],"predecessor-version":[{"id":10369,"href":"https:\/\/xenum.com\/es\/wp-json\/wp\/v2\/pages\/10368\/revisions\/10369"}],"up":[{"embeddable":true,"href":"https:\/\/xenum.com\/es\/wp-json\/wp\/v2\/pages\/7258"}],"wp:featuredmedia":[{"embeddable":true,"href":"https:\/\/xenum.com\/es\/wp-json\/wp\/v2\/media\/7310"}],"wp:attachment":[{"href":"https:\/\/xenum.com\/es\/wp-json\/wp\/v2\/media?parent=10368"}],"curies":[{"name":"wp","href":"https:\/\/api.w.org\/{rel}","templated":true}]}}