{"id":10363,"date":"2021-08-12T07:47:17","date_gmt":"2021-08-12T07:47:17","guid":{"rendered":"https:\/\/xenum.com\/?page_id=10363"},"modified":"2021-08-12T07:49:54","modified_gmt":"2021-08-12T07:49:54","slug":"wash-shine","status":"publish","type":"page","link":"https:\/\/xenum.com\/es\/inicio\/productos\/mantenimiento\/detailing\/wash-shine\/","title":{"rendered":"Wash &#038; Shine"},"content":{"rendered":"<p>Wash &amp; Shine se ha desarrollado para que pueda lavar su coche y darle un buen brillo y una capa protectora en un solo paso. La cera de carnauba de alta calidad garantiza un brillo duradero y una protecci\u00f3n extrema, mientras que los agentes limpiadores disuelven todo tipo de suciedad.<\/p>\n<h2><strong>Propiedades<\/strong><\/h2>\n<ul>\n<li>Limpieza y recubrimiento en un solo paso.<\/li>\n<li>Cera de carnauba.<\/li>\n<li>Brillo duradero.<\/li>\n<li>Excelente protecci\u00f3n.<\/li>\n<li>Disuelve todo tipo de suciedad.<\/li>\n<li>Agradable olor espec\u00edfico.<\/li>\n<li>F\u00f3rmula profesional.<\/li>\n<\/ul>\n<h2><strong>Aplicaci\u00f3n<\/strong><\/h2>\n<p>Aclarar el veh\u00edculo con agua. A\u00f1adir 50 ml a un cubo y llenarlo de agua. Lave su veh\u00edculo con una manopla de lavado como nuestro X-glove. Aclare bien la superficie lavada y s\u00e9quela con nuestro Super Absorb. No lo utilice en un coche caliente o bajo la luz directa del sol.<\/p>\n<h3>Embalaje<\/h3>\n<p>Lata de 1 L (6 x 1 L\/cart\u00f3n) - REF. 1921001<\/p>\n","protected":false},"excerpt":{"rendered":"<p>Wash &amp; Shine se ha desarrollado para que pueda lavar su coche y darle un buen brillo y una capa protectora en un solo paso. La cera de carnauba de alta calidad garantiza un brillo duradero y una protecci\u00f3n extrema, mientras que los agentes limpiadores disuelven todo tipo de suciedad. Propiedades Limpieza y recubrimiento en [&hellip;]<\/p>\n","protected":false},"author":1,"featured_media":7765,"parent":7258,"menu_order":6,"comment_status":"closed","ping_status":"closed","template":"product-page.php","meta":{"_acf_changed":false,"inline_featured_image":false,"footnotes":""},"class_list":["post-10363","page","type-page","status-publish","has-post-thumbnail","hentry"],"acf":[],"_links":{"self":[{"href":"https:\/\/xenum.com\/es\/wp-json\/wp\/v2\/pages\/10363","targetHints":{"allow":["GET"]}}],"collection":[{"href":"https:\/\/xenum.com\/es\/wp-json\/wp\/v2\/pages"}],"about":[{"href":"https:\/\/xenum.com\/es\/wp-json\/wp\/v2\/types\/page"}],"author":[{"embeddable":true,"href":"https:\/\/xenum.com\/es\/wp-json\/wp\/v2\/users\/1"}],"replies":[{"embeddable":true,"href":"https:\/\/xenum.com\/es\/wp-json\/wp\/v2\/comments?post=10363"}],"version-history":[{"count":2,"href":"https:\/\/xenum.com\/es\/wp-json\/wp\/v2\/pages\/10363\/revisions"}],"predecessor-version":[{"id":10365,"href":"https:\/\/xenum.com\/es\/wp-json\/wp\/v2\/pages\/10363\/revisions\/10365"}],"up":[{"embeddable":true,"href":"https:\/\/xenum.com\/es\/wp-json\/wp\/v2\/pages\/7258"}],"wp:featuredmedia":[{"embeddable":true,"href":"https:\/\/xenum.com\/es\/wp-json\/wp\/v2\/media\/7765"}],"wp:attachment":[{"href":"https:\/\/xenum.com\/es\/wp-json\/wp\/v2\/media?parent=10363"}],"curies":[{"name":"wp","href":"https:\/\/api.w.org\/{rel}","templated":true}]}}