{"id":10356,"date":"2021-08-12T07:20:19","date_gmt":"2021-08-12T07:20:19","guid":{"rendered":"https:\/\/xenum.com\/?page_id=10356"},"modified":"2021-08-12T07:20:19","modified_gmt":"2021-08-12T07:20:19","slug":"x-shine-polish","status":"publish","type":"page","link":"https:\/\/xenum.com\/es\/inicio\/productos\/mantenimiento\/detailing\/x-shine-polish\/","title":{"rendered":"X-Shine Polish"},"content":{"rendered":"<p>X-Shine Polish\u2122 es un pulimento de acabado que limpia a fondo su pintura consiguiendo un resultado brillante. Elimina la contaminaci\u00f3n y los restos de resinas y asegura un acabado ultra brillante. Las ceras de alta calidad proporcionan una protecci\u00f3n duradera.<\/p>\n<h2><strong>Propiedades<\/strong><\/h2>\n<ul>\n<li>Protecci\u00f3n duradera.<\/li>\n<li>Limpia suavemente.<\/li>\n<li>Recubrimiento brillante.<\/li>\n<li>Ultrabrillante.<\/li>\n<li>F\u00f3rmula profesional.<\/li>\n<li>Bote ecol\u00f3gico.<\/li>\n<\/ul>\n<h2><strong>Aplicaci\u00f3n<\/strong><\/h2>\n<p>Aplicar uniformemente realizando peque\u00f1os movimientos circulares. Repetir la operaci\u00f3n hasta obtener el resultado deseado. Pulir con una microfibra suave.<\/p>\n<h3><strong>Envase<\/strong><\/h3>\n<p>Bote de 500 ml (6 x 750 ml\/cart\u00f3n) - REF. 1938500<\/p>\n","protected":false},"excerpt":{"rendered":"<p>X-Shine Polish\u2122 es un pulimento de acabado que limpia a fondo su pintura consiguiendo un resultado brillante. Elimina la contaminaci\u00f3n y los restos de resinas y asegura un acabado ultra brillante. Las ceras de alta calidad proporcionan una protecci\u00f3n duradera. Propiedades Protecci\u00f3n duradera. Limpia suavemente. Recubrimiento brillante. Ultrabrillante. F\u00f3rmula profesional. Bote ecol\u00f3gico. Aplicaci\u00f3n Aplicar uniformemente [&hellip;]<\/p>\n","protected":false},"author":1,"featured_media":7306,"parent":7258,"menu_order":1,"comment_status":"closed","ping_status":"closed","template":"product-page.php","meta":{"_acf_changed":false,"inline_featured_image":false,"footnotes":""},"class_list":["post-10356","page","type-page","status-publish","has-post-thumbnail","hentry"],"acf":[],"_links":{"self":[{"href":"https:\/\/xenum.com\/es\/wp-json\/wp\/v2\/pages\/10356","targetHints":{"allow":["GET"]}}],"collection":[{"href":"https:\/\/xenum.com\/es\/wp-json\/wp\/v2\/pages"}],"about":[{"href":"https:\/\/xenum.com\/es\/wp-json\/wp\/v2\/types\/page"}],"author":[{"embeddable":true,"href":"https:\/\/xenum.com\/es\/wp-json\/wp\/v2\/users\/1"}],"replies":[{"embeddable":true,"href":"https:\/\/xenum.com\/es\/wp-json\/wp\/v2\/comments?post=10356"}],"version-history":[{"count":1,"href":"https:\/\/xenum.com\/es\/wp-json\/wp\/v2\/pages\/10356\/revisions"}],"predecessor-version":[{"id":10357,"href":"https:\/\/xenum.com\/es\/wp-json\/wp\/v2\/pages\/10356\/revisions\/10357"}],"up":[{"embeddable":true,"href":"https:\/\/xenum.com\/es\/wp-json\/wp\/v2\/pages\/7258"}],"wp:featuredmedia":[{"embeddable":true,"href":"https:\/\/xenum.com\/es\/wp-json\/wp\/v2\/media\/7306"}],"wp:attachment":[{"href":"https:\/\/xenum.com\/es\/wp-json\/wp\/v2\/media?parent=10356"}],"curies":[{"name":"wp","href":"https:\/\/api.w.org\/{rel}","templated":true}]}}