{"id":10354,"date":"2021-08-12T07:17:18","date_gmt":"2021-08-12T07:17:18","guid":{"rendered":"https:\/\/xenum.com\/?page_id=10354"},"modified":"2022-04-05T17:55:56","modified_gmt":"2022-04-05T16:55:56","slug":"xtreme-polish","status":"publish","type":"page","link":"https:\/\/xenum.com\/es\/inicio\/productos\/mantenimiento\/detailing\/xtreme-polish\/","title":{"rendered":"Xtreme Polish"},"content":{"rendered":"<p>Xtreme Polish\u2122 recubre y protege la pintura contra las influencias ambientales con una capa protectora brillante, estable y duradera, que da como resultado una suave suavidad, un brillo intenso y un excelente poder de repelencia al agua. Gracias a la exclusiva f\u00f3rmula EASY-TO-CLEAN, el mantenimiento futuro ser\u00e1 mucho m\u00e1s f\u00e1cil. La innovadora tecnolog\u00eda NANOPUR\u00ae-HYBRID proporciona un sellado y un efecto espejo de larga duraci\u00f3n durante meses. Especialmente f\u00e1cil de usar. No deja manchas blancas persistentes ni rayas en las piezas de pl\u00e1stico.<\/p>\n<h2><strong>Propiedades<\/strong><\/h2>\n<ul>\n<li>Protecci\u00f3n duradera.<\/li>\n<li>Recubrimiento profundo y brillante de larga duraci\u00f3n.<\/li>\n<li>Repele el agua.<\/li>\n<li>Protecci\u00f3n contra los rayos UV.<\/li>\n<li>Acabado f\u00e1cil de limpiar.<\/li>\n<li>Pa\u00f1o de pulido de microfibra incluido.<\/li>\n<li>F\u00f3rmula profesional.<\/li>\n<li>Envase ecol\u00f3gico.<\/li>\n<\/ul>\n<h2><strong>Aplicaci\u00f3n<\/strong><\/h2>\n<p>Lavar y secar la pintura. Agitar bien antes de usar. Pulverizar sobre las partes del veh\u00edculo, repartir uniformemente con un pa\u00f1o suave. A continuaci\u00f3n, pulir inmediatamente hasta conseguir un alto brillo con un pa\u00f1o de microfibra suave y fresco. No utilizar en superficies calientes. Proteger de las heladas.<\/p>\n<h3><strong>Envase<\/strong><\/h3>\n<p>Bote de 500 ml + pa\u00f1o de microfibra para pulir (6 x 500 ml + 6 x pa\u00f1o\/caja) - REF. 6032500<\/p>\n","protected":false},"excerpt":{"rendered":"<p>Xtreme Polish\u2122 recubre y protege la pintura contra las influencias ambientales con una capa protectora brillante, estable y duradera, que da como resultado una suave suavidad, un brillo intenso y un excelente poder de repelencia al agua. Gracias a la exclusiva f\u00f3rmula EASY-TO-CLEAN, el mantenimiento futuro ser\u00e1 mucho m\u00e1s f\u00e1cil. La innovadora tecnolog\u00eda NANOPUR\u00ae-HYBRID proporciona [&hellip;]<\/p>\n","protected":false},"author":1,"featured_media":7305,"parent":7258,"menu_order":2,"comment_status":"closed","ping_status":"closed","template":"product-page.php","meta":{"_acf_changed":false,"inline_featured_image":false,"footnotes":""},"class_list":["post-10354","page","type-page","status-publish","has-post-thumbnail","hentry"],"acf":[],"_links":{"self":[{"href":"https:\/\/xenum.com\/es\/wp-json\/wp\/v2\/pages\/10354","targetHints":{"allow":["GET"]}}],"collection":[{"href":"https:\/\/xenum.com\/es\/wp-json\/wp\/v2\/pages"}],"about":[{"href":"https:\/\/xenum.com\/es\/wp-json\/wp\/v2\/types\/page"}],"author":[{"embeddable":true,"href":"https:\/\/xenum.com\/es\/wp-json\/wp\/v2\/users\/1"}],"replies":[{"embeddable":true,"href":"https:\/\/xenum.com\/es\/wp-json\/wp\/v2\/comments?post=10354"}],"version-history":[{"count":3,"href":"https:\/\/xenum.com\/es\/wp-json\/wp\/v2\/pages\/10354\/revisions"}],"predecessor-version":[{"id":17633,"href":"https:\/\/xenum.com\/es\/wp-json\/wp\/v2\/pages\/10354\/revisions\/17633"}],"up":[{"embeddable":true,"href":"https:\/\/xenum.com\/es\/wp-json\/wp\/v2\/pages\/7258"}],"wp:featuredmedia":[{"embeddable":true,"href":"https:\/\/xenum.com\/es\/wp-json\/wp\/v2\/media\/7305"}],"wp:attachment":[{"href":"https:\/\/xenum.com\/es\/wp-json\/wp\/v2\/media?parent=10354"}],"curies":[{"name":"wp","href":"https:\/\/api.w.org\/{rel}","templated":true}]}}