{"id":10352,"date":"2021-08-11T14:56:35","date_gmt":"2021-08-11T14:56:35","guid":{"rendered":"https:\/\/xenum.com\/?page_id=10352"},"modified":"2022-04-05T17:55:19","modified_gmt":"2022-04-05T16:55:19","slug":"x-tire-gel","status":"publish","type":"page","link":"https:\/\/xenum.com\/es\/inicio\/productos\/mantenimiento\/detailing\/x-tire-gel\/","title":{"rendered":"X-TIRE GEL"},"content":{"rendered":"<p>X-TIRE GEL es un gel duradero que har\u00e1 que sus neum\u00e1ticos vuelvan a parecer nuevos. Adem\u00e1s de devolver a los neum\u00e1ticos su color negro intenso, el gel tambi\u00e9n protege la goma contra fen\u00f3menos de envejecimiento como las grietas.<\/p>\n<h2><strong>Propiedades<\/strong><\/h2>\n<ul>\n<li>Protecci\u00f3n duradera.<\/li>\n<li>Aspecto negro intenso.<\/li>\n<li>Recubrimiento brillante.<\/li>\n<li>Para goma y pl\u00e1sticos.<\/li>\n<li>F\u00e1cil de aplicar.<\/li>\n<li>F\u00f3rmula profesional.<\/li>\n<li>Envase ecol\u00f3gico.<\/li>\n<\/ul>\n<h2><strong>Aplicaci\u00f3n<\/strong><\/h2>\n<p>Empezar limpiando las llantas y luego secarlas bien. Aplicar uniformemente el GEL X-TIRE con una almohadilla aplicadora (pulimento X-PAD negro ref 6216006). Frote el exceso de producto con una microfibra para evitar salpicaduras en el veh\u00edculo durante la conducci\u00f3n.<\/p>\n<h3><strong>Envase<\/strong><\/h3>\n<p>Bote de 500 ml (12 x 500 ml\/cart\u00f3n)<\/p>\n","protected":false},"excerpt":{"rendered":"<p>X-TIRE GEL es un gel duradero que har\u00e1 que sus neum\u00e1ticos vuelvan a parecer nuevos. Adem\u00e1s de devolver a los neum\u00e1ticos su color negro intenso, el gel tambi\u00e9n protege la goma contra fen\u00f3menos de envejecimiento como las grietas. Propiedades Protecci\u00f3n duradera. Aspecto negro intenso. Recubrimiento brillante. Para goma y pl\u00e1sticos. F\u00e1cil de aplicar. F\u00f3rmula profesional. [&hellip;]<\/p>\n","protected":false},"author":1,"featured_media":8886,"parent":7258,"menu_order":1,"comment_status":"closed","ping_status":"closed","template":"product-page.php","meta":{"_acf_changed":false,"inline_featured_image":false,"footnotes":""},"class_list":["post-10352","page","type-page","status-publish","has-post-thumbnail","hentry"],"acf":[],"_links":{"self":[{"href":"https:\/\/xenum.com\/es\/wp-json\/wp\/v2\/pages\/10352","targetHints":{"allow":["GET"]}}],"collection":[{"href":"https:\/\/xenum.com\/es\/wp-json\/wp\/v2\/pages"}],"about":[{"href":"https:\/\/xenum.com\/es\/wp-json\/wp\/v2\/types\/page"}],"author":[{"embeddable":true,"href":"https:\/\/xenum.com\/es\/wp-json\/wp\/v2\/users\/1"}],"replies":[{"embeddable":true,"href":"https:\/\/xenum.com\/es\/wp-json\/wp\/v2\/comments?post=10352"}],"version-history":[{"count":3,"href":"https:\/\/xenum.com\/es\/wp-json\/wp\/v2\/pages\/10352\/revisions"}],"predecessor-version":[{"id":17629,"href":"https:\/\/xenum.com\/es\/wp-json\/wp\/v2\/pages\/10352\/revisions\/17629"}],"up":[{"embeddable":true,"href":"https:\/\/xenum.com\/es\/wp-json\/wp\/v2\/pages\/7258"}],"wp:featuredmedia":[{"embeddable":true,"href":"https:\/\/xenum.com\/es\/wp-json\/wp\/v2\/media\/8886"}],"wp:attachment":[{"href":"https:\/\/xenum.com\/es\/wp-json\/wp\/v2\/media?parent=10352"}],"curies":[{"name":"wp","href":"https:\/\/api.w.org\/{rel}","templated":true}]}}