{"id":1030,"date":"2017-07-18T21:53:16","date_gmt":"2017-07-18T21:53:16","guid":{"rendered":"https:\/\/xenum.com\/?page_id=1030"},"modified":"2018-04-16T11:41:38","modified_gmt":"2018-04-16T11:41:38","slug":"x2-10w40-diesel-power","status":"publish","type":"page","link":"https:\/\/xenum.com\/es\/inicio\/productos\/aceites\/motor\/aceite-convencional\/x2-10w40-diesel-power\/","title":{"rendered":"X2 10W40 Diesel Power"},"content":{"rendered":"<p>Avanzado aceite para motor de \u00faltima generaci\u00f3n, formulado con una selecci\u00f3n de aceites base refinados y una balanceada selecci\u00f3n de aditivos. Diesel y gasolina. Su paquete especial de aditivos permite usarse con combustibles con indices de azufre relativamente elevados. Permite intervalos de servicio extendidos y previene el pulido de camisas (=cilindro-desgaste) en motores diesel<\/p>\n<p><strong>Caracter\u00edsticas:<\/strong><\/p>\n<ul>\n<li>Detergencia elevada que previene la formaci\u00f3n de dep\u00f3sitos en el motor.<\/li>\n<li>Fuerte dispersi\u00f3n que previene la precipitaci\u00f3n y formaci\u00f3n de fango.<\/li>\n<li>Protege contra la corrosi\u00f3n y formaci\u00f3n de espuma.<\/li>\n<li>Indice de viscosidad elevado y estable.<\/li>\n<li>Bajo numero de cenizas sulfatadas.<\/li>\n<li>Poderosa protecci\u00f3n contra el desgaste resultando en una reducci\u00f3n importante del desgaste de segmentos y recubrimiento de los cilindros.<\/li>\n<\/ul>\n<p><strong>Especificaciones:<\/strong><\/p>\n<p>SAE 10W-40<\/p>\n<p>API CH-4\/SJ<\/p>\n<p>ACEA A3\/B3, A3\/B4, E3, E5<\/p>\n<p>MB-Approval 228.3<\/p>\n<p>MAN M3275<\/p>\n<p>Volvo VDS-2 (pending)<\/p>\n<p><strong>Disponible en:<br \/>\n<\/strong><\/p>\n<p>60 L \u2013 REF. 1067060<\/p>\n<p>208 L \u2013 REF. 1067208<\/p>\n","protected":false},"excerpt":{"rendered":"<p>Avanzado aceite para motor de \u00faltima generaci\u00f3n, formulado con una selecci\u00f3n de aceites base refinados y una balanceada selecci\u00f3n de aditivos. Diesel y gasolina. Su paquete especial de aditivos permite usarse con combustibles con indices de azufre relativamente elevados. Permite intervalos de servicio extendidos y previene el pulido de camisas (=cilindro-desgaste) en motores diesel Caracter\u00edsticas: [&hellip;]<\/p>\n","protected":false},"author":1,"featured_media":998,"parent":616,"menu_order":7,"comment_status":"closed","ping_status":"closed","template":"product-page.php","meta":{"_acf_changed":false,"inline_featured_image":false,"footnotes":""},"class_list":["post-1030","page","type-page","status-publish","has-post-thumbnail","hentry"],"acf":[],"_links":{"self":[{"href":"https:\/\/xenum.com\/es\/wp-json\/wp\/v2\/pages\/1030","targetHints":{"allow":["GET"]}}],"collection":[{"href":"https:\/\/xenum.com\/es\/wp-json\/wp\/v2\/pages"}],"about":[{"href":"https:\/\/xenum.com\/es\/wp-json\/wp\/v2\/types\/page"}],"author":[{"embeddable":true,"href":"https:\/\/xenum.com\/es\/wp-json\/wp\/v2\/users\/1"}],"replies":[{"embeddable":true,"href":"https:\/\/xenum.com\/es\/wp-json\/wp\/v2\/comments?post=1030"}],"version-history":[{"count":2,"href":"https:\/\/xenum.com\/es\/wp-json\/wp\/v2\/pages\/1030\/revisions"}],"predecessor-version":[{"id":3843,"href":"https:\/\/xenum.com\/es\/wp-json\/wp\/v2\/pages\/1030\/revisions\/3843"}],"up":[{"embeddable":true,"href":"https:\/\/xenum.com\/es\/wp-json\/wp\/v2\/pages\/616"}],"wp:featuredmedia":[{"embeddable":true,"href":"https:\/\/xenum.com\/es\/wp-json\/wp\/v2\/media\/998"}],"wp:attachment":[{"href":"https:\/\/xenum.com\/es\/wp-json\/wp\/v2\/media?parent=1030"}],"curies":[{"name":"wp","href":"https:\/\/api.w.org\/{rel}","templated":true}]}}