{"id":9493,"date":"2020-02-11T18:25:27","date_gmt":"2020-02-11T18:25:27","guid":{"rendered":"https:\/\/xenum.com\/?page_id=9493"},"modified":"2023-02-28T10:37:12","modified_gmt":"2023-02-28T09:37:12","slug":"pro-c4-5w30","status":"publish","type":"page","link":"https:\/\/xenum.com\/de\/startseite\/produkte\/ole\/motor\/vollsynthetisch\/pro-c4-5w30\/","title":{"rendered":"PRO-C4 5W30"},"content":{"rendered":"<p>Synthetisches Hochleistungsmotoren\u00f6l, hergestellt aus speziell ausgew\u00e4hlten Grund\u00f6len mit hohem Viskosit\u00e4tsindex und einer ausgewogenen Auswahl an fortschrittlichen Additiven. Bietet optimalen Schutz und verl\u00e4ngert die Lebensdauer und Zuverl\u00e4ssigkeit des Motors. Kombiniert au\u00dfergew\u00f6hnliche Verschlei\u00dfschutzleistung und hervorragenden Schutz bei hohen Temperaturen mit hervorragenden Kaltstarteigenschaften. Dieses Motor\u00f6l tr\u00e4gt auch zur Verl\u00e4ngerung der Lebensdauer von Partikelfiltern bei.<\/p>\n<h2><strong>EIGENSCHAFTEN<\/strong><\/h2>\n<ul>\n<li>Kraftstoffeinsparung.<\/li>\n<li>Sehr stabiler Viskosit\u00e4tsindex.<\/li>\n<li>Hervorragender Widerstand gegen Scherung.<\/li>\n<li>Schneller Kaltstart.<\/li>\n<li>Sicherer Schmierfilm bei extremen Temperaturen.<\/li>\n<li>Flexible und verl\u00e4ngerte \u00d6lwechselintervalle.<\/li>\n<li>Hoher Schutz gegen Verschlei\u00df.<\/li>\n<li>Low SAPS \/ DPF-kompatibel.<\/li>\n<\/ul>\n<h2><strong>ANWENDUNG<\/strong><\/h2>\n<p>Ein kraftstoffsparendes, speziell zusammengesetztes synthetisches Motoren\u00f6l, empfohlen f\u00fcr den Einsatz in Benzin- und Dieselmotoren, mit oder ohne Turboaufladung, in Personenwagen und Lieferwagen. Aufgrund seiner speziellen Zusammensetzung kann dieses Produkt in Fahrzeugen verwendet werden, f\u00fcr die die Renault-Spezifikation RN0720 verlangt wird und die mit modernen Dreiwegekatalysatoren und Dieselpartikelfiltern ausgestattet sind. Durch seinen niedrigen SAPS-Gehalt tr\u00e4gt dieses Motoren\u00f6l zur Verl\u00e4ngerung der Lebensdauer von Partikelfiltern f\u00fcr Dieselmotoren bei.<\/p>\n<ul>\n<li>ACEA C3\/C4<\/li>\n<li>FIAT: 9.55535-S4<\/li>\n<li>MB: 226.51 \/ 229.51<\/li>\n<li>RENAULT: RN 0720<\/li>\n<\/ul>\n<h3><strong>Verf\u00fcgbar<\/strong> in<\/h3>\n<p>12X1L, 4X4L, 4X5L, 20L, 60L, 208L<\/p>\n","protected":false},"excerpt":{"rendered":"<p>Synthetisches Hochleistungsmotoren\u00f6l, hergestellt aus speziell ausgew\u00e4hlten Grund\u00f6len mit hohem Viskosit\u00e4tsindex und einer ausgewogenen Auswahl an fortschrittlichen Additiven. Bietet optimalen Schutz und verl\u00e4ngert die Lebensdauer und Zuverl\u00e4ssigkeit des Motors. Kombiniert au\u00dfergew\u00f6hnliche Verschlei\u00dfschutzleistung und hervorragenden Schutz bei hohen Temperaturen mit hervorragenden Kaltstarteigenschaften. Dieses Motor\u00f6l tr\u00e4gt auch zur Verl\u00e4ngerung der Lebensdauer von Partikelfiltern bei. EIGENSCHAFTEN Kraftstoffeinsparung. Sehr stabiler [&hellip;]<\/p>\n","protected":false},"author":9,"featured_media":9489,"parent":9451,"menu_order":0,"comment_status":"closed","ping_status":"closed","template":"product-page.php","meta":{"_acf_changed":false,"inline_featured_image":false,"footnotes":""},"class_list":["post-9493","page","type-page","status-publish","has-post-thumbnail","hentry"],"acf":[],"_links":{"self":[{"href":"https:\/\/xenum.com\/de\/wp-json\/wp\/v2\/pages\/9493","targetHints":{"allow":["GET"]}}],"collection":[{"href":"https:\/\/xenum.com\/de\/wp-json\/wp\/v2\/pages"}],"about":[{"href":"https:\/\/xenum.com\/de\/wp-json\/wp\/v2\/types\/page"}],"author":[{"embeddable":true,"href":"https:\/\/xenum.com\/de\/wp-json\/wp\/v2\/users\/9"}],"replies":[{"embeddable":true,"href":"https:\/\/xenum.com\/de\/wp-json\/wp\/v2\/comments?post=9493"}],"version-history":[{"count":6,"href":"https:\/\/xenum.com\/de\/wp-json\/wp\/v2\/pages\/9493\/revisions"}],"predecessor-version":[{"id":20696,"href":"https:\/\/xenum.com\/de\/wp-json\/wp\/v2\/pages\/9493\/revisions\/20696"}],"up":[{"embeddable":true,"href":"https:\/\/xenum.com\/de\/wp-json\/wp\/v2\/pages\/9451"}],"wp:featuredmedia":[{"embeddable":true,"href":"https:\/\/xenum.com\/de\/wp-json\/wp\/v2\/media\/9489"}],"wp:attachment":[{"href":"https:\/\/xenum.com\/de\/wp-json\/wp\/v2\/media?parent=9493"}],"curies":[{"name":"wp","href":"https:\/\/api.w.org\/{rel}","templated":true}]}}