{"id":9456,"date":"2020-02-11T17:37:12","date_gmt":"2020-02-11T17:37:12","guid":{"rendered":"https:\/\/xenum.com\/?page_id=9456"},"modified":"2021-08-11T09:38:58","modified_gmt":"2021-08-11T09:38:58","slug":"hydrax-68","status":"publish","type":"page","link":"https:\/\/xenum.com\/de\/startseite\/produkte\/ole\/hydrolic\/hydrax-68\/","title":{"rendered":"HYDRAX 68"},"content":{"rendered":"<p>A mineral oil, specifically designed to meet the requirements of most important manufacturers of hydraulic equipment. It contains anti-wear, anti-oxidant, anti-corrosion and anti-foam additives.<\/p>\n<h2><strong>Eigenschaften<\/strong><\/h2>\n<ul>\n<li>Geringe Neigung zur Karbonbildung<\/li>\n<li>Gute Oxidationsstabilit\u00e4t<\/li>\n<li>Sehr guter Schutz gegen Korrosion<\/li>\n<li>Gute Anti-Verschlei\u00df-Eigenschaften<\/li>\n<li>Geringe Fl\u00fcchtigkeit<\/li>\n<\/ul>\n<h2><strong>Anwendung<\/strong><\/h2>\n<p>Dieses \u00d6l wurde speziell entwickelt, um die Anforderungen der Hersteller von Hydrauliksystemen zu erf\u00fcllen, bei denen h\u00f6chste Anforderungen an hohen Druck, Temperaturen oder Geschwindigkeiten gestellt werden. Es wird f\u00fcr die Hydrauliksysteme der folgenden Typen empfohlen: Vickers, Gerotor, Gresen, HPM, Denison, Cessna, Hydreco und Worthington. Es eignet sich auch f\u00fcr die Schmierung von Werkstattausr\u00fcstungen, Untersetzungsgetrieben, Lagern, Druckluftsystemen und Luftschraubenkompressoren.<\/p>\n","protected":false},"excerpt":{"rendered":"<p>A mineral oil, specifically designed to meet the requirements of most important manufacturers of hydraulic equipment. It contains anti-wear, anti-oxidant, anti-corrosion and anti-foam additives. Eigenschaften Geringe Neigung zur Karbonbildung Gute Oxidationsstabilit\u00e4t Sehr guter Schutz gegen Korrosion Gute Anti-Verschlei\u00df-Eigenschaften Geringe Fl\u00fcchtigkeit Anwendung Dieses \u00d6l wurde speziell entwickelt, um die Anforderungen der Hersteller von Hydrauliksystemen zu erf\u00fcllen, [&hellip;]<\/p>\n","protected":false},"author":9,"featured_media":998,"parent":5918,"menu_order":3,"comment_status":"closed","ping_status":"closed","template":"product-page.php","meta":{"_acf_changed":false,"inline_featured_image":false,"footnotes":""},"class_list":["post-9456","page","type-page","status-publish","has-post-thumbnail","hentry"],"acf":[],"_links":{"self":[{"href":"https:\/\/xenum.com\/de\/wp-json\/wp\/v2\/pages\/9456","targetHints":{"allow":["GET"]}}],"collection":[{"href":"https:\/\/xenum.com\/de\/wp-json\/wp\/v2\/pages"}],"about":[{"href":"https:\/\/xenum.com\/de\/wp-json\/wp\/v2\/types\/page"}],"author":[{"embeddable":true,"href":"https:\/\/xenum.com\/de\/wp-json\/wp\/v2\/users\/9"}],"replies":[{"embeddable":true,"href":"https:\/\/xenum.com\/de\/wp-json\/wp\/v2\/comments?post=9456"}],"version-history":[{"count":3,"href":"https:\/\/xenum.com\/de\/wp-json\/wp\/v2\/pages\/9456\/revisions"}],"predecessor-version":[{"id":10280,"href":"https:\/\/xenum.com\/de\/wp-json\/wp\/v2\/pages\/9456\/revisions\/10280"}],"up":[{"embeddable":true,"href":"https:\/\/xenum.com\/de\/wp-json\/wp\/v2\/pages\/5918"}],"wp:featuredmedia":[{"embeddable":true,"href":"https:\/\/xenum.com\/de\/wp-json\/wp\/v2\/media\/998"}],"wp:attachment":[{"href":"https:\/\/xenum.com\/de\/wp-json\/wp\/v2\/media?parent=9456"}],"curies":[{"name":"wp","href":"https:\/\/api.w.org\/{rel}","templated":true}]}}