{"id":9434,"date":"2020-02-11T17:22:26","date_gmt":"2020-02-11T17:22:26","guid":{"rendered":"https:\/\/xenum.com\/?page_id=9434"},"modified":"2021-08-11T09:36:27","modified_gmt":"2021-08-11T09:36:27","slug":"hydrax-46","status":"publish","type":"page","link":"https:\/\/xenum.com\/de\/startseite\/produkte\/ole\/hydrolic\/hydrax-46\/","title":{"rendered":"HYDRAX 46"},"content":{"rendered":"<p>Hochwertiges EP-Hydraulik\u00f6l auf der Basis ausgew\u00e4hlter l\u00f6sungsmittelraffinierter Grund\u00f6le mit nat\u00fcrlichem Viskosit\u00e4tsindex unter Zusatz von Additiven zur Erzielung der folgenden Eigenschaften.<\/p>\n<h2><strong>Eigeschaften<\/strong><\/h2>\n<ul>\n<li>Ein hervorragender Schutz gegen Verschlei\u00df<\/li>\n<li>Eine sehr gute Aktivit\u00e4t gegen Rost und Korrosion<\/li>\n<li>Hervorragende Stabilit\u00e4t gegen Oxidation<\/li>\n<li>Sehr gute Demulgiereigenschaften<\/li>\n<li>Sehr gute entl\u00fcftende und schaumunterdr\u00fcckende Eigenschaften<\/li>\n<li>Gute Vertr\u00e4glichkeit mit Dichtungen aus Kunststoff<\/li>\n<li>Niedriger Stockpunkt<\/li>\n<\/ul>\n<h2><strong>Anwendung<\/strong><\/h2>\n<p>Diese Art von Hydraulikfl\u00fcssigkeit kann sowohl f\u00fcr schwere hydraulische Ger\u00e4te als auch f\u00fcr leichte Getriebe und Lager verwendet werden.<br \/>\nund Lager. Dieses Hydraulik\u00f6l kann auch f\u00fcr Schmiersysteme, allgemeine Schmierung und Vakuumpumpen verwendet werden<br \/>\n(mit Ausnahme von Turbinen). Diese Fl\u00fcssigkeit ist nicht kompatibel mit Systemen, die Teile oder Ger\u00e4te mit einer Silberbeschichtung enthalten.<br \/>\nAuskleidung.<\/p>\n","protected":false},"excerpt":{"rendered":"<p>Hochwertiges EP-Hydraulik\u00f6l auf der Basis ausgew\u00e4hlter l\u00f6sungsmittelraffinierter Grund\u00f6le mit nat\u00fcrlichem Viskosit\u00e4tsindex unter Zusatz von Additiven zur Erzielung der folgenden Eigenschaften. Eigeschaften Ein hervorragender Schutz gegen Verschlei\u00df Eine sehr gute Aktivit\u00e4t gegen Rost und Korrosion Hervorragende Stabilit\u00e4t gegen Oxidation Sehr gute Demulgiereigenschaften Sehr gute entl\u00fcftende und schaumunterdr\u00fcckende Eigenschaften Gute Vertr\u00e4glichkeit mit Dichtungen aus Kunststoff Niedriger Stockpunkt [&hellip;]<\/p>\n","protected":false},"author":9,"featured_media":998,"parent":5918,"menu_order":2,"comment_status":"closed","ping_status":"closed","template":"product-page.php","meta":{"_acf_changed":false,"inline_featured_image":false,"footnotes":""},"class_list":["post-9434","page","type-page","status-publish","has-post-thumbnail","hentry"],"acf":[],"_links":{"self":[{"href":"https:\/\/xenum.com\/de\/wp-json\/wp\/v2\/pages\/9434","targetHints":{"allow":["GET"]}}],"collection":[{"href":"https:\/\/xenum.com\/de\/wp-json\/wp\/v2\/pages"}],"about":[{"href":"https:\/\/xenum.com\/de\/wp-json\/wp\/v2\/types\/page"}],"author":[{"embeddable":true,"href":"https:\/\/xenum.com\/de\/wp-json\/wp\/v2\/users\/9"}],"replies":[{"embeddable":true,"href":"https:\/\/xenum.com\/de\/wp-json\/wp\/v2\/comments?post=9434"}],"version-history":[{"count":3,"href":"https:\/\/xenum.com\/de\/wp-json\/wp\/v2\/pages\/9434\/revisions"}],"predecessor-version":[{"id":10278,"href":"https:\/\/xenum.com\/de\/wp-json\/wp\/v2\/pages\/9434\/revisions\/10278"}],"up":[{"embeddable":true,"href":"https:\/\/xenum.com\/de\/wp-json\/wp\/v2\/pages\/5918"}],"wp:featuredmedia":[{"embeddable":true,"href":"https:\/\/xenum.com\/de\/wp-json\/wp\/v2\/media\/998"}],"wp:attachment":[{"href":"https:\/\/xenum.com\/de\/wp-json\/wp\/v2\/media?parent=9434"}],"curies":[{"name":"wp","href":"https:\/\/api.w.org\/{rel}","templated":true}]}}