{"id":9418,"date":"2020-02-11T17:10:40","date_gmt":"2020-02-11T17:10:40","guid":{"rendered":"https:\/\/xenum.com\/?page_id=9418"},"modified":"2021-08-11T09:31:32","modified_gmt":"2021-08-11T09:31:32","slug":"hydrax-32","status":"publish","type":"page","link":"https:\/\/xenum.com\/de\/startseite\/produkte\/ole\/hydrolic\/hydrax-32\/","title":{"rendered":"HYDRAX 32"},"content":{"rendered":"<p>Hochwertiges EP-Hydraulik\u00f6l auf der Basis ausgew\u00e4hlter, l\u00f6sungsmittelraffinierter Grund\u00f6le mit nat\u00fcrlichem Viskosit\u00e4tsindex unter Zusatz von Additiven zur Erzielung folgender Eigenschaften.<\/p>\n<h2><strong>Eigenschaften<\/strong><\/h2>\n<ul>\n<li>Einen ausgezeichneten Schutz gegen Verschlei\u00df<\/li>\n<li>Eine sehr gute Aktivit\u00e4t gegen Rost und Korrosion<\/li>\n<li>Eine ausgezeichnete Oxidationsstabilit\u00e4t<\/li>\n<li>Sehr gute Demulgiereigenschaften<\/li>\n<li>Sehr gute entl\u00fcftende und schaumunterdr\u00fcckende Eigenschaften<\/li>\n<li>Gute Vertr\u00e4glichkeit mit Dichtungen aus Kunststoff<\/li>\n<li>Niedriger Stockpunkt<\/li>\n<\/ul>\n<h2><strong>Anwendung<\/strong><\/h2>\n<p>Diese Art von Hydraulikfl\u00fcssigkeit kann sowohl f\u00fcr schwere hydraulische Ger\u00e4te als auch f\u00fcr leichte Getriebe und Lager verwendet werden.<br \/>\nund Lager. Dieses Hydraulik\u00f6l kann auch f\u00fcr Schmiersysteme, allgemeine Schmierung und Vakuumpumpen verwendet werden (mit Ausnahme von Turbinen). Diese Fl\u00fcssigkeit ist nicht kompatibel mit Systemen, die Teile oder Ger\u00e4te mit einer Silberbeschichtung enthalten.<br \/>\nAuskleidung.<\/p>\n","protected":false},"excerpt":{"rendered":"<p>Hochwertiges EP-Hydraulik\u00f6l auf der Basis ausgew\u00e4hlter, l\u00f6sungsmittelraffinierter Grund\u00f6le mit nat\u00fcrlichem Viskosit\u00e4tsindex unter Zusatz von Additiven zur Erzielung folgender Eigenschaften. Eigenschaften Einen ausgezeichneten Schutz gegen Verschlei\u00df Eine sehr gute Aktivit\u00e4t gegen Rost und Korrosion Eine ausgezeichnete Oxidationsstabilit\u00e4t Sehr gute Demulgiereigenschaften Sehr gute entl\u00fcftende und schaumunterdr\u00fcckende Eigenschaften Gute Vertr\u00e4glichkeit mit Dichtungen aus Kunststoff Niedriger Stockpunkt Anwendung Diese [&hellip;]<\/p>\n","protected":false},"author":9,"featured_media":998,"parent":5918,"menu_order":0,"comment_status":"closed","ping_status":"closed","template":"product-page.php","meta":{"_acf_changed":false,"inline_featured_image":false,"footnotes":""},"class_list":["post-9418","page","type-page","status-publish","has-post-thumbnail","hentry"],"acf":[],"_links":{"self":[{"href":"https:\/\/xenum.com\/de\/wp-json\/wp\/v2\/pages\/9418","targetHints":{"allow":["GET"]}}],"collection":[{"href":"https:\/\/xenum.com\/de\/wp-json\/wp\/v2\/pages"}],"about":[{"href":"https:\/\/xenum.com\/de\/wp-json\/wp\/v2\/types\/page"}],"author":[{"embeddable":true,"href":"https:\/\/xenum.com\/de\/wp-json\/wp\/v2\/users\/9"}],"replies":[{"embeddable":true,"href":"https:\/\/xenum.com\/de\/wp-json\/wp\/v2\/comments?post=9418"}],"version-history":[{"count":3,"href":"https:\/\/xenum.com\/de\/wp-json\/wp\/v2\/pages\/9418\/revisions"}],"predecessor-version":[{"id":10276,"href":"https:\/\/xenum.com\/de\/wp-json\/wp\/v2\/pages\/9418\/revisions\/10276"}],"up":[{"embeddable":true,"href":"https:\/\/xenum.com\/de\/wp-json\/wp\/v2\/pages\/5918"}],"wp:featuredmedia":[{"embeddable":true,"href":"https:\/\/xenum.com\/de\/wp-json\/wp\/v2\/media\/998"}],"wp:attachment":[{"href":"https:\/\/xenum.com\/de\/wp-json\/wp\/v2\/media?parent=9418"}],"curies":[{"name":"wp","href":"https:\/\/api.w.org\/{rel}","templated":true}]}}