{"id":9384,"date":"2020-02-11T17:58:26","date_gmt":"2020-02-11T17:58:26","guid":{"rendered":"https:\/\/xenum.com\/?page_id=9384"},"modified":"2023-03-07T16:24:26","modified_gmt":"2023-03-07T15:24:26","slug":"pro-0w40","status":"publish","type":"page","link":"https:\/\/xenum.com\/de\/startseite\/produkte\/ole\/motor\/vollsynthetisch\/pro-0w40\/","title":{"rendered":"PRO 0W40"},"content":{"rendered":"<h2><strong>Beschreibung<\/strong><\/h2>\n<p>Synthetisches Hochleistungsmotoren\u00f6l, hergestellt aus speziell ausgew\u00e4hlten Grund\u00f6len mit hohem Viskosit\u00e4tsindex und einer ausgewogenen Auswahl an fortschrittlichen Additiven. Bietet optimalen Schutz und verl\u00e4ngert die Lebensdauer und Zuverl\u00e4ssigkeit des Motors. Kombiniert au\u00dfergew\u00f6hnliche Verschlei\u00dfschutzleistung und hervorragenden Schutz bei hohen Temperaturen mit hervorragenden Kaltstarteigenschaften.<\/p>\n<h2><strong>Eigenschaften<\/strong><\/h2>\n<ul>\n<li>Kraftstoffeinsparung und CO2-Reduzierung.<\/li>\n<li>Hoher und sehr stabiler Viskosit\u00e4tsindex.<\/li>\n<li>Sehr schneller Kaltstart.<\/li>\n<li>Sicherer Schmierfilm bei extremen Temperaturen.<\/li>\n<li>Flexible und verl\u00e4ngerte \u00d6lwechselintervalle.<\/li>\n<li>Hoher Schutz vor Verschlei\u00df.<\/li>\n<\/ul>\n<h2><strong>Anmeldung<\/strong><\/h2>\n<p>Alle 4-Takt-Benzinmotoren, 4-Ventil-Motoren mit Turboaufladung und 4-Takt-Dieselmotoren mit oder ohne Turbo. Dieses \u00d6l ist nicht f\u00fcr Dieselpartikelfilter geeignet.<\/p>\n<h3><strong>SPEZIFICATIONEN<\/strong><\/h3>\n<ul>\n<li>ACEA: A3\/B4<\/li>\n<li>API: SN<\/li>\n<li>BMW: LONGLIFE-01<\/li>\n<li>FORD: WSS-M2C937-A<\/li>\n<li>MB: 229.5<\/li>\n<li>PORSCHE: A40<\/li>\n<li>RENAULT: RN 0700<\/li>\n<li>RENAULT: RN 0710<\/li>\n<li>VW: 502 00, VW: 505 0<\/li>\n<\/ul>\n<h3 class=\"TDSSection\"><strong>Verpackung<\/strong><\/h3>\n<p>12X1L, 4X4L, 20L, 60L, 208L<\/p>\n","protected":false},"excerpt":{"rendered":"<p>Beschreibung Synthetisches Hochleistungsmotoren\u00f6l, hergestellt aus speziell ausgew\u00e4hlten Grund\u00f6len mit hohem Viskosit\u00e4tsindex und einer ausgewogenen Auswahl an fortschrittlichen Additiven. Bietet optimalen Schutz und verl\u00e4ngert die Lebensdauer und Zuverl\u00e4ssigkeit des Motors. Kombiniert au\u00dfergew\u00f6hnliche Verschlei\u00dfschutzleistung und hervorragenden Schutz bei hohen Temperaturen mit hervorragenden Kaltstarteigenschaften. Eigenschaften Kraftstoffeinsparung und CO2-Reduzierung. Hoher und sehr stabiler Viskosit\u00e4tsindex. Sehr schneller Kaltstart. Sicherer Schmierfilm [&hellip;]<\/p>\n","protected":false},"author":9,"featured_media":9487,"parent":9451,"menu_order":0,"comment_status":"closed","ping_status":"closed","template":"product-page.php","meta":{"_acf_changed":false,"inline_featured_image":false,"footnotes":""},"class_list":["post-9384","page","type-page","status-publish","has-post-thumbnail","hentry"],"acf":[],"_links":{"self":[{"href":"https:\/\/xenum.com\/de\/wp-json\/wp\/v2\/pages\/9384","targetHints":{"allow":["GET"]}}],"collection":[{"href":"https:\/\/xenum.com\/de\/wp-json\/wp\/v2\/pages"}],"about":[{"href":"https:\/\/xenum.com\/de\/wp-json\/wp\/v2\/types\/page"}],"author":[{"embeddable":true,"href":"https:\/\/xenum.com\/de\/wp-json\/wp\/v2\/users\/9"}],"replies":[{"embeddable":true,"href":"https:\/\/xenum.com\/de\/wp-json\/wp\/v2\/comments?post=9384"}],"version-history":[{"count":9,"href":"https:\/\/xenum.com\/de\/wp-json\/wp\/v2\/pages\/9384\/revisions"}],"predecessor-version":[{"id":20855,"href":"https:\/\/xenum.com\/de\/wp-json\/wp\/v2\/pages\/9384\/revisions\/20855"}],"up":[{"embeddable":true,"href":"https:\/\/xenum.com\/de\/wp-json\/wp\/v2\/pages\/9451"}],"wp:featuredmedia":[{"embeddable":true,"href":"https:\/\/xenum.com\/de\/wp-json\/wp\/v2\/media\/9487"}],"wp:attachment":[{"href":"https:\/\/xenum.com\/de\/wp-json\/wp\/v2\/media?parent=9384"}],"curies":[{"name":"wp","href":"https:\/\/api.w.org\/{rel}","templated":true}]}}