{"id":9276,"date":"2020-01-27T22:00:27","date_gmt":"2020-01-27T22:00:27","guid":{"rendered":"https:\/\/xenum.com\/?page_id=9276"},"modified":"2022-01-15T15:00:04","modified_gmt":"2022-01-15T14:00:04","slug":"4-way-flux","status":"publish","type":"page","link":"https:\/\/xenum.com\/de\/startseite\/produkte\/ausrustung\/gerate\/4-way-flux\/","title":{"rendered":"4-WAY Flux"},"content":{"rendered":"<p>Professionelles All-in-One-Ger\u00e4t f\u00fcr die Reinigung mehrerer interner Systeme im Fahrzeug.<\/p>\n<h2><strong>Reinigung des Ansaugtrakts<\/strong><\/h2>\n<ul>\n<li>Sowohl f\u00fcr Diesel- als auch f\u00fcr Benzinfahrzeuge geeignet<\/li>\n<li>H\u00e4lt das gesamte EGR\/Ansaugsystem sauber<\/li>\n<li>Verhindert die vollst\u00e4ndige Verstopfung von EGR-Ventil, Ansaugkr\u00fcmmer, Drosselklappe, ...<\/li>\n<li>L\u00f6st Kaugummi, Lack, Teer, Kohlenstoff und andere Ablagerungen<\/li>\n<li>L\u00e4sst den Motor ruhiger laufen<\/li>\n<li>Verbessert den Kraftstoffverbrauch<\/li>\n<\/ul>\n<p>Zus\u00e4tzliche Produkte erforderlich: <a href=\"https:\/\/xenum.com\/de\/startseite\/produkte\/ausrustung\/chemie-produkte\/i-flux-fluid\/\">I-FLUX FLUID<\/a><\/p>\n<p>Optional f\u00fcr Diesel: <a href=\"https:\/\/xenum.com\/de\/startseite\/produkte\/additive\/kraftstoff\/diesel-reiniger\/in-out-diesel\/\">In &amp; Out Diesel<\/a>, <a href=\"https:\/\/xenum.com\/de\/startseite\/produkte\/additive\/kraftstoff\/diesel-reiniger\/full-detox-pro\/\">Full Detox Pro<\/a>\u00a0OR <a href=\"https:\/\/xenum.com\/de\/startseite\/produkte\/additive\/kraftstoff\/diesel-reiniger\/ultimax-diesel\/\">Ultimax Diesel<\/a><\/p>\n<p>Wahlweise f\u00fcr Benzin: <a href=\"https:\/\/xenum.com\/de\/startseite\/produkte\/additive\/kraftstoff\/benzin-reiniger\/in-out-petrol\/\">In &amp; Out Petrol<\/a>, <a href=\"https:\/\/xenum.com\/de\/startseite\/produkte\/additive\/kraftstoff\/benzin-reiniger\/ultimax-petrol-conditioner\/\">Ultimax Petrol<\/a><\/p>\n<h2><strong>Reinigung der Einspritzung<\/strong><\/h2>\n<ul>\n<li>Sowohl f\u00fcr Diesel- als auch f\u00fcr Benzinfahrzeuge geeignet<\/li>\n<li>H\u00e4lt die Einspritzd\u00fcsen und die Pumpe sauber<\/li>\n<li>Vermeidet mechanische Sch\u00e4den am Einspritzsystem<\/li>\n<li>Erh\u00f6hte Leistung, verbesserte Dynamik des Motors<\/li>\n<li>H\u00f6herer Kraftstoffverbrauch<\/li>\n<li>Ruhigerer Motorlauf, weniger L\u00e4rm und Vibrationen<\/li>\n<li>Verbesserte Leistung und Effizienz<\/li>\n<li>Sch\u00fctzt das Kraftstoffsystem vor Korrosion<\/li>\n<li>Ru\u00dfkatalysator, um Turbo, EGR, CAT und Ru\u00dffilter frei von Ru\u00df zu halten<\/li>\n<\/ul>\n<p>Zus\u00e4tzliche Produkte erforderlich: <a href=\"https:\/\/xenum.com\/de\/startseite\/produkte\/additive\/kraftstoff\/diesel-reiniger\/x-flush\/\">X-Flush Diesel<\/a> \/ X-Flush Petrol<\/p>\n<h2>DPF Cleaning<\/h2>\n<ul>\n<li>Reinigt und entfernt Ru\u00df- und Kohlenstoffablagerungen von den por\u00f6sen Wabenstrukturen im DPF<\/li>\n<li>Verhindert wiederholte Ru\u00dfablagerungen im Partikelfilter<\/li>\n<li>Nicht entflammbare, wasserbasierte Fl\u00fcssigkeit<\/li>\n<li>Metallfreie Reinigungsfl\u00fcssigkeit, die keine R\u00fcckst\u00e4nde hinterl\u00e4sst<\/li>\n<li>Stellt die ordnungsgem\u00e4\u00dfe Funktion des Dieselpartikelfilters wieder her<\/li>\n<li>Verbessert die Zuverl\u00e4ssigkeit von Motor und DPF<\/li>\n<li>Kann zur Reinigung von EGR-Ventil und Turbo mit zus\u00e4tzlichem Anschluss verwendet werden.<\/li>\n<\/ul>\n<p>Zus\u00e4tzliche Produkte erforderlich: <a href=\"https:\/\/xenum.com\/de\/startseite\/produkte\/ausrustung\/chemie-produkte\/dpf-flush-step-1\/\">DPF Flush - Step 1<\/a>, <a href=\"https:\/\/xenum.com\/de\/startseite\/produkte\/ausrustung\/chemie-produkte\/dpf-flush-step-2\/\">DPF Flush - Step 2<\/a> und <a href=\"https:\/\/xenum.com\/en\/home\/products\/equipment\/products\/nexgen-dpf-coating-dpf-flush-step-3\/\">NEXGEN DPF Coating - DPF Flush Step 3<\/a>.<\/p>\n<p>Optional f\u00fcr Diesel: <a href=\"https:\/\/xenum.com\/de\/startseite\/produkte\/additive\/kraftstoff\/diesel-reiniger\/in-out-diesel\/\">In &amp; Out Diesel<\/a>, <a href=\"https:\/\/xenum.com\/de\/startseite\/produkte\/additive\/kraftstoff\/diesel-reiniger\/full-detox-diesel\/\">Full Detox<\/a> oder <a href=\"https:\/\/xenum.com\/en\/home\/products\/additives\/fuel\/diesel-cleaners\/ultimax-diesel\/\">Ultimax Diesel<\/a><\/p>\n<h3><strong>Anleitung<\/strong><\/h3>\n<p>Lesen Sie das <a href=\"https:\/\/xenum.com\/downloads\/tds-msds-nr\/en\/4-way-flux_en_manual.pdf\">Handbuch<\/a> sorgf\u00e4ltig durch.<\/p>\n","protected":false},"excerpt":{"rendered":"<p>Professionelles All-in-One-Ger\u00e4t f\u00fcr die Reinigung mehrerer interner Systeme im Fahrzeug. Reinigung des Ansaugtrakts Sowohl f\u00fcr Diesel- als auch f\u00fcr Benzinfahrzeuge geeignet H\u00e4lt das gesamte EGR\/Ansaugsystem sauber Verhindert die vollst\u00e4ndige Verstopfung von EGR-Ventil, Ansaugkr\u00fcmmer, Drosselklappe, ... L\u00f6st Kaugummi, Lack, Teer, Kohlenstoff und andere Ablagerungen L\u00e4sst den Motor ruhiger laufen Verbessert den Kraftstoffverbrauch Zus\u00e4tzliche Produkte erforderlich: I-FLUX [&hellip;]<\/p>\n","protected":false},"author":1,"featured_media":7617,"parent":2442,"menu_order":0,"comment_status":"closed","ping_status":"closed","template":"product-page.php","meta":{"_acf_changed":false,"inline_featured_image":false,"footnotes":""},"class_list":["post-9276","page","type-page","status-publish","has-post-thumbnail","hentry"],"acf":[],"_links":{"self":[{"href":"https:\/\/xenum.com\/de\/wp-json\/wp\/v2\/pages\/9276","targetHints":{"allow":["GET"]}}],"collection":[{"href":"https:\/\/xenum.com\/de\/wp-json\/wp\/v2\/pages"}],"about":[{"href":"https:\/\/xenum.com\/de\/wp-json\/wp\/v2\/types\/page"}],"author":[{"embeddable":true,"href":"https:\/\/xenum.com\/de\/wp-json\/wp\/v2\/users\/1"}],"replies":[{"embeddable":true,"href":"https:\/\/xenum.com\/de\/wp-json\/wp\/v2\/comments?post=9276"}],"version-history":[{"count":6,"href":"https:\/\/xenum.com\/de\/wp-json\/wp\/v2\/pages\/9276\/revisions"}],"predecessor-version":[{"id":16230,"href":"https:\/\/xenum.com\/de\/wp-json\/wp\/v2\/pages\/9276\/revisions\/16230"}],"up":[{"embeddable":true,"href":"https:\/\/xenum.com\/de\/wp-json\/wp\/v2\/pages\/2442"}],"wp:featuredmedia":[{"embeddable":true,"href":"https:\/\/xenum.com\/de\/wp-json\/wp\/v2\/media\/7617"}],"wp:attachment":[{"href":"https:\/\/xenum.com\/de\/wp-json\/wp\/v2\/media?parent=9276"}],"curies":[{"name":"wp","href":"https:\/\/api.w.org\/{rel}","templated":true}]}}