{"id":8949,"date":"2019-06-21T16:49:27","date_gmt":"2019-06-21T16:49:27","guid":{"rendered":"https:\/\/xenum.com\/?page_id=8949"},"modified":"2024-09-12T10:12:13","modified_gmt":"2024-09-12T09:12:13","slug":"dpf-cleaner","status":"publish","type":"page","link":"https:\/\/xenum.com\/de\/startseite\/produkte\/wartung\/reiniger\/dpf-cleaner\/","title":{"rendered":"DPF Cleaner"},"content":{"rendered":"<p class=\"p1\">DPF Cleaner ist eine leistungsstarke L\u00f6sung, die speziell entwickelt wurde, um den Dieselpartikelfilter gr\u00fcndlich zu reinigen, ohne dass eine Demontage erforderlich ist. Dank seiner fortschrittlichen Formel werden Ru\u00df, Asche und andere Verunreinigungen effizient entfernt und die Leistungsf\u00e4higkeit sowie Funktionalit\u00e4t des DPF wiederhergestellt, wodurch seine Lebensdauer verl\u00e4ngert wird.<\/p>\n<h2><strong>Vorteile<\/strong><\/h2>\n<ul>\n<li>Reinigung ohne Demontage des DPF (Dieselpartikelfilter)<\/li>\n<li>Vermeidung von Leistungsverlusten<\/li>\n<li>Vermeidung von Problemen bei kurzen Fahrtstrecken.<\/li>\n<li>Verl\u00e4ngert die Lebensdauer des Dieselpartikelfilters<\/li>\n<\/ul>\n<h2><strong>Eigenschaften<\/strong><\/h2>\n<ul>\n<li>Ohne Metall<\/li>\n<li>Aschereiniger<\/li>\n<\/ul>\n<h2><strong>Anwendung<\/strong><\/h2>\n<p>Die Temperatur des Dieselpartikelfilters muss zwischen 20\u00b0C und 40\u00b0C liegen, wenn dieses Produkt verwendet wird.<\/p>\n<ul>\n<li>Entfernen Sie den Temperatur- oder Drucksensor aus dem Auspuffrohr direkt vor dem Dieselpartikelfilter.<\/li>\n<li>F\u00fchren Sie das Spritzd\u00fcsenrohr der Spraydose mit der Spr\u00fchrichtung zum Filter in die \u00d6ffnung ein.<\/li>\n<li>Spr\u00fchen Sie den Inhalt in den Filter und bewegen Sie w\u00e4hrend des Spr\u00fchens die D\u00fcse. Mindestens 30 Minuten einwirken lassen.<\/li>\n<li>Montieren Sie den Temperatur- oder Drucksensor wieder.<\/li>\n<li>Starten Sie den Motor, schmutziges Wasser (mit Ru\u00df und Asche verunreinigt) rinnt aus dem Auspuff. Lassen Sie den Motor im Leerlauf laufen, bis das Tropfen aufh\u00f6rt.<\/li>\n<li>Starten Sie die Regeneration durch einen 20 bis 30-min\u00fctigen Fahrtest, bei h\u00f6herer Geschwindigkeit (ca. 100\u00a0km\/h) und hohen Drehzahlen (3.000 U\/min).<\/li>\n<\/ul>\n<p>Lesen Sie den Bordcomputer aus und l\u00f6schen Sie, falls erforderlich, die Fehlermeldungen.<\/p>\n<h3>Verpackung<\/h3>\n<p>400 ml Spraydose (12 x 400 ml\/Karton) \u2013 REF. 4274400<\/p>\n","protected":false},"excerpt":{"rendered":"<p>DPF Cleaner ist eine leistungsstarke L\u00f6sung, die speziell entwickelt wurde, um den Dieselpartikelfilter gr\u00fcndlich zu reinigen, ohne dass eine Demontage erforderlich ist. Dank seiner fortschrittlichen Formel werden Ru\u00df, Asche und andere Verunreinigungen effizient entfernt und die Leistungsf\u00e4higkeit sowie Funktionalit\u00e4t des DPF wiederhergestellt, wodurch seine Lebensdauer verl\u00e4ngert wird. Vorteile Reinigung ohne Demontage des DPF (Dieselpartikelfilter) Vermeidung [&hellip;]<\/p>\n","protected":false},"author":1,"featured_media":8919,"parent":2371,"menu_order":0,"comment_status":"closed","ping_status":"closed","template":"product-page.php","meta":{"_acf_changed":false,"inline_featured_image":false,"footnotes":""},"class_list":["post-8949","page","type-page","status-publish","has-post-thumbnail","hentry"],"acf":[],"_links":{"self":[{"href":"https:\/\/xenum.com\/de\/wp-json\/wp\/v2\/pages\/8949","targetHints":{"allow":["GET"]}}],"collection":[{"href":"https:\/\/xenum.com\/de\/wp-json\/wp\/v2\/pages"}],"about":[{"href":"https:\/\/xenum.com\/de\/wp-json\/wp\/v2\/types\/page"}],"author":[{"embeddable":true,"href":"https:\/\/xenum.com\/de\/wp-json\/wp\/v2\/users\/1"}],"replies":[{"embeddable":true,"href":"https:\/\/xenum.com\/de\/wp-json\/wp\/v2\/comments?post=8949"}],"version-history":[{"count":2,"href":"https:\/\/xenum.com\/de\/wp-json\/wp\/v2\/pages\/8949\/revisions"}],"predecessor-version":[{"id":25589,"href":"https:\/\/xenum.com\/de\/wp-json\/wp\/v2\/pages\/8949\/revisions\/25589"}],"up":[{"embeddable":true,"href":"https:\/\/xenum.com\/de\/wp-json\/wp\/v2\/pages\/2371"}],"wp:featuredmedia":[{"embeddable":true,"href":"https:\/\/xenum.com\/de\/wp-json\/wp\/v2\/media\/8919"}],"wp:attachment":[{"href":"https:\/\/xenum.com\/de\/wp-json\/wp\/v2\/media?parent=8949"}],"curies":[{"name":"wp","href":"https:\/\/api.w.org\/{rel}","templated":true}]}}