{"id":7453,"date":"2018-11-12T15:13:37","date_gmt":"2018-11-12T15:13:37","guid":{"rendered":"https:\/\/xenum.com\/?page_id=7453"},"modified":"2023-09-29T10:02:31","modified_gmt":"2023-09-29T09:02:31","slug":"x1-0w30","status":"publish","type":"page","link":"https:\/\/xenum.com\/de\/startseite\/produkte\/ole\/motor\/ester-hybrid\/x1-0w30\/","title":{"rendered":"X1 0W30"},"content":{"rendered":"<p>Synthetisches High-Performance-\u00d6l mit der Ester-Hybrid Technologie. Beg\u00fcnstigt optimalen Schutz, verl\u00e4ngerte Motorlaufzeit und Zuverl\u00e4ssigkeit. \u00dcbersteigt die Anspr\u00fcche von nahezu allen Motorenherstellern, hat haben somit einen breiten Anwendungsbereich. Kombiniert au\u00dfergew\u00f6hnliche AntiAbnutzungs-Performancemit herausragen dem Schutz bei hohen Temperaturen, sowie exzellente Kaltstarteigenschaften.<\/p>\n<h2><strong>Eigenschaften<\/strong><\/h2>\n<ul>\n<li>Kraftstoffersparnis und verringerte Schadstoffwerte (CO\u00b2).<\/li>\n<li>Sehr stabiles Viskosit\u00e4tsverhalten.<\/li>\n<li>Eine gute Scherstabilit\u00e4t<\/li>\n<li>Sehr gute Kaltstart Eigenschaften.<\/li>\n<li>Sehr starken Schutz gegen Oxydation.<\/li>\n<li>Ein sicherer Schmierfilm bei hohen Betriebstemperaturen.<\/li>\n<li>Sehr gute detergierende und dispergierende Eigenschaften.<\/li>\n<li>Weitgehender Schutz vor Verschlei\u00df, Korrosion und Schaumbildung.<\/li>\n<\/ul>\n<h2><strong>Anwendung<\/strong><\/h2>\n<p>Dieser Leichtlauf Motoren\u00f6l ist geeignet f\u00fcr moderne Benzin- und Dieselmotoren, auch mit Turbolader in PKW und Transportern.<\/p>\n<h2><strong>Spezifikationen<\/strong><\/h2>\n<ul>\n<li>ACEA C2\/C3<\/li>\n<li>API SN\/CF<\/li>\n<li>VW 504.00\/507.00<\/li>\n<li>BMW Longlife-04<\/li>\n<li>Porsche C30<\/li>\n<li>MB 229.31 \/ 229.51 \/ 229.52<\/li>\n<li>Fiat 955535.GS1\/955535.DS1<\/li>\n<\/ul>\n<h3><strong>Erh\u00e4ltlich in<\/strong><\/h3>\n<p>12X1L, 4X4L, 4X5L<\/p>\n","protected":false},"excerpt":{"rendered":"<p>Synthetisches High-Performance-\u00d6l mit der Ester-Hybrid Technologie. Beg\u00fcnstigt optimalen Schutz, verl\u00e4ngerte Motorlaufzeit und Zuverl\u00e4ssigkeit. \u00dcbersteigt die Anspr\u00fcche von nahezu allen Motorenherstellern, hat haben somit einen breiten Anwendungsbereich. Kombiniert au\u00dfergew\u00f6hnliche AntiAbnutzungs-Performancemit herausragen dem Schutz bei hohen Temperaturen, sowie exzellente Kaltstarteigenschaften. Eigenschaften Kraftstoffersparnis und verringerte Schadstoffwerte (CO\u00b2). Sehr stabiles Viskosit\u00e4tsverhalten. Eine gute Scherstabilit\u00e4t Sehr gute Kaltstart Eigenschaften. Sehr [&hellip;]<\/p>\n","protected":false},"author":1,"featured_media":10105,"parent":9331,"menu_order":1,"comment_status":"closed","ping_status":"closed","template":"product-page.php","meta":{"_acf_changed":false,"inline_featured_image":false,"footnotes":""},"class_list":["post-7453","page","type-page","status-publish","has-post-thumbnail","hentry"],"acf":[],"_links":{"self":[{"href":"https:\/\/xenum.com\/de\/wp-json\/wp\/v2\/pages\/7453","targetHints":{"allow":["GET"]}}],"collection":[{"href":"https:\/\/xenum.com\/de\/wp-json\/wp\/v2\/pages"}],"about":[{"href":"https:\/\/xenum.com\/de\/wp-json\/wp\/v2\/types\/page"}],"author":[{"embeddable":true,"href":"https:\/\/xenum.com\/de\/wp-json\/wp\/v2\/users\/1"}],"replies":[{"embeddable":true,"href":"https:\/\/xenum.com\/de\/wp-json\/wp\/v2\/comments?post=7453"}],"version-history":[{"count":6,"href":"https:\/\/xenum.com\/de\/wp-json\/wp\/v2\/pages\/7453\/revisions"}],"predecessor-version":[{"id":24512,"href":"https:\/\/xenum.com\/de\/wp-json\/wp\/v2\/pages\/7453\/revisions\/24512"}],"up":[{"embeddable":true,"href":"https:\/\/xenum.com\/de\/wp-json\/wp\/v2\/pages\/9331"}],"wp:featuredmedia":[{"embeddable":true,"href":"https:\/\/xenum.com\/de\/wp-json\/wp\/v2\/media\/10105"}],"wp:attachment":[{"href":"https:\/\/xenum.com\/de\/wp-json\/wp\/v2\/media?parent=7453"}],"curies":[{"name":"wp","href":"https:\/\/api.w.org\/{rel}","templated":true}]}}