{"id":7071,"date":"2018-09-06T07:45:26","date_gmt":"2018-09-06T07:45:26","guid":{"rendered":"https:\/\/xenum.com\/?page_id=7071"},"modified":"2024-07-12T08:54:29","modified_gmt":"2024-07-12T07:54:29","slug":"intake-pro-diesel","status":"publish","type":"page","link":"https:\/\/xenum.com\/de\/startseite\/produkte\/wartung\/motor\/intake-pro-diesel\/","title":{"rendered":"Intake Pro Diesel"},"content":{"rendered":"<p>Intake Pro Diesel ist ein fortschrittlicher und \u00e4u\u00dferst effizienter Reiniger f\u00fcr das Ansaugsystem. Seine leistungsstarke Formel reinigt das gesamte Ansaugsystem in weniger als 10 Minuten, ohne dass eine vollst\u00e4ndige Demontage erforderlich ist.<\/p>\n<h3><strong>Eigenschaften<\/strong><\/h3>\n<ul>\n<li>Entfernt aktiv Gummi, Lack, Teer, Kohlenstoffablagerungen und andere Ablagerungen<\/li>\n<li>Optimiert den Luftstrom f\u00fcr eine verbesserte Effizienz der Brennkammer<\/li>\n<li>Gew\u00e4hrleistet einen reibungslosen und stabilen Motorbetrieb<\/li>\n<li>Stellt die Motorleistung wieder her und erh\u00e4lt sie, optimiert den Kraftstoffverbrauch<\/li>\n<li>Verhindert und l\u00f6st Startprobleme<\/li>\n<li>Reduziert schwarze Abgasemissionen<\/li>\n<li>Verbessert die Funktionalit\u00e4t von Lambdasonden und DPF<\/li>\n<li>Kein Risiko von Detonationen<\/li>\n<\/ul>\n<h3><strong>Anwendung<\/strong><\/h3>\n<p>Zur effektiven Reinigung des Ansaugsystems. Intake Pro Diesel kann auf verschiedene Komponenten angewendet werden, einschlie\u00dflich des AGR-Ventils, des Leerlaufregelventils, der Drosselklappe und des Geh\u00e4uses, des elektronischen Drosselmoduls (ETM), des Drucksensors am Ansaugkr\u00fcmmer, der Einlassventile und des Kurbelgeh\u00e4useentl\u00fcftungssystems.<\/p>\n<h4><strong>Erh\u00e4ltlich in:<\/strong><\/h4>\n<p>500 ML \u2013 REF. 4045500<\/p>\n","protected":false},"excerpt":{"rendered":"<p>Intake Pro Diesel ist ein fortschrittlicher und \u00e4u\u00dferst effizienter Reiniger f\u00fcr das Ansaugsystem. Seine leistungsstarke Formel reinigt das gesamte Ansaugsystem in weniger als 10 Minuten, ohne dass eine vollst\u00e4ndige Demontage erforderlich ist. Eigenschaften Entfernt aktiv Gummi, Lack, Teer, Kohlenstoffablagerungen und andere Ablagerungen Optimiert den Luftstrom f\u00fcr eine verbesserte Effizienz der Brennkammer Gew\u00e4hrleistet einen reibungslosen und [&hellip;]<\/p>\n","protected":false},"author":4,"featured_media":7012,"parent":2402,"menu_order":0,"comment_status":"closed","ping_status":"closed","template":"product-page.php","meta":{"_acf_changed":false,"inline_featured_image":false,"footnotes":""},"class_list":["post-7071","page","type-page","status-publish","has-post-thumbnail","hentry"],"acf":[],"_links":{"self":[{"href":"https:\/\/xenum.com\/de\/wp-json\/wp\/v2\/pages\/7071","targetHints":{"allow":["GET"]}}],"collection":[{"href":"https:\/\/xenum.com\/de\/wp-json\/wp\/v2\/pages"}],"about":[{"href":"https:\/\/xenum.com\/de\/wp-json\/wp\/v2\/types\/page"}],"author":[{"embeddable":true,"href":"https:\/\/xenum.com\/de\/wp-json\/wp\/v2\/users\/4"}],"replies":[{"embeddable":true,"href":"https:\/\/xenum.com\/de\/wp-json\/wp\/v2\/comments?post=7071"}],"version-history":[{"count":8,"href":"https:\/\/xenum.com\/de\/wp-json\/wp\/v2\/pages\/7071\/revisions"}],"predecessor-version":[{"id":25420,"href":"https:\/\/xenum.com\/de\/wp-json\/wp\/v2\/pages\/7071\/revisions\/25420"}],"up":[{"embeddable":true,"href":"https:\/\/xenum.com\/de\/wp-json\/wp\/v2\/pages\/2402"}],"wp:featuredmedia":[{"embeddable":true,"href":"https:\/\/xenum.com\/de\/wp-json\/wp\/v2\/media\/7012"}],"wp:attachment":[{"href":"https:\/\/xenum.com\/de\/wp-json\/wp\/v2\/media?parent=7071"}],"curies":[{"name":"wp","href":"https:\/\/api.w.org\/{rel}","templated":true}]}}