{"id":5846,"date":"2018-02-23T09:27:38","date_gmt":"2018-02-23T09:27:38","guid":{"rendered":"https:\/\/xenum.com\/?page_id=5846"},"modified":"2024-06-26T14:50:53","modified_gmt":"2024-06-26T13:50:53","slug":"x-wipes","status":"publish","type":"page","link":"https:\/\/xenum.com\/de\/startseite\/produkte\/wartung\/reiniger\/x-wipes\/","title":{"rendered":"X-Wipes"},"content":{"rendered":"<p class=\"p2\">X-Wipes sind hochwirksame Reinigungst\u00fccher, die speziell f\u00fcr den Einsatz im Automobilbereich entwickelt wurden. Diese leistungsstarken T\u00fccher entfernen m\u00fchelos Silikon, Fett, \u00d6l und hartn\u00e4ckige Klebstoffe und bieten somit eine praktische und zuverl\u00e4ssige L\u00f6sung f\u00fcr verschiedene Reinigungsaufgaben.<\/p>\n<h3><strong>Eigenschaften<\/strong><\/h3>\n<ul>\n<li>Entfernt effektiv Silikon, Fett und \u00d6l<\/li>\n<li>Beseitigt hartn\u00e4ckige Klebstoffe f\u00fcr eine gr\u00fcndliche Reinigung<\/li>\n<li>Hinterl\u00e4sst r\u00fcckstandsfreie Oberfl\u00e4chen<\/li>\n<\/ul>\n<h3><strong>Anwendung<\/strong><\/h3>\n<p class=\"p2\">\u00d6ffnen Sie die Verpackung und entfernen Sie den Deckel des Beh\u00e4lters. F\u00fchren Sie die Ecke eines Tuchs aus der Mitte der Rolle durch die \u00d6ffnung im Deckel, und achten Sie darauf, Ihren Finger nicht durchzudr\u00fccken. Setzen Sie den Deckel fest auf den Beh\u00e4lter. Denken Sie daran, den Deckel zwischen den Anwendungen immer zu schlie\u00dfen, um Feuchtigkeitsverlust zu vermeiden. Bitte beachten Sie, dass die Lagerung von X-Wipes bei extremen Temperaturen ihre Leistung beeintr\u00e4chtigen kann.<\/p>\n<h4><strong>\u0415rh\u00e4ltlich in:<\/strong><\/h4>\n<p class=\"p2\">80 ST\u00dcCK\/BEH\u00c4LTER<\/p>\n","protected":false},"excerpt":{"rendered":"<p>X-Wipes sind hochwirksame Reinigungst\u00fccher, die speziell f\u00fcr den Einsatz im Automobilbereich entwickelt wurden. Diese leistungsstarken T\u00fccher entfernen m\u00fchelos Silikon, Fett, \u00d6l und hartn\u00e4ckige Klebstoffe und bieten somit eine praktische und zuverl\u00e4ssige L\u00f6sung f\u00fcr verschiedene Reinigungsaufgaben. Eigenschaften Entfernt effektiv Silikon, Fett und \u00d6l Beseitigt hartn\u00e4ckige Klebstoffe f\u00fcr eine gr\u00fcndliche Reinigung Hinterl\u00e4sst r\u00fcckstandsfreie Oberfl\u00e4chen Anwendung \u00d6ffnen Sie [&hellip;]<\/p>\n","protected":false},"author":4,"featured_media":5832,"parent":2371,"menu_order":0,"comment_status":"closed","ping_status":"closed","template":"product-page.php","meta":{"_acf_changed":false,"inline_featured_image":false,"footnotes":""},"class_list":["post-5846","page","type-page","status-publish","has-post-thumbnail","hentry"],"acf":[],"_links":{"self":[{"href":"https:\/\/xenum.com\/de\/wp-json\/wp\/v2\/pages\/5846","targetHints":{"allow":["GET"]}}],"collection":[{"href":"https:\/\/xenum.com\/de\/wp-json\/wp\/v2\/pages"}],"about":[{"href":"https:\/\/xenum.com\/de\/wp-json\/wp\/v2\/types\/page"}],"author":[{"embeddable":true,"href":"https:\/\/xenum.com\/de\/wp-json\/wp\/v2\/users\/4"}],"replies":[{"embeddable":true,"href":"https:\/\/xenum.com\/de\/wp-json\/wp\/v2\/comments?post=5846"}],"version-history":[{"count":5,"href":"https:\/\/xenum.com\/de\/wp-json\/wp\/v2\/pages\/5846\/revisions"}],"predecessor-version":[{"id":25342,"href":"https:\/\/xenum.com\/de\/wp-json\/wp\/v2\/pages\/5846\/revisions\/25342"}],"up":[{"embeddable":true,"href":"https:\/\/xenum.com\/de\/wp-json\/wp\/v2\/pages\/2371"}],"wp:featuredmedia":[{"embeddable":true,"href":"https:\/\/xenum.com\/de\/wp-json\/wp\/v2\/media\/5832"}],"wp:attachment":[{"href":"https:\/\/xenum.com\/de\/wp-json\/wp\/v2\/media?parent=5846"}],"curies":[{"name":"wp","href":"https:\/\/api.w.org\/{rel}","templated":true}]}}