{"id":4337,"date":"2017-08-31T19:37:45","date_gmt":"2017-08-31T19:37:45","guid":{"rendered":"https:\/\/xenum.com\/?page_id=4337"},"modified":"2023-06-22T08:15:46","modified_gmt":"2023-06-22T07:15:46","slug":"xa-tran-8g","status":"publish","type":"page","link":"https:\/\/xenum.com\/de\/startseite\/produkte\/ole\/getriebe\/automatikgetriebe\/xa-tran-8g\/","title":{"rendered":"XA-TRAN 8G"},"content":{"rendered":"<p>XA-TRAN 8G ist ein Premium-Automatikgetriebe\u00f6l, das aus hochviskosen synthetischen Grund\u00f6len und einer sorgf\u00e4ltig ausgew\u00e4hlten Mischung fortschrittlicher Additive hergestellt wird. Es bietet hervorragenden Schutz vor Verschlei\u00df und Reibung, verbessert die Kraftstoffeffizienz und verl\u00e4ngert die \u00d6lwechselintervalle.<\/p>\n<h2><strong>EIGENSCHAFTEN<\/strong><\/h2>\n<ul>\n<li>Tr\u00e4gt zur Optimierung der Kraftstoffeffizienz bei<\/li>\n<li>Bietet hervorragende Schmierung und Schutz vor Verschlei\u00df<\/li>\n<li>Zeigt au\u00dfergew\u00f6hnliche Oxidations- und Schaumbildungstoleranz<\/li>\n<li>Beh\u00e4lt einen hohen und stabilen Viskosit\u00e4tsindex bei, auch bei hohen Temperaturen<\/li>\n<li>Verl\u00e4ngert die \u00d6lwechselintervalle<\/li>\n<\/ul>\n<h2><strong>ANWENDUNG<\/strong><\/h2>\n<p>Speziell entwickelt f\u00fcr die Schmierung von ZF 8HP-Getrieben, einschlie\u00dflich 8HP45, 8HP55, 8HP70 und 8HP90. Dar\u00fcber hinaus kann es in bestimmten ZF 6HP-Getrieben in verschiedenen VAG-Modellen verwendet werden.<\/p>\n<h3><strong>SPEZIFIKATIONEN<\/strong><\/h3>\n<ul>\n<li>ZF 8 HP<\/li>\n<li>BMW: 83222152426<\/li>\n<li>CHRYSLER: 68157995AA<\/li>\n<li>FIAT: 9.55550-AV5<\/li>\n<li>JAGUAR: 02JDE26444<\/li>\n<li>LAND ROVER: LR023288<\/li>\n<li>VW 060 162<\/li>\n<\/ul>\n<h3><strong>VERPACKUNG<\/strong><\/h3>\n<p>12X1L, 4X4L, 4X5L, 20L, 60L, 208L<\/p>\n","protected":false},"excerpt":{"rendered":"<p>XA-TRAN 8G ist ein Premium-Automatikgetriebe\u00f6l, das aus hochviskosen synthetischen Grund\u00f6len und einer sorgf\u00e4ltig ausgew\u00e4hlten Mischung fortschrittlicher Additive hergestellt wird. Es bietet hervorragenden Schutz vor Verschlei\u00df und Reibung, verbessert die Kraftstoffeffizienz und verl\u00e4ngert die \u00d6lwechselintervalle. EIGENSCHAFTEN Tr\u00e4gt zur Optimierung der Kraftstoffeffizienz bei Bietet hervorragende Schmierung und Schutz vor Verschlei\u00df Zeigt au\u00dfergew\u00f6hnliche Oxidations- und Schaumbildungstoleranz Beh\u00e4lt einen [&hellip;]<\/p>\n","protected":false},"author":1,"featured_media":9737,"parent":730,"menu_order":0,"comment_status":"closed","ping_status":"closed","template":"product-page.php","meta":{"_acf_changed":false,"inline_featured_image":false,"footnotes":""},"class_list":["post-4337","page","type-page","status-publish","has-post-thumbnail","hentry"],"acf":[],"_links":{"self":[{"href":"https:\/\/xenum.com\/de\/wp-json\/wp\/v2\/pages\/4337","targetHints":{"allow":["GET"]}}],"collection":[{"href":"https:\/\/xenum.com\/de\/wp-json\/wp\/v2\/pages"}],"about":[{"href":"https:\/\/xenum.com\/de\/wp-json\/wp\/v2\/types\/page"}],"author":[{"embeddable":true,"href":"https:\/\/xenum.com\/de\/wp-json\/wp\/v2\/users\/1"}],"replies":[{"embeddable":true,"href":"https:\/\/xenum.com\/de\/wp-json\/wp\/v2\/comments?post=4337"}],"version-history":[{"count":5,"href":"https:\/\/xenum.com\/de\/wp-json\/wp\/v2\/pages\/4337\/revisions"}],"predecessor-version":[{"id":23282,"href":"https:\/\/xenum.com\/de\/wp-json\/wp\/v2\/pages\/4337\/revisions\/23282"}],"up":[{"embeddable":true,"href":"https:\/\/xenum.com\/de\/wp-json\/wp\/v2\/pages\/730"}],"wp:featuredmedia":[{"embeddable":true,"href":"https:\/\/xenum.com\/de\/wp-json\/wp\/v2\/media\/9737"}],"wp:attachment":[{"href":"https:\/\/xenum.com\/de\/wp-json\/wp\/v2\/media?parent=4337"}],"curies":[{"name":"wp","href":"https:\/\/api.w.org\/{rel}","templated":true}]}}