{"id":4263,"date":"2017-08-26T09:17:56","date_gmt":"2017-08-26T09:17:56","guid":{"rendered":"https:\/\/xenum.com\/?page_id=4263"},"modified":"2019-08-02T11:31:52","modified_gmt":"2019-08-02T11:31:52","slug":"in-out-petrol","status":"publish","type":"page","link":"https:\/\/xenum.com\/de\/startseite\/produkte\/additive\/kraftstoff\/benzin-reiniger\/in-out-petrol\/","title":{"rendered":"IN &#038; OUT Petrol"},"content":{"rendered":"<p>IN&amp;OUT Petrol ist ein professionelles Produkt der neuen Generation mit einem Einsatzfeld f\u00fcr alle Motoren. Es beeinflusst das Einspritzsystem, sowie den Treibstoff gleichzeitig mit<br \/>\ndem Reinigungsmittel f\u00fcr unerreichbare Effektivit\u00e4t.<\/p>\n<ul>\n<li>Das Einspritzsystem wird durch das Waschmittel mit unerreichbarer Effektivit\u00e4t gereinigt. Es beseitigt Ablagerungen im gesamten Treibstoffsystem wie z.B. Tank und Druckerh\u00f6hungspumpe, Einspritzpumpe, Einlassventile und Einspritzd\u00fcsen.<\/li>\n<li>Es oxidiert die Kohlenstoffablagerungen mit einem aktiven, sauerstoffreichen, polaren L\u00f6sungsmittelkomponenten. Sie warden die Brennr\u00e4ume, das Auspuffsystem, Turbolader, Partikelfilter und Katalysator effektiv und tief reinigen.<\/li>\n<\/ul>\n<h2><strong>Eigenschaften<\/strong><\/h2>\n<ul>\n<li>Es beseitigt Ablagerungen im gesamten Treibstoffsystem wie z.B. Tank und Druckerh\u00f6hungspumpe, Einspritzpumpe, Einlassventile und Einspritzd\u00fcsen.<\/li>\n<li>Stellt die ordnungsgem\u00e4\u00dfe Funktion des Turboverdichters wieder her und h\u00e4lt die Turbine sauber.<\/li>\n<li>Reinigt und erneuert die Kontrollger\u00e4te der Schadstoffausst\u00f6\u00dfe (Katalysator und Partikelfilter).<\/li>\n<\/ul>\n<h2><strong>Vorteile<\/strong><\/h2>\n<ul>\n<li>Optimierte Leistung, verbessertes Ansprechverhalten<\/li>\n<li>Ruhigerer Motorlauf, verringter L\u00e4rm und Vibrationen<\/li>\n<li>Verbesserte Zuverl\u00e4ssigkeit<\/li>\n<li>Spart Treibstoff<\/li>\n<li>Einschr\u00e4nkungsfreie Nutzung der von Katalysator und Partikelfilter<\/li>\n<li>Verminderter Schadstoffaussto\u00df<\/li>\n<\/ul>\n<h2><strong>Anwendung<\/strong><\/h2>\n<p>Sowohl zur Pr\u00e4vention als auch zur Probleml\u00f6sung einsetzbar. Es wird empfohlen IN &amp; OUT PETROL CLEANER bei jedem Serviceintervall zu nutzen. Es kann au\u00dferdem als Probleml\u00f6sung im Falle von hohem Verbrauch oder bei Motorfehlfunktionen genutzt werden. F\u00fcr alle Motorenarten (Direkteinspritzer und Indirekteinspritzer)<\/p>\n<h2><strong>Gebrauchsanweisung<\/strong><\/h2>\n<p>Diese Behandlung ben\u00f6tigt keinen Werkstattbesuch.Geben sie das Produkt in den Tank (1L) und tanken sie bis etwa 30-50L im Tank sind. Fahren sie das Fahrzeug unter hoher Belastung und mit hoher Drehzahl (&gt;4000U\/M). F\u00fcr optimale Ergebnisse wird empfohlen das Ansaugsystem mit <a href=\"https:\/\/xenum.com\/de\/indexde\/produkte\/wartung\/motor\/intake-pro\/\">Xenum INTAKE PRO<\/a> Spray zu reinigen. (REF. 4151500).<\/p>\n<h3><strong>Verpackung<\/strong><\/h3>\n<p>1 L Dose (6 x 1 L Karton)<\/p>\n","protected":false},"excerpt":{"rendered":"<p>IN&amp;OUT Petrol ist ein professionelles Produkt der neuen Generation mit einem Einsatzfeld f\u00fcr alle Motoren. Es beeinflusst das Einspritzsystem, sowie den Treibstoff gleichzeitig mit dem Reinigungsmittel f\u00fcr unerreichbare Effektivit\u00e4t. Das Einspritzsystem wird durch das Waschmittel mit unerreichbarer Effektivit\u00e4t gereinigt. Es beseitigt Ablagerungen im gesamten Treibstoffsystem wie z.B. Tank und Druckerh\u00f6hungspumpe, Einspritzpumpe, Einlassventile und Einspritzd\u00fcsen. Es [&hellip;]<\/p>\n","protected":false},"author":1,"featured_media":9049,"parent":1241,"menu_order":0,"comment_status":"closed","ping_status":"closed","template":"product-page.php","meta":{"_acf_changed":false,"inline_featured_image":false,"footnotes":""},"class_list":["post-4263","page","type-page","status-publish","has-post-thumbnail","hentry"],"acf":[],"_links":{"self":[{"href":"https:\/\/xenum.com\/de\/wp-json\/wp\/v2\/pages\/4263","targetHints":{"allow":["GET"]}}],"collection":[{"href":"https:\/\/xenum.com\/de\/wp-json\/wp\/v2\/pages"}],"about":[{"href":"https:\/\/xenum.com\/de\/wp-json\/wp\/v2\/types\/page"}],"author":[{"embeddable":true,"href":"https:\/\/xenum.com\/de\/wp-json\/wp\/v2\/users\/1"}],"replies":[{"embeddable":true,"href":"https:\/\/xenum.com\/de\/wp-json\/wp\/v2\/comments?post=4263"}],"version-history":[{"count":6,"href":"https:\/\/xenum.com\/de\/wp-json\/wp\/v2\/pages\/4263\/revisions"}],"predecessor-version":[{"id":7948,"href":"https:\/\/xenum.com\/de\/wp-json\/wp\/v2\/pages\/4263\/revisions\/7948"}],"up":[{"embeddable":true,"href":"https:\/\/xenum.com\/de\/wp-json\/wp\/v2\/pages\/1241"}],"wp:featuredmedia":[{"embeddable":true,"href":"https:\/\/xenum.com\/de\/wp-json\/wp\/v2\/media\/9049"}],"wp:attachment":[{"href":"https:\/\/xenum.com\/de\/wp-json\/wp\/v2\/media?parent=4263"}],"curies":[{"name":"wp","href":"https:\/\/api.w.org\/{rel}","templated":true}]}}