{"id":2833,"date":"2017-07-22T13:43:56","date_gmt":"2017-07-22T13:43:56","guid":{"rendered":"https:\/\/xenum.com\/?page_id=2833"},"modified":"2022-06-02T08:46:52","modified_gmt":"2022-06-02T07:46:52","slug":"dpf-flush","status":"publish","type":"page","link":"https:\/\/xenum.com\/de\/startseite\/produkte\/ausrustung\/gerate\/dpf-flush\/","title":{"rendered":"DPF FLUSH"},"content":{"rendered":"<p>DPF FLUSH ist ein professionelles Produkt zur Verwendung mit XENUM DPF Cleaning Tool. Ein Zwei-Schritt-Verfahren zum Reinigen von verstopften Dieselpartikelfiltern ohne Demontage und ohne die hohen Kosten f\u00fcr das Wechseln des DPFs.<\/p>\n<h2><strong>Eigenschaften<\/strong><\/h2>\n<ul>\n<li>Reinigt und entfernt Ru\u00df und Kohlestoff-Ablagerungen von por\u00f6sen Wabenstrukturen wie diejenigen des DPFs<\/li>\n<li>Verhindert die wiederholte Bildung von Ru\u00dfbel\u00e4gen im Partikelfilter<\/li>\n<li>Keine brennbare Fl\u00fcssigkeit auf Wasserbasis<\/li>\n<li>Metallfreie Reinigungsfl\u00fcssigkeit, hinterl\u00e4sst keine R\u00fcckst\u00e4nde<\/li>\n<li>Wiederherstellung der normalen DPF-Funktion<\/li>\n<li>Verbesserte Motor- und DPF-Zuverl\u00e4ssigkeit<\/li>\n<\/ul>\n<h2><strong>Anwendungsbereiche<\/strong><\/h2>\n<ul>\n<li>Verwenden Sie das Produkt, wenn eine Verstopfung des Dieselpartikelfilters vorliegt.<\/li>\n<li>Geeignet f\u00fcr Einsatz in allen Typen von Dieselmotoren mit Dieselpartikelfilter und Katalysator.<\/li>\n<\/ul>\n<h3><strong>\u0415rh\u00e4ltlich in<\/strong><\/h3>\n<p>DPF FLUSH UNIT \u2013 REF. 8880003<\/p>\n<p>DPF FLUSH STEP 1 \u2013 1000 ML \u2013 REF. 6032001<\/p>\n<p>DPF FLUSH STEP 2 \u2013 1000 ML \u2013 REF.\u00a06049001<\/p>\n","protected":false},"excerpt":{"rendered":"<p>DPF FLUSH ist ein professionelles Produkt zur Verwendung mit XENUM DPF Cleaning Tool. Ein Zwei-Schritt-Verfahren zum Reinigen von verstopften Dieselpartikelfiltern ohne Demontage und ohne die hohen Kosten f\u00fcr das Wechseln des DPFs. Eigenschaften Reinigt und entfernt Ru\u00df und Kohlestoff-Ablagerungen von por\u00f6sen Wabenstrukturen wie diejenigen des DPFs Verhindert die wiederholte Bildung von Ru\u00dfbel\u00e4gen im Partikelfilter Keine [&hellip;]<\/p>\n","protected":false},"author":1,"featured_media":9249,"parent":2442,"menu_order":0,"comment_status":"closed","ping_status":"closed","template":"product-page.php","meta":{"_acf_changed":false,"inline_featured_image":false,"footnotes":""},"class_list":["post-2833","page","type-page","status-publish","has-post-thumbnail","hentry"],"acf":[],"_links":{"self":[{"href":"https:\/\/xenum.com\/de\/wp-json\/wp\/v2\/pages\/2833","targetHints":{"allow":["GET"]}}],"collection":[{"href":"https:\/\/xenum.com\/de\/wp-json\/wp\/v2\/pages"}],"about":[{"href":"https:\/\/xenum.com\/de\/wp-json\/wp\/v2\/types\/page"}],"author":[{"embeddable":true,"href":"https:\/\/xenum.com\/de\/wp-json\/wp\/v2\/users\/1"}],"replies":[{"embeddable":true,"href":"https:\/\/xenum.com\/de\/wp-json\/wp\/v2\/comments?post=2833"}],"version-history":[{"count":6,"href":"https:\/\/xenum.com\/de\/wp-json\/wp\/v2\/pages\/2833\/revisions"}],"predecessor-version":[{"id":17994,"href":"https:\/\/xenum.com\/de\/wp-json\/wp\/v2\/pages\/2833\/revisions\/17994"}],"up":[{"embeddable":true,"href":"https:\/\/xenum.com\/de\/wp-json\/wp\/v2\/pages\/2442"}],"wp:featuredmedia":[{"embeddable":true,"href":"https:\/\/xenum.com\/de\/wp-json\/wp\/v2\/media\/9249"}],"wp:attachment":[{"href":"https:\/\/xenum.com\/de\/wp-json\/wp\/v2\/media?parent=2833"}],"curies":[{"name":"wp","href":"https:\/\/api.w.org\/{rel}","templated":true}]}}