{"id":2714,"date":"2017-07-22T13:06:53","date_gmt":"2017-07-22T13:06:53","guid":{"rendered":"https:\/\/xenum.com\/?page_id=2714"},"modified":"2023-10-17T09:29:55","modified_gmt":"2023-10-17T08:29:55","slug":"chain-pro","status":"publish","type":"page","link":"https:\/\/xenum.com\/de\/startseite\/produkte\/wartung\/schmiermittel\/chain-pro\/","title":{"rendered":"Chain Pro"},"content":{"rendered":"<p>Chain Pro ist ein Hochleistungs-Ketten\u00f6l mit einer ultrapenetranten und korrosionshemmenden synthetischen Formel. Es bietet au\u00dfergew\u00f6hnlichen Schutz f\u00fcr Ketten und gew\u00e4hrleistet optimale Leistung unter allen Umweltbedingungen.<\/p>\n<h3><strong>Eigenschaften<\/strong><\/h3>\n<ul>\n<li>Bietet zuverl\u00e4ssigen Schutz vor Rost und Korrosion<\/li>\n<li>Ultrapenetrante Formel f\u00fcr \u00fcberlegene Schmierung aller beweglichen Teile<\/li>\n<li>Bildet eine sch\u00fctzende wasserabweisende Schicht<\/li>\n<li>Breiter Temperaturbereich von -40\u00b0C bis +250\u00b0C<\/li>\n<li>Reagiert nicht mit nichtmetallischen Materialien wie Lack, Kunststoff und Gummi<\/li>\n<\/ul>\n<h3><strong>Anwendung<\/strong><\/h3>\n<p>Geeignet f\u00fcr Standardketten sowie O-RING-, X-RING- und Z-RING-Ketten. Ideal f\u00fcr den Einsatz in Motorr\u00e4dern, Go-Karts und industriellen Antrieben.<\/p>\n<h4><strong>\u0415rh\u00e4ltlich in:<\/strong><\/h4>\n<p>500 ML \u2013 REF. 4090500<\/p>\n","protected":false},"excerpt":{"rendered":"<p>Chain Pro ist ein Hochleistungs-Ketten\u00f6l mit einer ultrapenetranten und korrosionshemmenden synthetischen Formel. Es bietet au\u00dfergew\u00f6hnlichen Schutz f\u00fcr Ketten und gew\u00e4hrleistet optimale Leistung unter allen Umweltbedingungen. Eigenschaften Bietet zuverl\u00e4ssigen Schutz vor Rost und Korrosion Ultrapenetrante Formel f\u00fcr \u00fcberlegene Schmierung aller beweglichen Teile Bildet eine sch\u00fctzende wasserabweisende Schicht Breiter Temperaturbereich von -40\u00b0C bis +250\u00b0C Reagiert nicht mit [&hellip;]<\/p>\n","protected":false},"author":1,"featured_media":9029,"parent":2387,"menu_order":0,"comment_status":"closed","ping_status":"closed","template":"product-page.php","meta":{"_acf_changed":false,"inline_featured_image":false,"footnotes":""},"class_list":["post-2714","page","type-page","status-publish","has-post-thumbnail","hentry"],"acf":[],"_links":{"self":[{"href":"https:\/\/xenum.com\/de\/wp-json\/wp\/v2\/pages\/2714","targetHints":{"allow":["GET"]}}],"collection":[{"href":"https:\/\/xenum.com\/de\/wp-json\/wp\/v2\/pages"}],"about":[{"href":"https:\/\/xenum.com\/de\/wp-json\/wp\/v2\/types\/page"}],"author":[{"embeddable":true,"href":"https:\/\/xenum.com\/de\/wp-json\/wp\/v2\/users\/1"}],"replies":[{"embeddable":true,"href":"https:\/\/xenum.com\/de\/wp-json\/wp\/v2\/comments?post=2714"}],"version-history":[{"count":7,"href":"https:\/\/xenum.com\/de\/wp-json\/wp\/v2\/pages\/2714\/revisions"}],"predecessor-version":[{"id":24833,"href":"https:\/\/xenum.com\/de\/wp-json\/wp\/v2\/pages\/2714\/revisions\/24833"}],"up":[{"embeddable":true,"href":"https:\/\/xenum.com\/de\/wp-json\/wp\/v2\/pages\/2387"}],"wp:featuredmedia":[{"embeddable":true,"href":"https:\/\/xenum.com\/de\/wp-json\/wp\/v2\/media\/9029"}],"wp:attachment":[{"href":"https:\/\/xenum.com\/de\/wp-json\/wp\/v2\/media?parent=2714"}],"curies":[{"name":"wp","href":"https:\/\/api.w.org\/{rel}","templated":true}]}}