{"id":2698,"date":"2017-07-22T13:01:50","date_gmt":"2017-07-22T13:01:50","guid":{"rendered":"https:\/\/xenum.com\/?page_id=2698"},"modified":"2023-11-21T12:52:29","modified_gmt":"2023-11-21T11:52:29","slug":"deblock-shock","status":"publish","type":"page","link":"https:\/\/xenum.com\/de\/startseite\/produkte\/wartung\/schmiermittel\/deblock-shock\/","title":{"rendered":"Deblock SHOCK"},"content":{"rendered":"<p>DEBLOCK SHOCK ist ein leistungsstarker Spr\u00fchnebel, der entwickelt wurde, um m\u00fchelos verrostete, korrodierte und festsitzende Teile zu befreien. Sein einzigartiger schockgefrierende Effekt (bei einer Temperatur unter -43\u00b0C) erzeugt mikroskopische Risse in der korrodierten Schicht, was dem Produkt erm\u00f6glicht, Schmutz und Rost effektiv aufzul\u00f6sen und das blockierte Bauteil freizugeben.<\/p>\n<h3><strong>Eigenschaften<\/strong><\/h3>\n<ul>\n<li>Bietet eine schnelle und einfache L\u00f6sung f\u00fcr das Entfernen stark verrosteter Teile.<\/li>\n<li>L\u00f6st aktiv Schmutz und Rostablagerungen auf.<\/li>\n<li>Bildet eine sch\u00fctzende wasserfeste Schicht.<\/li>\n<li>Ultra-penetrative Formel.<\/li>\n<li>Verhindert Funktionsst\u00f6rungen von elektrischen Schaltungen.<\/li>\n<li>Silikonfrei.<\/li>\n<\/ul>\n<h3><strong>Anwendung<\/strong><\/h3>\n<p>Geeignet f\u00fcr verschiedene professionelle und DIY-Anwendungen. DEBLOCK SHOCK kann in industriellen, Werkstatt-, landwirtschaftlichen und maritimen Ger\u00e4ten sowie in Motorr\u00e4dern, Fahrr\u00e4dern und vielem mehr verwendet werden.<\/p>\n<h4><strong>Erh\u00e4ltlich in: <\/strong><\/h4>\n<p>500 ML \u2013 REF. 4076500<\/p>\n","protected":false},"excerpt":{"rendered":"<p>DEBLOCK SHOCK ist ein leistungsstarker Spr\u00fchnebel, der entwickelt wurde, um m\u00fchelos verrostete, korrodierte und festsitzende Teile zu befreien. Sein einzigartiger schockgefrierende Effekt (bei einer Temperatur unter -43\u00b0C) erzeugt mikroskopische Risse in der korrodierten Schicht, was dem Produkt erm\u00f6glicht, Schmutz und Rost effektiv aufzul\u00f6sen und das blockierte Bauteil freizugeben. Eigenschaften Bietet eine schnelle und einfache L\u00f6sung [&hellip;]<\/p>\n","protected":false},"author":4,"featured_media":9003,"parent":2387,"menu_order":0,"comment_status":"closed","ping_status":"closed","template":"product-page.php","meta":{"_acf_changed":false,"inline_featured_image":false,"footnotes":""},"class_list":["post-2698","page","type-page","status-publish","has-post-thumbnail","hentry"],"acf":[],"_links":{"self":[{"href":"https:\/\/xenum.com\/de\/wp-json\/wp\/v2\/pages\/2698","targetHints":{"allow":["GET"]}}],"collection":[{"href":"https:\/\/xenum.com\/de\/wp-json\/wp\/v2\/pages"}],"about":[{"href":"https:\/\/xenum.com\/de\/wp-json\/wp\/v2\/types\/page"}],"author":[{"embeddable":true,"href":"https:\/\/xenum.com\/de\/wp-json\/wp\/v2\/users\/4"}],"replies":[{"embeddable":true,"href":"https:\/\/xenum.com\/de\/wp-json\/wp\/v2\/comments?post=2698"}],"version-history":[{"count":6,"href":"https:\/\/xenum.com\/de\/wp-json\/wp\/v2\/pages\/2698\/revisions"}],"predecessor-version":[{"id":24974,"href":"https:\/\/xenum.com\/de\/wp-json\/wp\/v2\/pages\/2698\/revisions\/24974"}],"up":[{"embeddable":true,"href":"https:\/\/xenum.com\/de\/wp-json\/wp\/v2\/pages\/2387"}],"wp:featuredmedia":[{"embeddable":true,"href":"https:\/\/xenum.com\/de\/wp-json\/wp\/v2\/media\/9003"}],"wp:attachment":[{"href":"https:\/\/xenum.com\/de\/wp-json\/wp\/v2\/media?parent=2698"}],"curies":[{"name":"wp","href":"https:\/\/api.w.org\/{rel}","templated":true}]}}