{"id":2666,"date":"2017-07-22T12:50:42","date_gmt":"2017-07-22T12:50:42","guid":{"rendered":"https:\/\/xenum.com\/?page_id=2666"},"modified":"2023-11-22T14:57:16","modified_gmt":"2023-11-22T13:57:16","slug":"super-5-1","status":"publish","type":"page","link":"https:\/\/xenum.com\/de\/startseite\/produkte\/wartung\/schmiermittel\/super-5-1\/","title":{"rendered":"SUPER 5.1"},"content":{"rendered":"<p>SUPER 5.1 ist ein fortschrittliches Schmiermittel, das f\u00fcr au\u00dfergew\u00f6hnliche Schmierung und Schutz entwickelt wurde. Seine leistungsstarke Formel l\u00f6st effektiv Schmutz und Rost auf und eignet sich somit ideal, um Teile zu befreien, die aufgrund von Rost und Korrosion festsitzen.<\/p>\n<h3><strong>Eigenschaften<\/strong><\/h3>\n<ul>\n<li>Verringert Reibung und Verschlei\u00df an beweglichen Teilen<\/li>\n<li>L\u00f6st Schmutz und Rost effektiv auf<\/li>\n<li>Beseitigt Quietschen<\/li>\n<li>Hilft, elektrische St\u00f6rungen zu verhindern<\/li>\n<li>Bietet zuverl\u00e4ssigen Schutz vor Rost und Korrosion<\/li>\n<li>Bildet eine sch\u00fctzende wasserfeste Schicht<\/li>\n<li>Silikonfrei<\/li>\n<\/ul>\n<h3><strong>Anwendung<\/strong><\/h3>\n<p>Geeignet f\u00fcr verschiedene professionelle und Heimwerkeranwendungen. Kompatibel mit nicht-metallischen Materialien wie Lack, Kunststoff und Gummi.<\/p>\n<h4><strong>Erh\u00e4ltlich in: <\/strong><\/h4>\n<p>500 ML \u2013 REF. 4038500<\/p>\n","protected":false},"excerpt":{"rendered":"<p>SUPER 5.1 ist ein fortschrittliches Schmiermittel, das f\u00fcr au\u00dfergew\u00f6hnliche Schmierung und Schutz entwickelt wurde. Seine leistungsstarke Formel l\u00f6st effektiv Schmutz und Rost auf und eignet sich somit ideal, um Teile zu befreien, die aufgrund von Rost und Korrosion festsitzen. Eigenschaften Verringert Reibung und Verschlei\u00df an beweglichen Teilen L\u00f6st Schmutz und Rost effektiv auf Beseitigt Quietschen [&hellip;]<\/p>\n","protected":false},"author":4,"featured_media":9005,"parent":2387,"menu_order":0,"comment_status":"closed","ping_status":"closed","template":"product-page.php","meta":{"_acf_changed":false,"inline_featured_image":false,"footnotes":""},"class_list":["post-2666","page","type-page","status-publish","has-post-thumbnail","hentry"],"acf":[],"_links":{"self":[{"href":"https:\/\/xenum.com\/de\/wp-json\/wp\/v2\/pages\/2666","targetHints":{"allow":["GET"]}}],"collection":[{"href":"https:\/\/xenum.com\/de\/wp-json\/wp\/v2\/pages"}],"about":[{"href":"https:\/\/xenum.com\/de\/wp-json\/wp\/v2\/types\/page"}],"author":[{"embeddable":true,"href":"https:\/\/xenum.com\/de\/wp-json\/wp\/v2\/users\/4"}],"replies":[{"embeddable":true,"href":"https:\/\/xenum.com\/de\/wp-json\/wp\/v2\/comments?post=2666"}],"version-history":[{"count":6,"href":"https:\/\/xenum.com\/de\/wp-json\/wp\/v2\/pages\/2666\/revisions"}],"predecessor-version":[{"id":25005,"href":"https:\/\/xenum.com\/de\/wp-json\/wp\/v2\/pages\/2666\/revisions\/25005"}],"up":[{"embeddable":true,"href":"https:\/\/xenum.com\/de\/wp-json\/wp\/v2\/pages\/2387"}],"wp:featuredmedia":[{"embeddable":true,"href":"https:\/\/xenum.com\/de\/wp-json\/wp\/v2\/media\/9005"}],"wp:attachment":[{"href":"https:\/\/xenum.com\/de\/wp-json\/wp\/v2\/media?parent=2666"}],"curies":[{"name":"wp","href":"https:\/\/api.w.org\/{rel}","templated":true}]}}