{"id":2650,"date":"2017-07-22T12:45:17","date_gmt":"2017-07-22T12:45:17","guid":{"rendered":"https:\/\/xenum.com\/?page_id=2650"},"modified":"2023-11-22T15:21:09","modified_gmt":"2023-11-22T14:21:09","slug":"x-cut","status":"publish","type":"page","link":"https:\/\/xenum.com\/de\/startseite\/produkte\/wartung\/schmiermittel\/x-cut\/","title":{"rendered":"X-Cut"},"content":{"rendered":"<p>X-CUT ist ein Hochleistungs-Schneid\u00f6l, das entwickelt wurde, um eine ausgezeichnete Schmierung bei hohen Schnittgeschwindigkeiten zu bieten. Es verl\u00e4ngert die Lebensdauer von Schneidwerkzeugen.<\/p>\n<h3><strong>Eigenschaften<\/strong><\/h3>\n<ul>\n<li>Bietet au\u00dfergew\u00f6hnliche Schmierung bei hohen Schnittgeschwindigkeiten<\/li>\n<li>Verl\u00e4ngert die Lebensdauer von Schneidwerkzeugen<\/li>\n<li>Ultrapenetrationsf\u00e4higkeiten<\/li>\n<li>Liefert ein makelloses Finish<\/li>\n<\/ul>\n<h3><strong>Anwendung<\/strong><\/h3>\n<p>Geeignet f\u00fcr verschiedene Anwendungen, einschlie\u00dflich Bohren, S\u00e4gen und Gewindeschneiden von Metallen wie Stahl, Edelstahl und den meisten Nichteisenmetallen.<\/p>\n<h4><strong>Erh\u00e4ltlich in:<\/strong><\/h4>\n<p>400 ML \u2013 REF. 4144400<\/p>\n","protected":false},"excerpt":{"rendered":"<p>X-CUT ist ein Hochleistungs-Schneid\u00f6l, das entwickelt wurde, um eine ausgezeichnete Schmierung bei hohen Schnittgeschwindigkeiten zu bieten. Es verl\u00e4ngert die Lebensdauer von Schneidwerkzeugen. Eigenschaften Bietet au\u00dfergew\u00f6hnliche Schmierung bei hohen Schnittgeschwindigkeiten Verl\u00e4ngert die Lebensdauer von Schneidwerkzeugen Ultrapenetrationsf\u00e4higkeiten Liefert ein makelloses Finish Anwendung Geeignet f\u00fcr verschiedene Anwendungen, einschlie\u00dflich Bohren, S\u00e4gen und Gewindeschneiden von Metallen wie Stahl, Edelstahl und [&hellip;]<\/p>\n","protected":false},"author":4,"featured_media":10117,"parent":2387,"menu_order":0,"comment_status":"closed","ping_status":"closed","template":"product-page.php","meta":{"_acf_changed":false,"inline_featured_image":false,"footnotes":""},"class_list":["post-2650","page","type-page","status-publish","has-post-thumbnail","hentry"],"acf":[],"_links":{"self":[{"href":"https:\/\/xenum.com\/de\/wp-json\/wp\/v2\/pages\/2650","targetHints":{"allow":["GET"]}}],"collection":[{"href":"https:\/\/xenum.com\/de\/wp-json\/wp\/v2\/pages"}],"about":[{"href":"https:\/\/xenum.com\/de\/wp-json\/wp\/v2\/types\/page"}],"author":[{"embeddable":true,"href":"https:\/\/xenum.com\/de\/wp-json\/wp\/v2\/users\/4"}],"replies":[{"embeddable":true,"href":"https:\/\/xenum.com\/de\/wp-json\/wp\/v2\/comments?post=2650"}],"version-history":[{"count":4,"href":"https:\/\/xenum.com\/de\/wp-json\/wp\/v2\/pages\/2650\/revisions"}],"predecessor-version":[{"id":25032,"href":"https:\/\/xenum.com\/de\/wp-json\/wp\/v2\/pages\/2650\/revisions\/25032"}],"up":[{"embeddable":true,"href":"https:\/\/xenum.com\/de\/wp-json\/wp\/v2\/pages\/2387"}],"wp:featuredmedia":[{"embeddable":true,"href":"https:\/\/xenum.com\/de\/wp-json\/wp\/v2\/media\/10117"}],"wp:attachment":[{"href":"https:\/\/xenum.com\/de\/wp-json\/wp\/v2\/media?parent=2650"}],"curies":[{"name":"wp","href":"https:\/\/api.w.org\/{rel}","templated":true}]}}